{"id":3689543,"date":"2025-10-13T13:38:48","date_gmt":"2025-10-13T17:38:48","guid":{"rendered":"https:\/\/stoic-curie.212-227-153-4.plesk.page\/product\/liros-slide-protect-xtr-zastita-3-6mm\/"},"modified":"2026-02-25T00:00:54","modified_gmt":"2026-02-25T00:00:54","slug":"liros-slide-protect-xtr-zastita-3-6mm","status":"publish","type":"product","link":"https:\/\/stoic-curie.212-227-153-4.plesk.page\/hr\/product\/liros-slide-protect-xtr-zastita-3-6mm\/","title":{"rendered":"Liros Slide Protect-xtr za\u0161tita, 3-6mm"},"content":{"rendered":"<p>Liros Slide Protect-xtr za\u0161tita, 3-6mm &#8211; <\/p>\n<p>LIROS Slide Protect-XTR pru\u017ea dodatnu za\u0161titu i \u0161titi od habanja u skretanjima i blokovima. Slide Protect-XTR nije pogodan za zaustavlja\u010de ili vitlove, jer nizak faktor hvatanja osigurava najmanje trenje.<\/p>\n<ul>\n<li>Faktor hvatanja 3<\/li>\n<li>Vrlo lako se spaja<\/li>\n<li>Najbolja otpornost na habanje i rezanje<\/li>\n<li>Pogodno za u\u017ee \u00c3\u0098 3-22 mm<\/li>\n<\/ul>\n<p>Materijal: Dyneema\u00c2\u00ae SK78 s XTR-premazom<\/p>\n","protected":false},"excerpt":{"rendered":"<p>Liros Slide Protect-xtr za\u0161tita, 3-6mm &#8211; LIROS Slide Protect-XTR pru\u017ea dodatnu za\u0161titu i \u0161titi od habanja u skretanjima i blokovima.<\/p>\n","protected":false},"featured_media":5942106,"comment_status":"closed","ping_status":"closed","template":"","meta":[],"product_brand":[3066],"product_cat":[1613,1767],"product_tag":[],"class_list":{"0":"post-3689543","1":"product","2":"type-product","3":"status-publish","4":"has-post-thumbnail","6":"product_brand-liros-hr","7":"product_cat-alati-za-rezanje","8":"product_cat-dyneema-konopi","10":"first","11":"instock","12":"shipping-taxable","13":"purchasable","14":"product-type-simple"},"_links":{"self":[{"href":"https:\/\/stoic-curie.212-227-153-4.plesk.page\/hr\/wp-json\/wp\/v2\/product\/3689543","targetHints":{"allow":["GET"]}}],"collection":[{"href":"https:\/\/stoic-curie.212-227-153-4.plesk.page\/hr\/wp-json\/wp\/v2\/product"}],"about":[{"href":"https:\/\/stoic-curie.212-227-153-4.plesk.page\/hr\/wp-json\/wp\/v2\/types\/product"}],"replies":[{"embeddable":true,"href":"https:\/\/stoic-curie.212-227-153-4.plesk.page\/hr\/wp-json\/wp\/v2\/comments?post=3689543"}],"version-history":[{"count":0,"href":"https:\/\/stoic-curie.212-227-153-4.plesk.page\/hr\/wp-json\/wp\/v2\/product\/3689543\/revisions"}],"wp:featuredmedia":[{"embeddable":true,"href":"https:\/\/stoic-curie.212-227-153-4.plesk.page\/hr\/wp-json\/wp\/v2\/media\/5942106"}],"wp:attachment":[{"href":"https:\/\/stoic-curie.212-227-153-4.plesk.page\/hr\/wp-json\/wp\/v2\/media?parent=3689543"}],"wp:term":[{"taxonomy":"product_brand","embeddable":true,"href":"https:\/\/stoic-curie.212-227-153-4.plesk.page\/hr\/wp-json\/wp\/v2\/product_brand?post=3689543"},{"taxonomy":"product_cat","embeddable":true,"href":"https:\/\/stoic-curie.212-227-153-4.plesk.page\/hr\/wp-json\/wp\/v2\/product_cat?post=3689543"},{"taxonomy":"product_tag","embeddable":true,"href":"https:\/\/stoic-curie.212-227-153-4.plesk.page\/hr\/wp-json\/wp\/v2\/product_tag?post=3689543"}],"curies":[{"name":"wp","href":"https:\/\/api.w.org\/{rel}","templated":true}]}}