{"id":3689558,"date":"2025-10-13T13:38:51","date_gmt":"2025-10-13T17:38:51","guid":{"rendered":"https:\/\/stoic-curie.212-227-153-4.plesk.page\/product\/elektricni-kabel-brodske-klase-1-x-4-41-mm-bijela\/"},"modified":"2026-02-25T00:00:54","modified_gmt":"2026-02-25T00:00:54","slug":"elektricni-kabel-brodske-klase-1-x-4-41-mm-bijela","status":"publish","type":"product","link":"https:\/\/stoic-curie.212-227-153-4.plesk.page\/hr\/product\/elektricni-kabel-brodske-klase-1-x-4-41-mm-bijela\/","title":{"rendered":"Elektricni kabel brodske klase 1 x 4 &#8211; 4,1 mm bijela"},"content":{"rendered":"<p>Elektricni kabel brodske klase 1 x 4 &#8211; 4,1 mm bijela &#8211; <\/p>\n<p>RI.Na. certificirani morski elektri\u010dni kabel za instalacije na \u010damcima. Klasa 5 IEC60228 pocin\u010dan bakar za maksimalnu za\u0161titu od korozije i elektrolice. Izvrsna fleksibilnost izolacijskog pla\u0161ta napravljenog od posebnog halogen-free, protivpo\u017earnog, UV i otpornih na ulje spojeva.<\/p>\n","protected":false},"excerpt":{"rendered":"<p>Elektricni kabel brodske klase 1 x 4 &#8211; 4,1 mm bijela &#8211; RI.Na. certificirani morski elektri\u010dni kabel za instalacije na<\/p>\n","protected":false},"featured_media":5942107,"comment_status":"closed","ping_status":"closed","template":"","meta":[],"product_brand":[2831],"product_cat":[1755],"product_tag":[],"class_list":{"0":"post-3689558","1":"product","2":"type-product","3":"status-publish","4":"has-post-thumbnail","6":"product_brand-blue-sea-systems-hr","7":"product_cat-elektricni-kabel","9":"first","10":"instock","11":"shipping-taxable","12":"purchasable","13":"product-type-simple"},"_links":{"self":[{"href":"https:\/\/stoic-curie.212-227-153-4.plesk.page\/hr\/wp-json\/wp\/v2\/product\/3689558","targetHints":{"allow":["GET"]}}],"collection":[{"href":"https:\/\/stoic-curie.212-227-153-4.plesk.page\/hr\/wp-json\/wp\/v2\/product"}],"about":[{"href":"https:\/\/stoic-curie.212-227-153-4.plesk.page\/hr\/wp-json\/wp\/v2\/types\/product"}],"replies":[{"embeddable":true,"href":"https:\/\/stoic-curie.212-227-153-4.plesk.page\/hr\/wp-json\/wp\/v2\/comments?post=3689558"}],"version-history":[{"count":0,"href":"https:\/\/stoic-curie.212-227-153-4.plesk.page\/hr\/wp-json\/wp\/v2\/product\/3689558\/revisions"}],"wp:featuredmedia":[{"embeddable":true,"href":"https:\/\/stoic-curie.212-227-153-4.plesk.page\/hr\/wp-json\/wp\/v2\/media\/5942107"}],"wp:attachment":[{"href":"https:\/\/stoic-curie.212-227-153-4.plesk.page\/hr\/wp-json\/wp\/v2\/media?parent=3689558"}],"wp:term":[{"taxonomy":"product_brand","embeddable":true,"href":"https:\/\/stoic-curie.212-227-153-4.plesk.page\/hr\/wp-json\/wp\/v2\/product_brand?post=3689558"},{"taxonomy":"product_cat","embeddable":true,"href":"https:\/\/stoic-curie.212-227-153-4.plesk.page\/hr\/wp-json\/wp\/v2\/product_cat?post=3689558"},{"taxonomy":"product_tag","embeddable":true,"href":"https:\/\/stoic-curie.212-227-153-4.plesk.page\/hr\/wp-json\/wp\/v2\/product_tag?post=3689558"}],"curies":[{"name":"wp","href":"https:\/\/api.w.org\/{rel}","templated":true}]}}