{"id":3689574,"date":"2025-10-13T13:38:56","date_gmt":"2025-10-13T17:38:56","guid":{"rendered":"https:\/\/stoic-curie.212-227-153-4.plesk.page\/product\/rucna-kaljuzna-pumpa-seaflo-45-l-min-38-mm-1-1-2\/"},"modified":"2026-02-25T00:00:55","modified_gmt":"2026-02-25T00:00:55","slug":"rucna-kaljuzna-pumpa-seaflo-45-l-min-38-mm-1-1-2","status":"publish","type":"product","link":"https:\/\/stoic-curie.212-227-153-4.plesk.page\/hr\/product\/rucna-kaljuzna-pumpa-seaflo-45-l-min-38-mm-1-1-2\/","title":{"rendered":"Ru\u010dna kalju\u017ena pumpa Seaflo 45 l \/ min 38 mm (1&#8243; 1\/2)"},"content":{"rendered":"<p>Ru\u010dna kalju\u017ena pumpa Seaflo 45 l \/ min 38 mm (1&#8243; 1\/2) &#8211; <\/p>\n<p>SeaFlo kompaktna ru\u010dna pumpa s dijafragmom za ispu\u0161tanje. \u010cvrsto i lagano tijelo od polipropilena, EPDM ventil i dijafragma, vijci od nehr\u0111aju\u0107eg \u010delika. S lako uklonjivom rotiraju\u0107om glavom za optimizaciju efikasnosti i odr\u017eavanja.<\/p>\n","protected":false},"excerpt":{"rendered":"<p>Ru\u010dna kalju\u017ena pumpa Seaflo 45 l \/ min 38 mm (1&#8243; 1\/2) &#8211; SeaFlo kompaktna ru\u010dna pumpa s dijafragmom za<\/p>\n","protected":false},"featured_media":5942165,"comment_status":"closed","ping_status":"closed","template":"","meta":[],"product_brand":[3351],"product_cat":[1654],"product_tag":[],"class_list":{"0":"post-3689574","1":"product","2":"type-product","3":"status-publish","4":"has-post-thumbnail","6":"product_brand-seaflo-hr","7":"product_cat-rucne-kaljuzne-pumpe","9":"first","10":"instock","11":"shipping-taxable","12":"purchasable","13":"product-type-simple"},"_links":{"self":[{"href":"https:\/\/stoic-curie.212-227-153-4.plesk.page\/hr\/wp-json\/wp\/v2\/product\/3689574","targetHints":{"allow":["GET"]}}],"collection":[{"href":"https:\/\/stoic-curie.212-227-153-4.plesk.page\/hr\/wp-json\/wp\/v2\/product"}],"about":[{"href":"https:\/\/stoic-curie.212-227-153-4.plesk.page\/hr\/wp-json\/wp\/v2\/types\/product"}],"replies":[{"embeddable":true,"href":"https:\/\/stoic-curie.212-227-153-4.plesk.page\/hr\/wp-json\/wp\/v2\/comments?post=3689574"}],"version-history":[{"count":0,"href":"https:\/\/stoic-curie.212-227-153-4.plesk.page\/hr\/wp-json\/wp\/v2\/product\/3689574\/revisions"}],"wp:featuredmedia":[{"embeddable":true,"href":"https:\/\/stoic-curie.212-227-153-4.plesk.page\/hr\/wp-json\/wp\/v2\/media\/5942165"}],"wp:attachment":[{"href":"https:\/\/stoic-curie.212-227-153-4.plesk.page\/hr\/wp-json\/wp\/v2\/media?parent=3689574"}],"wp:term":[{"taxonomy":"product_brand","embeddable":true,"href":"https:\/\/stoic-curie.212-227-153-4.plesk.page\/hr\/wp-json\/wp\/v2\/product_brand?post=3689574"},{"taxonomy":"product_cat","embeddable":true,"href":"https:\/\/stoic-curie.212-227-153-4.plesk.page\/hr\/wp-json\/wp\/v2\/product_cat?post=3689574"},{"taxonomy":"product_tag","embeddable":true,"href":"https:\/\/stoic-curie.212-227-153-4.plesk.page\/hr\/wp-json\/wp\/v2\/product_tag?post=3689574"}],"curies":[{"name":"wp","href":"https:\/\/api.w.org\/{rel}","templated":true}]}}