{"id":3689580,"date":"2025-10-13T13:38:58","date_gmt":"2025-10-13T17:38:58","guid":{"rendered":"https:\/\/stoic-curie.212-227-153-4.plesk.page\/product\/led-ambijentalno-svjetlo-quick-eyelid-white-4000-k-46-x-33-x-h9-mm\/"},"modified":"2026-02-25T00:00:55","modified_gmt":"2026-02-25T00:00:55","slug":"led-ambijentalno-svjetlo-quick-eyelid-white-4000-k-46-x-33-x-h9-mm","status":"publish","type":"product","link":"https:\/\/stoic-curie.212-227-153-4.plesk.page\/hr\/product\/led-ambijentalno-svjetlo-quick-eyelid-white-4000-k-46-x-33-x-h9-mm\/","title":{"rendered":"LED ambijentalno svjetlo Quick Eyelid White 4000 K\u00b0 46 x 33 x H9 mm"},"content":{"rendered":"<p>LED ambijentalno svjetlo Quick Eyelid White 4000 K\u00b0 46 x 33 x H9 mm &#8211; <\/p>\n<p>Nikaljeni poliester i UV stabilizirana tehnopolimernu le\u0107a, 0,25 W IP65 LED svjetlo za unutarnju i vanjsku upotrebu. Monta\u017ea na povr\u0161inu s vijcima. Univerzalni napon 9-32 V s prigu\u0161ivim LED-om za\u0161ti\u0107enim od prenapona i obrnute polaritete.<\/p>\n","protected":false},"excerpt":{"rendered":"<p>LED ambijentalno svjetlo Quick Eyelid White 4000 K\u00b0 46 x 33 x H9 mm &#8211; Nikaljeni poliester i UV stabilizirana<\/p>\n","protected":false},"featured_media":5942194,"comment_status":"closed","ping_status":"closed","template":"","meta":[],"product_brand":[3281],"product_cat":[1730,1739],"product_tag":[],"class_list":{"0":"post-3689580","1":"product","2":"type-product","3":"status-publish","4":"has-post-thumbnail","6":"product_brand-quick-hr","7":"product_cat-dekorativna-rasvjeta","8":"product_cat-rasvjeta","10":"first","11":"instock","12":"shipping-taxable","13":"purchasable","14":"product-type-simple"},"_links":{"self":[{"href":"https:\/\/stoic-curie.212-227-153-4.plesk.page\/hr\/wp-json\/wp\/v2\/product\/3689580","targetHints":{"allow":["GET"]}}],"collection":[{"href":"https:\/\/stoic-curie.212-227-153-4.plesk.page\/hr\/wp-json\/wp\/v2\/product"}],"about":[{"href":"https:\/\/stoic-curie.212-227-153-4.plesk.page\/hr\/wp-json\/wp\/v2\/types\/product"}],"replies":[{"embeddable":true,"href":"https:\/\/stoic-curie.212-227-153-4.plesk.page\/hr\/wp-json\/wp\/v2\/comments?post=3689580"}],"version-history":[{"count":0,"href":"https:\/\/stoic-curie.212-227-153-4.plesk.page\/hr\/wp-json\/wp\/v2\/product\/3689580\/revisions"}],"wp:featuredmedia":[{"embeddable":true,"href":"https:\/\/stoic-curie.212-227-153-4.plesk.page\/hr\/wp-json\/wp\/v2\/media\/5942194"}],"wp:attachment":[{"href":"https:\/\/stoic-curie.212-227-153-4.plesk.page\/hr\/wp-json\/wp\/v2\/media?parent=3689580"}],"wp:term":[{"taxonomy":"product_brand","embeddable":true,"href":"https:\/\/stoic-curie.212-227-153-4.plesk.page\/hr\/wp-json\/wp\/v2\/product_brand?post=3689580"},{"taxonomy":"product_cat","embeddable":true,"href":"https:\/\/stoic-curie.212-227-153-4.plesk.page\/hr\/wp-json\/wp\/v2\/product_cat?post=3689580"},{"taxonomy":"product_tag","embeddable":true,"href":"https:\/\/stoic-curie.212-227-153-4.plesk.page\/hr\/wp-json\/wp\/v2\/product_tag?post=3689580"}],"curies":[{"name":"wp","href":"https:\/\/api.w.org\/{rel}","templated":true}]}}