{"id":3689583,"date":"2025-10-13T13:38:58","date_gmt":"2025-10-13T17:38:58","guid":{"rendered":"https:\/\/stoic-curie.212-227-153-4.plesk.page\/product\/bijelo-ugradeno-svjetlo-quick-ted-n-72-mm-toplo-led-500k\/"},"modified":"2026-02-25T00:00:55","modified_gmt":"2026-02-25T00:00:55","slug":"bijelo-ugradeno-svjetlo-quick-ted-n-72-mm-toplo-led-500k","status":"publish","type":"product","link":"https:\/\/stoic-curie.212-227-153-4.plesk.page\/hr\/product\/bijelo-ugradeno-svjetlo-quick-ted-n-72-mm-toplo-led-500k\/","title":{"rendered":"Bijelo ugradeno svjetlo Quick Ted N, 72 mm, toplo LED 500k"},"content":{"rendered":"<p>Bijelo ugradeno svjetlo Quick Ted N, 72 mm, toplo LED 500k &#8211; <\/p>\n<p>2W IP66 LED reflektor za unutarnju i vanjsku upotrebu s bijelim kompozitnim okvirom. Ugradni monta\u017ea s vijcima. Univerzalni napon 9-32V s dimerabilnom LED za\u0161titom od prenapona i pogre\u0161ne polaritete.<\/p>\n","protected":false},"excerpt":{"rendered":"<p>Bijelo ugradeno svjetlo Quick Ted N, 72 mm, toplo LED 500k &#8211; 2W IP66 LED reflektor za unutarnju i vanjsku<\/p>\n","protected":false},"featured_media":5942200,"comment_status":"closed","ping_status":"closed","template":"","meta":[],"product_brand":[3281],"product_cat":[1739],"product_tag":[],"class_list":{"0":"post-3689583","1":"product","2":"type-product","3":"status-publish","4":"has-post-thumbnail","6":"product_brand-quick-hr","7":"product_cat-rasvjeta","9":"first","10":"instock","11":"shipping-taxable","12":"purchasable","13":"product-type-simple"},"_links":{"self":[{"href":"https:\/\/stoic-curie.212-227-153-4.plesk.page\/hr\/wp-json\/wp\/v2\/product\/3689583","targetHints":{"allow":["GET"]}}],"collection":[{"href":"https:\/\/stoic-curie.212-227-153-4.plesk.page\/hr\/wp-json\/wp\/v2\/product"}],"about":[{"href":"https:\/\/stoic-curie.212-227-153-4.plesk.page\/hr\/wp-json\/wp\/v2\/types\/product"}],"replies":[{"embeddable":true,"href":"https:\/\/stoic-curie.212-227-153-4.plesk.page\/hr\/wp-json\/wp\/v2\/comments?post=3689583"}],"version-history":[{"count":0,"href":"https:\/\/stoic-curie.212-227-153-4.plesk.page\/hr\/wp-json\/wp\/v2\/product\/3689583\/revisions"}],"wp:featuredmedia":[{"embeddable":true,"href":"https:\/\/stoic-curie.212-227-153-4.plesk.page\/hr\/wp-json\/wp\/v2\/media\/5942200"}],"wp:attachment":[{"href":"https:\/\/stoic-curie.212-227-153-4.plesk.page\/hr\/wp-json\/wp\/v2\/media?parent=3689583"}],"wp:term":[{"taxonomy":"product_brand","embeddable":true,"href":"https:\/\/stoic-curie.212-227-153-4.plesk.page\/hr\/wp-json\/wp\/v2\/product_brand?post=3689583"},{"taxonomy":"product_cat","embeddable":true,"href":"https:\/\/stoic-curie.212-227-153-4.plesk.page\/hr\/wp-json\/wp\/v2\/product_cat?post=3689583"},{"taxonomy":"product_tag","embeddable":true,"href":"https:\/\/stoic-curie.212-227-153-4.plesk.page\/hr\/wp-json\/wp\/v2\/product_tag?post=3689583"}],"curies":[{"name":"wp","href":"https:\/\/api.w.org\/{rel}","templated":true}]}}