{"id":3689591,"date":"2025-10-13T13:39:01","date_gmt":"2025-10-13T17:39:01","guid":{"rendered":"https:\/\/stoic-curie.212-227-153-4.plesk.page\/product\/konektori-za-kabele-akumulatora-16mm2\/"},"modified":"2026-02-25T00:00:55","modified_gmt":"2026-02-25T00:00:55","slug":"konektori-za-kabele-akumulatora-16mm2","status":"publish","type":"product","link":"https:\/\/stoic-curie.212-227-153-4.plesk.page\/hr\/product\/konektori-za-kabele-akumulatora-16mm2\/","title":{"rendered":"Konektori za kabele akumulatora 16mm2"},"content":{"rendered":"<p>Konektori za kabele akumulatora 16mm2 &#8211; <\/p>\n<p>Nepodesivi spojnici za baterijske kabele. Elektro-litog du\u017ee tinjan i za\u0161ti\u0107en od korozije. Pove\u0107ana mehani\u010dka \u010dvrsto\u0107a zahvaljuju\u0107i procesu \u017earenja. S unutarnjom konusom i sredi\u0161njom zaustavom za to\u010dno pozicioniranje kabela.<\/p>\n","protected":false},"excerpt":{"rendered":"<p>Konektori za kabele akumulatora 16mm2 &#8211; Nepodesivi spojnici za baterijske kabele. Elektro-litog du\u017ee tinjan i za\u0161ti\u0107en od korozije. Pove\u0107ana mehani\u010dka<\/p>\n","protected":false},"featured_media":5942220,"comment_status":"closed","ping_status":"closed","template":"","meta":[],"product_brand":[3216],"product_cat":[1752],"product_tag":[],"class_list":{"0":"post-3689591","1":"product","2":"type-product","3":"status-publish","4":"has-post-thumbnail","6":"product_brand-oceanflex-hr","7":"product_cat-kabel-i-terminali-za-baterije","9":"first","10":"instock","11":"shipping-taxable","12":"purchasable","13":"product-type-simple"},"_links":{"self":[{"href":"https:\/\/stoic-curie.212-227-153-4.plesk.page\/hr\/wp-json\/wp\/v2\/product\/3689591","targetHints":{"allow":["GET"]}}],"collection":[{"href":"https:\/\/stoic-curie.212-227-153-4.plesk.page\/hr\/wp-json\/wp\/v2\/product"}],"about":[{"href":"https:\/\/stoic-curie.212-227-153-4.plesk.page\/hr\/wp-json\/wp\/v2\/types\/product"}],"replies":[{"embeddable":true,"href":"https:\/\/stoic-curie.212-227-153-4.plesk.page\/hr\/wp-json\/wp\/v2\/comments?post=3689591"}],"version-history":[{"count":0,"href":"https:\/\/stoic-curie.212-227-153-4.plesk.page\/hr\/wp-json\/wp\/v2\/product\/3689591\/revisions"}],"wp:featuredmedia":[{"embeddable":true,"href":"https:\/\/stoic-curie.212-227-153-4.plesk.page\/hr\/wp-json\/wp\/v2\/media\/5942220"}],"wp:attachment":[{"href":"https:\/\/stoic-curie.212-227-153-4.plesk.page\/hr\/wp-json\/wp\/v2\/media?parent=3689591"}],"wp:term":[{"taxonomy":"product_brand","embeddable":true,"href":"https:\/\/stoic-curie.212-227-153-4.plesk.page\/hr\/wp-json\/wp\/v2\/product_brand?post=3689591"},{"taxonomy":"product_cat","embeddable":true,"href":"https:\/\/stoic-curie.212-227-153-4.plesk.page\/hr\/wp-json\/wp\/v2\/product_cat?post=3689591"},{"taxonomy":"product_tag","embeddable":true,"href":"https:\/\/stoic-curie.212-227-153-4.plesk.page\/hr\/wp-json\/wp\/v2\/product_tag?post=3689591"}],"curies":[{"name":"wp","href":"https:\/\/api.w.org\/{rel}","templated":true}]}}