{"id":3689601,"date":"2025-10-13T13:39:03","date_gmt":"2025-10-13T17:39:03","guid":{"rendered":"https:\/\/stoic-curie.212-227-153-4.plesk.page\/product\/samougasive-poliamidne-kablovske-vezice-300-x-36-mm\/"},"modified":"2026-02-25T00:00:55","modified_gmt":"2026-02-25T00:00:55","slug":"samougasive-poliamidne-kablovske-vezice-300-x-36-mm","status":"publish","type":"product","link":"https:\/\/stoic-curie.212-227-153-4.plesk.page\/hr\/product\/samougasive-poliamidne-kablovske-vezice-300-x-36-mm\/","title":{"rendered":"Samougasive poliamidne kablovske vezice 300 x 3,6 mm"},"content":{"rendered":"<p>Samougasive poliamidne kablovske vezice 300 x 3,6 mm &#8211; <\/p>\n<p>Uve, otporne na UV i ulje, kl.V2 samogasive i bez halogena plasti\u010dne vezice. S zaobljenim kutovima za ve\u0107u sigurnost i lak\u0161i unos nagnutih pigtailova.<\/p>\n","protected":false},"excerpt":{"rendered":"<p>Samougasive poliamidne kablovske vezice 300 x 3,6 mm &#8211; Uve, otporne na UV i ulje, kl.V2 samogasive i bez halogena<\/p>\n","protected":false},"featured_media":5942228,"comment_status":"closed","ping_status":"closed","template":"","meta":[],"product_brand":[2831],"product_cat":[1740],"product_tag":[],"class_list":{"0":"post-3689601","1":"product","2":"type-product","3":"status-publish","4":"has-post-thumbnail","6":"product_brand-blue-sea-systems-hr","7":"product_cat-elektricni-pribor","9":"first","10":"instock","11":"shipping-taxable","12":"purchasable","13":"product-type-simple"},"_links":{"self":[{"href":"https:\/\/stoic-curie.212-227-153-4.plesk.page\/hr\/wp-json\/wp\/v2\/product\/3689601","targetHints":{"allow":["GET"]}}],"collection":[{"href":"https:\/\/stoic-curie.212-227-153-4.plesk.page\/hr\/wp-json\/wp\/v2\/product"}],"about":[{"href":"https:\/\/stoic-curie.212-227-153-4.plesk.page\/hr\/wp-json\/wp\/v2\/types\/product"}],"replies":[{"embeddable":true,"href":"https:\/\/stoic-curie.212-227-153-4.plesk.page\/hr\/wp-json\/wp\/v2\/comments?post=3689601"}],"version-history":[{"count":0,"href":"https:\/\/stoic-curie.212-227-153-4.plesk.page\/hr\/wp-json\/wp\/v2\/product\/3689601\/revisions"}],"wp:featuredmedia":[{"embeddable":true,"href":"https:\/\/stoic-curie.212-227-153-4.plesk.page\/hr\/wp-json\/wp\/v2\/media\/5942228"}],"wp:attachment":[{"href":"https:\/\/stoic-curie.212-227-153-4.plesk.page\/hr\/wp-json\/wp\/v2\/media?parent=3689601"}],"wp:term":[{"taxonomy":"product_brand","embeddable":true,"href":"https:\/\/stoic-curie.212-227-153-4.plesk.page\/hr\/wp-json\/wp\/v2\/product_brand?post=3689601"},{"taxonomy":"product_cat","embeddable":true,"href":"https:\/\/stoic-curie.212-227-153-4.plesk.page\/hr\/wp-json\/wp\/v2\/product_cat?post=3689601"},{"taxonomy":"product_tag","embeddable":true,"href":"https:\/\/stoic-curie.212-227-153-4.plesk.page\/hr\/wp-json\/wp\/v2\/product_tag?post=3689601"}],"curies":[{"name":"wp","href":"https:\/\/api.w.org\/{rel}","templated":true}]}}