{"id":3689606,"date":"2025-10-13T13:39:05","date_gmt":"2025-10-13T17:39:05","guid":{"rendered":"https:\/\/stoic-curie.212-227-153-4.plesk.page\/product\/baza-za-glomex-ra135-antene\/"},"modified":"2026-02-25T00:00:55","modified_gmt":"2026-02-25T00:00:55","slug":"baza-za-glomex-ra135-antene","status":"publish","type":"product","link":"https:\/\/stoic-curie.212-227-153-4.plesk.page\/hr\/product\/baza-za-glomex-ra135-antene\/","title":{"rendered":"Baza za Glomex Ra135 antene"},"content":{"rendered":"<p>Baza za Glomex Ra135 antene &#8211; <\/p>\n<p>Double junction RA135 baza. Izra\u0111ena od UV otpornog oja\u010danog najlona i podesiva s gumbom. S vodootpornim kabelskim prolazom i bo\u010dnim utorom. Standardna navoja 1&#8243; x 14.<\/p>\n","protected":false},"excerpt":{"rendered":"<p>Baza za Glomex Ra135 antene &#8211; Double junction RA135 baza. Izra\u0111ena od UV otpornog oja\u010danog najlona i podesiva s gumbom.<\/p>\n","protected":false},"featured_media":5942248,"comment_status":"closed","ping_status":"closed","template":"","meta":[],"product_brand":[2981],"product_cat":[1753],"product_tag":[],"class_list":{"0":"post-3689606","1":"product","2":"type-product","3":"status-publish","4":"has-post-thumbnail","6":"product_brand-glomex-hr","7":"product_cat-vhf-antene","9":"first","10":"instock","11":"shipping-taxable","12":"purchasable","13":"product-type-simple"},"_links":{"self":[{"href":"https:\/\/stoic-curie.212-227-153-4.plesk.page\/hr\/wp-json\/wp\/v2\/product\/3689606","targetHints":{"allow":["GET"]}}],"collection":[{"href":"https:\/\/stoic-curie.212-227-153-4.plesk.page\/hr\/wp-json\/wp\/v2\/product"}],"about":[{"href":"https:\/\/stoic-curie.212-227-153-4.plesk.page\/hr\/wp-json\/wp\/v2\/types\/product"}],"replies":[{"embeddable":true,"href":"https:\/\/stoic-curie.212-227-153-4.plesk.page\/hr\/wp-json\/wp\/v2\/comments?post=3689606"}],"version-history":[{"count":0,"href":"https:\/\/stoic-curie.212-227-153-4.plesk.page\/hr\/wp-json\/wp\/v2\/product\/3689606\/revisions"}],"wp:featuredmedia":[{"embeddable":true,"href":"https:\/\/stoic-curie.212-227-153-4.plesk.page\/hr\/wp-json\/wp\/v2\/media\/5942248"}],"wp:attachment":[{"href":"https:\/\/stoic-curie.212-227-153-4.plesk.page\/hr\/wp-json\/wp\/v2\/media?parent=3689606"}],"wp:term":[{"taxonomy":"product_brand","embeddable":true,"href":"https:\/\/stoic-curie.212-227-153-4.plesk.page\/hr\/wp-json\/wp\/v2\/product_brand?post=3689606"},{"taxonomy":"product_cat","embeddable":true,"href":"https:\/\/stoic-curie.212-227-153-4.plesk.page\/hr\/wp-json\/wp\/v2\/product_cat?post=3689606"},{"taxonomy":"product_tag","embeddable":true,"href":"https:\/\/stoic-curie.212-227-153-4.plesk.page\/hr\/wp-json\/wp\/v2\/product_tag?post=3689606"}],"curies":[{"name":"wp","href":"https:\/\/api.w.org\/{rel}","templated":true}]}}