{"id":3689617,"date":"2025-10-13T13:39:08","date_gmt":"2025-10-13T17:39:08","guid":{"rendered":"https:\/\/stoic-curie.212-227-153-4.plesk.page\/product\/kljesta-za-elektricni-kabel-od-02-do-6-mm2\/"},"modified":"2026-02-25T00:00:55","modified_gmt":"2026-02-25T00:00:55","slug":"kljesta-za-elektricni-kabel-od-02-do-6-mm2","status":"publish","type":"product","link":"https:\/\/stoic-curie.212-227-153-4.plesk.page\/hr\/product\/kljesta-za-elektricni-kabel-od-02-do-6-mm2\/","title":{"rendered":"Klje\u0161ta za elektricni kabel od 0,2 do 6 mm2"},"content":{"rendered":"<p>Klje\u0161ta za elektricni kabel od 0,2 do 6 mm2 &#8211; <\/p>\n<p>Vi\u0161enamjenski klije\u0161ta za struganje, kva\u010denje i rezanje \u017eica. Radni raspon od 0,2 do 6 mm\u00b2.<\/p>\n","protected":false},"excerpt":{"rendered":"<p>Klje\u0161ta za elektricni kabel od 0,2 do 6 mm2 &#8211; Vi\u0161enamjenski klije\u0161ta za struganje, kva\u010denje i rezanje \u017eica. Radni raspon<\/p>\n","protected":false},"featured_media":5942265,"comment_status":"closed","ping_status":"closed","template":"","meta":[],"product_brand":[2831],"product_cat":[1755,1740],"product_tag":[],"class_list":{"0":"post-3689617","1":"product","2":"type-product","3":"status-publish","4":"has-post-thumbnail","6":"product_brand-blue-sea-systems-hr","7":"product_cat-elektricni-kabel","8":"product_cat-elektricni-pribor","10":"first","11":"instock","12":"shipping-taxable","13":"purchasable","14":"product-type-simple"},"_links":{"self":[{"href":"https:\/\/stoic-curie.212-227-153-4.plesk.page\/hr\/wp-json\/wp\/v2\/product\/3689617","targetHints":{"allow":["GET"]}}],"collection":[{"href":"https:\/\/stoic-curie.212-227-153-4.plesk.page\/hr\/wp-json\/wp\/v2\/product"}],"about":[{"href":"https:\/\/stoic-curie.212-227-153-4.plesk.page\/hr\/wp-json\/wp\/v2\/types\/product"}],"replies":[{"embeddable":true,"href":"https:\/\/stoic-curie.212-227-153-4.plesk.page\/hr\/wp-json\/wp\/v2\/comments?post=3689617"}],"version-history":[{"count":0,"href":"https:\/\/stoic-curie.212-227-153-4.plesk.page\/hr\/wp-json\/wp\/v2\/product\/3689617\/revisions"}],"wp:featuredmedia":[{"embeddable":true,"href":"https:\/\/stoic-curie.212-227-153-4.plesk.page\/hr\/wp-json\/wp\/v2\/media\/5942265"}],"wp:attachment":[{"href":"https:\/\/stoic-curie.212-227-153-4.plesk.page\/hr\/wp-json\/wp\/v2\/media?parent=3689617"}],"wp:term":[{"taxonomy":"product_brand","embeddable":true,"href":"https:\/\/stoic-curie.212-227-153-4.plesk.page\/hr\/wp-json\/wp\/v2\/product_brand?post=3689617"},{"taxonomy":"product_cat","embeddable":true,"href":"https:\/\/stoic-curie.212-227-153-4.plesk.page\/hr\/wp-json\/wp\/v2\/product_cat?post=3689617"},{"taxonomy":"product_tag","embeddable":true,"href":"https:\/\/stoic-curie.212-227-153-4.plesk.page\/hr\/wp-json\/wp\/v2\/product_tag?post=3689617"}],"curies":[{"name":"wp","href":"https:\/\/api.w.org\/{rel}","templated":true}]}}