{"id":3689618,"date":"2025-10-13T13:39:08","date_gmt":"2025-10-13T17:39:08","guid":{"rendered":"https:\/\/stoic-curie.212-227-153-4.plesk.page\/product\/profesionalni-univerzalna-kljesta-za-kabele-do-35-mm2\/"},"modified":"2026-02-25T00:00:55","modified_gmt":"2026-02-25T00:00:55","slug":"profesionalni-univerzalna-kljesta-za-kabele-do-35-mm2","status":"publish","type":"product","link":"https:\/\/stoic-curie.212-227-153-4.plesk.page\/hr\/product\/profesionalni-univerzalna-kljesta-za-kabele-do-35-mm2\/","title":{"rendered":"Profesionalni univerzalna klje\u0161ta za kabele do 35 mm2"},"content":{"rendered":"<p>Profesionalni univerzalna klje\u0161ta za kabele do 35 mm2 &#8211; <\/p>\n<p>Profesionalne univerzalne \u0161kare s o\u0161tricama od \u010delika visoke tvrdo\u0107e 56HRC, prikladne za fleksibilne bakrene kabele do 35 mm\u00b2.<\/p>\n","protected":false},"excerpt":{"rendered":"<p>Profesionalni univerzalna klje\u0161ta za kabele do 35 mm2 &#8211; Profesionalne univerzalne \u0161kare s o\u0161tricama od \u010delika visoke tvrdo\u0107e 56HRC, prikladne<\/p>\n","protected":false},"featured_media":5942268,"comment_status":"closed","ping_status":"closed","template":"","meta":[],"product_brand":[3081],"product_cat":[1755,1740,1856,1752],"product_tag":[],"class_list":{"0":"post-3689618","1":"product","2":"type-product","3":"status-publish","4":"has-post-thumbnail","6":"product_brand-macs-hr","7":"product_cat-elektricni-kabel","8":"product_cat-elektricni-pribor","9":"product_cat-jedrilicarski-nozevi-i-alati","10":"product_cat-kabel-i-terminali-za-baterije","12":"first","13":"instock","14":"shipping-taxable","15":"purchasable","16":"product-type-simple"},"_links":{"self":[{"href":"https:\/\/stoic-curie.212-227-153-4.plesk.page\/hr\/wp-json\/wp\/v2\/product\/3689618","targetHints":{"allow":["GET"]}}],"collection":[{"href":"https:\/\/stoic-curie.212-227-153-4.plesk.page\/hr\/wp-json\/wp\/v2\/product"}],"about":[{"href":"https:\/\/stoic-curie.212-227-153-4.plesk.page\/hr\/wp-json\/wp\/v2\/types\/product"}],"replies":[{"embeddable":true,"href":"https:\/\/stoic-curie.212-227-153-4.plesk.page\/hr\/wp-json\/wp\/v2\/comments?post=3689618"}],"version-history":[{"count":0,"href":"https:\/\/stoic-curie.212-227-153-4.plesk.page\/hr\/wp-json\/wp\/v2\/product\/3689618\/revisions"}],"wp:featuredmedia":[{"embeddable":true,"href":"https:\/\/stoic-curie.212-227-153-4.plesk.page\/hr\/wp-json\/wp\/v2\/media\/5942268"}],"wp:attachment":[{"href":"https:\/\/stoic-curie.212-227-153-4.plesk.page\/hr\/wp-json\/wp\/v2\/media?parent=3689618"}],"wp:term":[{"taxonomy":"product_brand","embeddable":true,"href":"https:\/\/stoic-curie.212-227-153-4.plesk.page\/hr\/wp-json\/wp\/v2\/product_brand?post=3689618"},{"taxonomy":"product_cat","embeddable":true,"href":"https:\/\/stoic-curie.212-227-153-4.plesk.page\/hr\/wp-json\/wp\/v2\/product_cat?post=3689618"},{"taxonomy":"product_tag","embeddable":true,"href":"https:\/\/stoic-curie.212-227-153-4.plesk.page\/hr\/wp-json\/wp\/v2\/product_tag?post=3689618"}],"curies":[{"name":"wp","href":"https:\/\/api.w.org\/{rel}","templated":true}]}}