{"id":3689619,"date":"2025-10-13T13:39:08","date_gmt":"2025-10-13T17:39:08","guid":{"rendered":"https:\/\/stoic-curie.212-227-153-4.plesk.page\/product\/morski-noz-od-nehrdajuceg-celika-7-cm\/"},"modified":"2026-02-25T00:00:55","modified_gmt":"2026-02-25T00:00:55","slug":"morski-noz-od-nehrdajuceg-celika-7-cm","status":"publish","type":"product","link":"https:\/\/stoic-curie.212-227-153-4.plesk.page\/hr\/product\/morski-noz-od-nehrdajuceg-celika-7-cm\/","title":{"rendered":"Morski no\u017e od nehr\u0111aju\u0107eg \u010delika 7 cm"},"content":{"rendered":"<p>Morski no\u017e od nehr\u0111aju\u0107eg \u010delika 7 cm &#8211; <\/p>\n<p>Kompaktno ronila\u010dko no\u017e s reza\u010dem u\u017eeta i otvorom za otvaranje stezne kop\u010de. Dr\u0161ka od nehr\u0111aju\u0107eg \u010delika i smanjena debljina od samo 4 mm \u010dine ovaj no\u017e savr\u0161enim za ronjenje. Kompletno s futrolom i remenom. O\u0161trica od nehr\u0111aju\u0107eg \u010delika W1.4116. O\u0161trica se treba isprati slatkom vodom i podmazati nakon uporabe.<\/p>\n","protected":false},"excerpt":{"rendered":"<p>Morski no\u017e od nehr\u0111aju\u0107eg \u010delika 7 cm &#8211; Kompaktno ronila\u010dko no\u017e s reza\u010dem u\u017eeta i otvorom za otvaranje stezne kop\u010de.<\/p>\n","protected":false},"featured_media":5942269,"comment_status":"closed","ping_status":"closed","template":"","meta":[],"product_brand":[3081],"product_cat":[1856,1844],"product_tag":[],"class_list":{"0":"post-3689619","1":"product","2":"type-product","3":"status-publish","4":"has-post-thumbnail","6":"product_brand-macs-hr","7":"product_cat-jedrilicarski-nozevi-i-alati","8":"product_cat-oprema-za-ronjenje","10":"first","11":"instock","12":"shipping-taxable","13":"purchasable","14":"product-type-simple"},"_links":{"self":[{"href":"https:\/\/stoic-curie.212-227-153-4.plesk.page\/hr\/wp-json\/wp\/v2\/product\/3689619","targetHints":{"allow":["GET"]}}],"collection":[{"href":"https:\/\/stoic-curie.212-227-153-4.plesk.page\/hr\/wp-json\/wp\/v2\/product"}],"about":[{"href":"https:\/\/stoic-curie.212-227-153-4.plesk.page\/hr\/wp-json\/wp\/v2\/types\/product"}],"replies":[{"embeddable":true,"href":"https:\/\/stoic-curie.212-227-153-4.plesk.page\/hr\/wp-json\/wp\/v2\/comments?post=3689619"}],"version-history":[{"count":0,"href":"https:\/\/stoic-curie.212-227-153-4.plesk.page\/hr\/wp-json\/wp\/v2\/product\/3689619\/revisions"}],"wp:featuredmedia":[{"embeddable":true,"href":"https:\/\/stoic-curie.212-227-153-4.plesk.page\/hr\/wp-json\/wp\/v2\/media\/5942269"}],"wp:attachment":[{"href":"https:\/\/stoic-curie.212-227-153-4.plesk.page\/hr\/wp-json\/wp\/v2\/media?parent=3689619"}],"wp:term":[{"taxonomy":"product_brand","embeddable":true,"href":"https:\/\/stoic-curie.212-227-153-4.plesk.page\/hr\/wp-json\/wp\/v2\/product_brand?post=3689619"},{"taxonomy":"product_cat","embeddable":true,"href":"https:\/\/stoic-curie.212-227-153-4.plesk.page\/hr\/wp-json\/wp\/v2\/product_cat?post=3689619"},{"taxonomy":"product_tag","embeddable":true,"href":"https:\/\/stoic-curie.212-227-153-4.plesk.page\/hr\/wp-json\/wp\/v2\/product_tag?post=3689619"}],"curies":[{"name":"wp","href":"https:\/\/api.w.org\/{rel}","templated":true}]}}