{"id":3689622,"date":"2025-10-13T13:39:09","date_gmt":"2025-10-13T17:39:09","guid":{"rendered":"https:\/\/stoic-curie.212-227-153-4.plesk.page\/product\/vodootporni-prekidac-za-kaljuzne-pumpe-ukljuceno-iskljuceno-12v-24v\/"},"modified":"2026-02-25T00:00:55","modified_gmt":"2026-02-25T00:00:55","slug":"vodootporni-prekidac-za-kaljuzne-pumpe-ukljuceno-iskljuceno-12v-24v","status":"publish","type":"product","link":"https:\/\/stoic-curie.212-227-153-4.plesk.page\/hr\/product\/vodootporni-prekidac-za-kaljuzne-pumpe-ukljuceno-iskljuceno-12v-24v\/","title":{"rendered":"Vodootporni prekida\u010d za kalju\u017ene pumpe (uklju\u010deno -isklju\u010deno) 12V \/ 24V"},"content":{"rendered":"<p>Vodootporni prekida\u010d za kalju\u017ene pumpe (uklju\u010deno -isklju\u010deno) 12V \/ 24V &#8211; <\/p>\n<p>Nitrilna brtva IP68 vodootporna 12\/24V (20\/10A) prekida\u010di za klizanje. S laserski ugraviranim aktuatorom, ne zahtijeva naljepnice i ne tro\u0161i se.<\/p>\n","protected":false},"excerpt":{"rendered":"<p>Vodootporni prekida\u010d za kalju\u017ene pumpe (uklju\u010deno -isklju\u010deno) 12V \/ 24V &#8211; Nitrilna brtva IP68 vodootporna 12\/24V (20\/10A) prekida\u010di za klizanje.<\/p>\n","protected":false},"featured_media":5942284,"comment_status":"closed","ping_status":"closed","template":"","meta":[],"product_brand":[2831],"product_cat":[1659,1743],"product_tag":[],"class_list":{"0":"post-3689622","1":"product","2":"type-product","3":"status-publish","4":"has-post-thumbnail","6":"product_brand-blue-sea-systems-hr","7":"product_cat-elektricne-kaljuzne-pumpe","8":"product_cat-elektricni-prekidaci","10":"first","11":"instock","12":"shipping-taxable","13":"purchasable","14":"product-type-simple"},"_links":{"self":[{"href":"https:\/\/stoic-curie.212-227-153-4.plesk.page\/hr\/wp-json\/wp\/v2\/product\/3689622","targetHints":{"allow":["GET"]}}],"collection":[{"href":"https:\/\/stoic-curie.212-227-153-4.plesk.page\/hr\/wp-json\/wp\/v2\/product"}],"about":[{"href":"https:\/\/stoic-curie.212-227-153-4.plesk.page\/hr\/wp-json\/wp\/v2\/types\/product"}],"replies":[{"embeddable":true,"href":"https:\/\/stoic-curie.212-227-153-4.plesk.page\/hr\/wp-json\/wp\/v2\/comments?post=3689622"}],"version-history":[{"count":0,"href":"https:\/\/stoic-curie.212-227-153-4.plesk.page\/hr\/wp-json\/wp\/v2\/product\/3689622\/revisions"}],"wp:featuredmedia":[{"embeddable":true,"href":"https:\/\/stoic-curie.212-227-153-4.plesk.page\/hr\/wp-json\/wp\/v2\/media\/5942284"}],"wp:attachment":[{"href":"https:\/\/stoic-curie.212-227-153-4.plesk.page\/hr\/wp-json\/wp\/v2\/media?parent=3689622"}],"wp:term":[{"taxonomy":"product_brand","embeddable":true,"href":"https:\/\/stoic-curie.212-227-153-4.plesk.page\/hr\/wp-json\/wp\/v2\/product_brand?post=3689622"},{"taxonomy":"product_cat","embeddable":true,"href":"https:\/\/stoic-curie.212-227-153-4.plesk.page\/hr\/wp-json\/wp\/v2\/product_cat?post=3689622"},{"taxonomy":"product_tag","embeddable":true,"href":"https:\/\/stoic-curie.212-227-153-4.plesk.page\/hr\/wp-json\/wp\/v2\/product_tag?post=3689622"}],"curies":[{"name":"wp","href":"https:\/\/api.w.org\/{rel}","templated":true}]}}