{"id":3689623,"date":"2025-10-13T13:39:09","date_gmt":"2025-10-13T17:39:09","guid":{"rendered":"https:\/\/stoic-curie.212-227-153-4.plesk.page\/product\/kamen-za-ostrenje-nozeva\/"},"modified":"2026-02-25T00:00:55","modified_gmt":"2026-02-25T00:00:55","slug":"kamen-za-ostrenje-nozeva","status":"publish","type":"product","link":"https:\/\/stoic-curie.212-227-153-4.plesk.page\/hr\/product\/kamen-za-ostrenje-nozeva\/","title":{"rendered":"Kamen za o\u0161trenje no\u017eeva"},"content":{"rendered":"<p>Kamen za o\u0161trenje no\u017eeva &#8211; <\/p>\n<p>O\u0161tra\u010d za no\u017eeve.<\/p>\n","protected":false},"excerpt":{"rendered":"<p>Kamen za o\u0161trenje no\u017eeva &#8211; O\u0161tra\u010d za no\u017eeve.<\/p>\n","protected":false},"featured_media":5942293,"comment_status":"closed","ping_status":"closed","template":"","meta":[],"product_brand":[3081],"product_cat":[1856],"product_tag":[],"class_list":{"0":"post-3689623","1":"product","2":"type-product","3":"status-publish","4":"has-post-thumbnail","6":"product_brand-macs-hr","7":"product_cat-jedrilicarski-nozevi-i-alati","9":"first","10":"instock","11":"shipping-taxable","12":"purchasable","13":"product-type-simple"},"_links":{"self":[{"href":"https:\/\/stoic-curie.212-227-153-4.plesk.page\/hr\/wp-json\/wp\/v2\/product\/3689623","targetHints":{"allow":["GET"]}}],"collection":[{"href":"https:\/\/stoic-curie.212-227-153-4.plesk.page\/hr\/wp-json\/wp\/v2\/product"}],"about":[{"href":"https:\/\/stoic-curie.212-227-153-4.plesk.page\/hr\/wp-json\/wp\/v2\/types\/product"}],"replies":[{"embeddable":true,"href":"https:\/\/stoic-curie.212-227-153-4.plesk.page\/hr\/wp-json\/wp\/v2\/comments?post=3689623"}],"version-history":[{"count":0,"href":"https:\/\/stoic-curie.212-227-153-4.plesk.page\/hr\/wp-json\/wp\/v2\/product\/3689623\/revisions"}],"wp:featuredmedia":[{"embeddable":true,"href":"https:\/\/stoic-curie.212-227-153-4.plesk.page\/hr\/wp-json\/wp\/v2\/media\/5942293"}],"wp:attachment":[{"href":"https:\/\/stoic-curie.212-227-153-4.plesk.page\/hr\/wp-json\/wp\/v2\/media?parent=3689623"}],"wp:term":[{"taxonomy":"product_brand","embeddable":true,"href":"https:\/\/stoic-curie.212-227-153-4.plesk.page\/hr\/wp-json\/wp\/v2\/product_brand?post=3689623"},{"taxonomy":"product_cat","embeddable":true,"href":"https:\/\/stoic-curie.212-227-153-4.plesk.page\/hr\/wp-json\/wp\/v2\/product_cat?post=3689623"},{"taxonomy":"product_tag","embeddable":true,"href":"https:\/\/stoic-curie.212-227-153-4.plesk.page\/hr\/wp-json\/wp\/v2\/product_tag?post=3689623"}],"curies":[{"name":"wp","href":"https:\/\/api.w.org\/{rel}","templated":true}]}}