{"id":3689624,"date":"2025-10-13T13:39:09","date_gmt":"2025-10-13T17:39:09","guid":{"rendered":"https:\/\/stoic-curie.212-227-153-4.plesk.page\/product\/indikator-razine-goriva-ecms-bijeli-e-1-2-f-52mm\/"},"modified":"2026-02-25T00:00:55","modified_gmt":"2026-02-25T00:00:55","slug":"indikator-razine-goriva-ecms-bijeli-e-1-2-f-52mm","status":"publish","type":"product","link":"https:\/\/stoic-curie.212-227-153-4.plesk.page\/hr\/product\/indikator-razine-goriva-ecms-bijeli-e-1-2-f-52mm\/","title":{"rendered":"Indikator razine goriva ECMS Bijeli E-1\/2-F 52mm"},"content":{"rendered":"<p>Indikator razine goriva ECMS Bijeli E-1\/2-F 52mm &#8211; <\/p>\n<p>Ecms White Chrome 12\/24V instrumenti s priklju\u010denom Molex kabelskom uti\u010dnicom. Polirani nehr\u0111aju\u0107i \u010delik okvir i bijela broj\u010danik. Vodonepropusna IP67 za\u0161tita s kupolastom, otporna na maglu le\u0107om. Prilagodljivi vi\u0161enamjenski LED osvijetljeni broj\u010danik. Mjera\u010di razine mogu se postaviti na bilo koju vrijednost impedancije koriste\u0107i stra\u017enji gumb za konfiguraciju. U tvornici su postavljeni na standardnu vrijednost 0-190 Ohm. Mjesta za ulje od 5 i 10 bara kompatibilni su sa standardnim senzorima (10-180 Ohm), dok je 30 bara kompatibilan samo s elektroni\u010dkim senzorima (0,5-4,5V). Ampermetri dolaze s senzorom (shunt) za mjerenje struje.<\/p>\n","protected":false},"excerpt":{"rendered":"<p>Indikator razine goriva ECMS Bijeli E-1\/2-F 52mm &#8211; Ecms White Chrome 12\/24V instrumenti s priklju\u010denom Molex kabelskom uti\u010dnicom. Polirani nehr\u0111aju\u0107i<\/p>\n","protected":false},"featured_media":5942294,"comment_status":"closed","ping_status":"closed","template":"","meta":[],"product_brand":[2911],"product_cat":[1811,1782],"product_tag":[],"class_list":{"0":"post-3689624","1":"product","2":"type-product","3":"status-publish","4":"has-post-thumbnail","6":"product_brand-ecms-marine-hr","7":"product_cat-brodski-mjerni-instrumenti-ecms-a","8":"product_cat-mjeraci-razine-goriva-i-davaci","10":"first","11":"instock","12":"shipping-taxable","13":"purchasable","14":"product-type-simple"},"_links":{"self":[{"href":"https:\/\/stoic-curie.212-227-153-4.plesk.page\/hr\/wp-json\/wp\/v2\/product\/3689624","targetHints":{"allow":["GET"]}}],"collection":[{"href":"https:\/\/stoic-curie.212-227-153-4.plesk.page\/hr\/wp-json\/wp\/v2\/product"}],"about":[{"href":"https:\/\/stoic-curie.212-227-153-4.plesk.page\/hr\/wp-json\/wp\/v2\/types\/product"}],"replies":[{"embeddable":true,"href":"https:\/\/stoic-curie.212-227-153-4.plesk.page\/hr\/wp-json\/wp\/v2\/comments?post=3689624"}],"version-history":[{"count":0,"href":"https:\/\/stoic-curie.212-227-153-4.plesk.page\/hr\/wp-json\/wp\/v2\/product\/3689624\/revisions"}],"wp:featuredmedia":[{"embeddable":true,"href":"https:\/\/stoic-curie.212-227-153-4.plesk.page\/hr\/wp-json\/wp\/v2\/media\/5942294"}],"wp:attachment":[{"href":"https:\/\/stoic-curie.212-227-153-4.plesk.page\/hr\/wp-json\/wp\/v2\/media?parent=3689624"}],"wp:term":[{"taxonomy":"product_brand","embeddable":true,"href":"https:\/\/stoic-curie.212-227-153-4.plesk.page\/hr\/wp-json\/wp\/v2\/product_brand?post=3689624"},{"taxonomy":"product_cat","embeddable":true,"href":"https:\/\/stoic-curie.212-227-153-4.plesk.page\/hr\/wp-json\/wp\/v2\/product_cat?post=3689624"},{"taxonomy":"product_tag","embeddable":true,"href":"https:\/\/stoic-curie.212-227-153-4.plesk.page\/hr\/wp-json\/wp\/v2\/product_tag?post=3689624"}],"curies":[{"name":"wp","href":"https:\/\/api.w.org\/{rel}","templated":true}]}}