{"id":3689625,"date":"2025-10-13T13:39:10","date_gmt":"2025-10-13T17:39:10","guid":{"rendered":"https:\/\/stoic-curie.212-227-153-4.plesk.page\/product\/indikator-razine-goriva-crno-kromirani-ecms-52mm\/"},"modified":"2026-02-25T00:00:55","modified_gmt":"2026-02-25T00:00:55","slug":"indikator-razine-goriva-crno-kromirani-ecms-52mm","status":"publish","type":"product","link":"https:\/\/stoic-curie.212-227-153-4.plesk.page\/hr\/product\/indikator-razine-goriva-crno-kromirani-ecms-52mm\/","title":{"rendered":"Indikator razine goriva Crno-kromirani ECMS 52mm"},"content":{"rendered":"<p>Indikator razine goriva Crno-kromirani ECMS 52mm &#8211; <\/p>\n<p>Ecms Black Chrome 12\/24V manometri, kompletni s priklju\u010dkom Molex. Polirani rub od nehr\u0111aju\u0107eg \u010delika i crna broj\u010danik. Vodootporna le\u0107a s kupolom otporna na maglu, za\u0161ti\u0107ena IP67. Prilagodljiv vi\u0161ebojni LED osvijetljeni broj\u010danik. Razini se mogu postaviti na bilo koju vrijednost otpora pomo\u0107u konfiguracijskog gumba na stra\u017enjoj strani. Imaju unaprijed postavljenu standardnu vrijednost od 0-190 Ohm. Manometri za tlak ulja od 5 i 10 bara kompatibilni su s standardnim senzorima (10-180 Ohm), dok je tlak od 30 bara kompatibilan samo s elektroni\u010dkim senzorima (0,5-4,5V). Ampermetri dolaze s senzorom (shunt) za mjerenje struje.<\/p>\n","protected":false},"excerpt":{"rendered":"<p>Indikator razine goriva Crno-kromirani ECMS 52mm &#8211; Ecms Black Chrome 12\/24V manometri, kompletni s priklju\u010dkom Molex. Polirani rub od nehr\u0111aju\u0107eg<\/p>\n","protected":false},"featured_media":5942305,"comment_status":"closed","ping_status":"closed","template":"","meta":[],"product_brand":[2911],"product_cat":[1811,1782],"product_tag":[],"class_list":{"0":"post-3689625","1":"product","2":"type-product","3":"status-publish","4":"has-post-thumbnail","6":"product_brand-ecms-marine-hr","7":"product_cat-brodski-mjerni-instrumenti-ecms-a","8":"product_cat-mjeraci-razine-goriva-i-davaci","10":"first","11":"instock","12":"shipping-taxable","13":"purchasable","14":"product-type-simple"},"_links":{"self":[{"href":"https:\/\/stoic-curie.212-227-153-4.plesk.page\/hr\/wp-json\/wp\/v2\/product\/3689625","targetHints":{"allow":["GET"]}}],"collection":[{"href":"https:\/\/stoic-curie.212-227-153-4.plesk.page\/hr\/wp-json\/wp\/v2\/product"}],"about":[{"href":"https:\/\/stoic-curie.212-227-153-4.plesk.page\/hr\/wp-json\/wp\/v2\/types\/product"}],"replies":[{"embeddable":true,"href":"https:\/\/stoic-curie.212-227-153-4.plesk.page\/hr\/wp-json\/wp\/v2\/comments?post=3689625"}],"version-history":[{"count":0,"href":"https:\/\/stoic-curie.212-227-153-4.plesk.page\/hr\/wp-json\/wp\/v2\/product\/3689625\/revisions"}],"wp:featuredmedia":[{"embeddable":true,"href":"https:\/\/stoic-curie.212-227-153-4.plesk.page\/hr\/wp-json\/wp\/v2\/media\/5942305"}],"wp:attachment":[{"href":"https:\/\/stoic-curie.212-227-153-4.plesk.page\/hr\/wp-json\/wp\/v2\/media?parent=3689625"}],"wp:term":[{"taxonomy":"product_brand","embeddable":true,"href":"https:\/\/stoic-curie.212-227-153-4.plesk.page\/hr\/wp-json\/wp\/v2\/product_brand?post=3689625"},{"taxonomy":"product_cat","embeddable":true,"href":"https:\/\/stoic-curie.212-227-153-4.plesk.page\/hr\/wp-json\/wp\/v2\/product_cat?post=3689625"},{"taxonomy":"product_tag","embeddable":true,"href":"https:\/\/stoic-curie.212-227-153-4.plesk.page\/hr\/wp-json\/wp\/v2\/product_tag?post=3689625"}],"curies":[{"name":"wp","href":"https:\/\/api.w.org\/{rel}","templated":true}]}}