{"id":3689627,"date":"2025-10-13T13:39:10","date_gmt":"2025-10-13T17:39:10","guid":{"rendered":"https:\/\/stoic-curie.212-227-153-4.plesk.page\/product\/indikator-razine-vode-crni-kromirani-ecms-52mm\/"},"modified":"2026-02-25T00:00:55","modified_gmt":"2026-02-25T00:00:55","slug":"indikator-razine-vode-crni-kromirani-ecms-52mm","status":"publish","type":"product","link":"https:\/\/stoic-curie.212-227-153-4.plesk.page\/hr\/product\/indikator-razine-vode-crni-kromirani-ecms-52mm\/","title":{"rendered":"Indikator razine vode crni &#8211; kromirani ECMS 52mm"},"content":{"rendered":"<p>Indikator razine vode crni &#8211; kromirani ECMS 52mm &#8211; <\/p>\n<p>Ecms Black Chrome 12\/24V mjera\u010di s povezanim Molex konektorom. Polirani okvir od nehr\u0111aju\u0107eg \u010delika i crna broj\u010danik. Vodootporna IP67 za\u0161ti\u0107ena konveksna le\u0107a otporna na maglu. Prilagodljiva vi\u0161ebojna LED pozadinsko osvjetljenje broj\u010dnika. Razine mjera\u010da mogu se postaviti na bilo koju vrijednost impedancije kori\u0161tenjem stra\u017enjeg gumba za konfiguraciju. Postavljeni su na standardnu vrijednost 0-190 Ohm. Mjera\u010di tlaka nafte od 5 i 10 bara kompatibilni su sa standardnim senzorima (10-180 Ohm), dok je onaj od 30 bara kompatibilan samo s elektroni\u010dkim senzorima (0,5-4,5V). Ampermetri dolaze s senzorom (shunt) za mjerenje struje.<\/p>\n","protected":false},"excerpt":{"rendered":"<p>Indikator razine vode crni &#8211; kromirani ECMS 52mm &#8211; Ecms Black Chrome 12\/24V mjera\u010di s povezanim Molex konektorom. Polirani okvir<\/p>\n","protected":false},"featured_media":5942305,"comment_status":"closed","ping_status":"closed","template":"","meta":[],"product_brand":[2911],"product_cat":[1811,1658],"product_tag":[],"class_list":{"0":"post-3689627","1":"product","2":"type-product","3":"status-publish","4":"has-post-thumbnail","6":"product_brand-ecms-marine-hr","7":"product_cat-brodski-mjerni-instrumenti-ecms-a","8":"product_cat-mjeraci-razine-vode-i-davaci-razine","10":"first","11":"instock","12":"shipping-taxable","13":"purchasable","14":"product-type-simple"},"_links":{"self":[{"href":"https:\/\/stoic-curie.212-227-153-4.plesk.page\/hr\/wp-json\/wp\/v2\/product\/3689627","targetHints":{"allow":["GET"]}}],"collection":[{"href":"https:\/\/stoic-curie.212-227-153-4.plesk.page\/hr\/wp-json\/wp\/v2\/product"}],"about":[{"href":"https:\/\/stoic-curie.212-227-153-4.plesk.page\/hr\/wp-json\/wp\/v2\/types\/product"}],"replies":[{"embeddable":true,"href":"https:\/\/stoic-curie.212-227-153-4.plesk.page\/hr\/wp-json\/wp\/v2\/comments?post=3689627"}],"version-history":[{"count":0,"href":"https:\/\/stoic-curie.212-227-153-4.plesk.page\/hr\/wp-json\/wp\/v2\/product\/3689627\/revisions"}],"wp:featuredmedia":[{"embeddable":true,"href":"https:\/\/stoic-curie.212-227-153-4.plesk.page\/hr\/wp-json\/wp\/v2\/media\/5942305"}],"wp:attachment":[{"href":"https:\/\/stoic-curie.212-227-153-4.plesk.page\/hr\/wp-json\/wp\/v2\/media?parent=3689627"}],"wp:term":[{"taxonomy":"product_brand","embeddable":true,"href":"https:\/\/stoic-curie.212-227-153-4.plesk.page\/hr\/wp-json\/wp\/v2\/product_brand?post=3689627"},{"taxonomy":"product_cat","embeddable":true,"href":"https:\/\/stoic-curie.212-227-153-4.plesk.page\/hr\/wp-json\/wp\/v2\/product_cat?post=3689627"},{"taxonomy":"product_tag","embeddable":true,"href":"https:\/\/stoic-curie.212-227-153-4.plesk.page\/hr\/wp-json\/wp\/v2\/product_tag?post=3689627"}],"curies":[{"name":"wp","href":"https:\/\/api.w.org\/{rel}","templated":true}]}}