{"id":3689628,"date":"2025-10-13T13:39:10","date_gmt":"2025-10-13T17:39:10","guid":{"rendered":"https:\/\/stoic-curie.212-227-153-4.plesk.page\/product\/ecms-12-24-v-senzor-razine-otpadnih-voda-bijeli-krom-52-mm\/"},"modified":"2026-02-25T00:00:55","modified_gmt":"2026-02-25T00:00:55","slug":"ecms-12-24-v-senzor-razine-otpadnih-voda-bijeli-krom-52-mm","status":"publish","type":"product","link":"https:\/\/stoic-curie.212-227-153-4.plesk.page\/hr\/product\/ecms-12-24-v-senzor-razine-otpadnih-voda-bijeli-krom-52-mm\/","title":{"rendered":"ECMS 12\/24 V senzor razine otpadnih voda, bijeli krom , 52 mm"},"content":{"rendered":"<p>ECMS 12\/24 V senzor razine otpadnih voda, bijeli krom , 52 mm &#8211; <\/p>\n<p>Ecms bijeli krom 12\/24V mjera\u010di s priklju\u010dkom Molex. Polirani okvir od nehr\u0111aju\u0107eg \u010delika i bijeli broj\u010danik. Vodootporna IP67 za\u0161ti\u0107ena kupolasta le\u0107a otpornom na maglu. Personalizirani vi\u0161ebojni LED pozadinsko osvjetljen broj\u010danik. Mjera\u010di razine mogu se postaviti na bilo koju vrijednost impedancije pomo\u0107u gumba za konfiguraciju straga. Zadani su na standardnu vrijednost 0-190 Ohm. Mjera\u010di tlaka ulja od 5 i 10 bara kompatibilni su s standardnim senzorima (10-180 Ohm), dok je mjera\u010d od 30 bara kompatibilan samo s elektroni\u010dkim senzorima (0,5-4,5V). Ampermetri dolaze s senzorom (shunt) za mjerenje struje.<\/p>\n","protected":false},"excerpt":{"rendered":"<p>ECMS 12\/24 V senzor razine otpadnih voda, bijeli krom , 52 mm &#8211; Ecms bijeli krom 12\/24V mjera\u010di s priklju\u010dkom<\/p>\n","protected":false},"featured_media":5942294,"comment_status":"closed","ping_status":"closed","template":"","meta":[],"product_brand":[2911],"product_cat":[1811,1649],"product_tag":[],"class_list":{"0":"post-3689628","1":"product","2":"type-product","3":"status-publish","4":"has-post-thumbnail","6":"product_brand-ecms-marine-hr","7":"product_cat-brodski-mjerni-instrumenti-ecms-a","8":"product_cat-spremnici-za-otpadne-vode","10":"first","11":"instock","12":"shipping-taxable","13":"purchasable","14":"product-type-simple"},"_links":{"self":[{"href":"https:\/\/stoic-curie.212-227-153-4.plesk.page\/hr\/wp-json\/wp\/v2\/product\/3689628","targetHints":{"allow":["GET"]}}],"collection":[{"href":"https:\/\/stoic-curie.212-227-153-4.plesk.page\/hr\/wp-json\/wp\/v2\/product"}],"about":[{"href":"https:\/\/stoic-curie.212-227-153-4.plesk.page\/hr\/wp-json\/wp\/v2\/types\/product"}],"replies":[{"embeddable":true,"href":"https:\/\/stoic-curie.212-227-153-4.plesk.page\/hr\/wp-json\/wp\/v2\/comments?post=3689628"}],"version-history":[{"count":0,"href":"https:\/\/stoic-curie.212-227-153-4.plesk.page\/hr\/wp-json\/wp\/v2\/product\/3689628\/revisions"}],"wp:featuredmedia":[{"embeddable":true,"href":"https:\/\/stoic-curie.212-227-153-4.plesk.page\/hr\/wp-json\/wp\/v2\/media\/5942294"}],"wp:attachment":[{"href":"https:\/\/stoic-curie.212-227-153-4.plesk.page\/hr\/wp-json\/wp\/v2\/media?parent=3689628"}],"wp:term":[{"taxonomy":"product_brand","embeddable":true,"href":"https:\/\/stoic-curie.212-227-153-4.plesk.page\/hr\/wp-json\/wp\/v2\/product_brand?post=3689628"},{"taxonomy":"product_cat","embeddable":true,"href":"https:\/\/stoic-curie.212-227-153-4.plesk.page\/hr\/wp-json\/wp\/v2\/product_cat?post=3689628"},{"taxonomy":"product_tag","embeddable":true,"href":"https:\/\/stoic-curie.212-227-153-4.plesk.page\/hr\/wp-json\/wp\/v2\/product_tag?post=3689628"}],"curies":[{"name":"wp","href":"https:\/\/api.w.org\/{rel}","templated":true}]}}