{"id":3689629,"date":"2025-10-13T13:39:11","date_gmt":"2025-10-13T17:39:11","guid":{"rendered":"https:\/\/stoic-curie.212-227-153-4.plesk.page\/product\/ecms-crni-krom-12-24-u-e-1-2-f-senzor-razine-otpadnih-voda\/"},"modified":"2026-02-25T00:00:55","modified_gmt":"2026-02-25T00:00:55","slug":"ecms-crni-krom-12-24-u-e-1-2-f-senzor-razine-otpadnih-voda","status":"publish","type":"product","link":"https:\/\/stoic-curie.212-227-153-4.plesk.page\/hr\/product\/ecms-crni-krom-12-24-u-e-1-2-f-senzor-razine-otpadnih-voda\/","title":{"rendered":"ECMS Crni Krom 12\/24 U E-1\/2-F senzor razine otpadnih voda"},"content":{"rendered":"<p>ECMS Crni Krom 12\/24 U E-1\/2-F senzor razine otpadnih voda &#8211; <\/p>\n<p>Ecms Black Chrome 12\/24V mjera\u010di dolaze s povezanim Molex konektorom. Polirani okvir od nehr\u0111aju\u0107eg \u010delika i crni broj\u010danik. Vodootporna le\u0107a otporna na maglu s IP67 za\u0161titom. Prilagodljiva vi\u0161ebojna LED pozadinska iluminacija broj\u010danika. Mjera\u010di razine mogu se postaviti na bilo koju vrijednost impedancije pomo\u0107u stra\u017enjeg konfiguracijskog gumba. Prethodno su postavljeni na standardnu vrijednost 0-190 Ohm. Mjera\u010di uljnog tlaka od 5 i 10 bara kompatibilni su sa standardnim senzorima (10-180 Ohm), dok je 30 bara samo kompatibilan s elektroni\u010dkim senzorima (0,5-4,5V). Ampermetri dolaze sa senzorom (shunt) za mjerenje struje.<\/p>\n","protected":false},"excerpt":{"rendered":"<p>ECMS Crni Krom 12\/24 U E-1\/2-F senzor razine otpadnih voda &#8211; Ecms Black Chrome 12\/24V mjera\u010di dolaze s povezanim Molex<\/p>\n","protected":false},"featured_media":5942305,"comment_status":"closed","ping_status":"closed","template":"","meta":[],"product_brand":[2911],"product_cat":[1811,1649],"product_tag":[],"class_list":{"0":"post-3689629","1":"product","2":"type-product","3":"status-publish","4":"has-post-thumbnail","6":"product_brand-ecms-marine-hr","7":"product_cat-brodski-mjerni-instrumenti-ecms-a","8":"product_cat-spremnici-za-otpadne-vode","10":"first","11":"instock","12":"shipping-taxable","13":"purchasable","14":"product-type-simple"},"_links":{"self":[{"href":"https:\/\/stoic-curie.212-227-153-4.plesk.page\/hr\/wp-json\/wp\/v2\/product\/3689629","targetHints":{"allow":["GET"]}}],"collection":[{"href":"https:\/\/stoic-curie.212-227-153-4.plesk.page\/hr\/wp-json\/wp\/v2\/product"}],"about":[{"href":"https:\/\/stoic-curie.212-227-153-4.plesk.page\/hr\/wp-json\/wp\/v2\/types\/product"}],"replies":[{"embeddable":true,"href":"https:\/\/stoic-curie.212-227-153-4.plesk.page\/hr\/wp-json\/wp\/v2\/comments?post=3689629"}],"version-history":[{"count":0,"href":"https:\/\/stoic-curie.212-227-153-4.plesk.page\/hr\/wp-json\/wp\/v2\/product\/3689629\/revisions"}],"wp:featuredmedia":[{"embeddable":true,"href":"https:\/\/stoic-curie.212-227-153-4.plesk.page\/hr\/wp-json\/wp\/v2\/media\/5942305"}],"wp:attachment":[{"href":"https:\/\/stoic-curie.212-227-153-4.plesk.page\/hr\/wp-json\/wp\/v2\/media?parent=3689629"}],"wp:term":[{"taxonomy":"product_brand","embeddable":true,"href":"https:\/\/stoic-curie.212-227-153-4.plesk.page\/hr\/wp-json\/wp\/v2\/product_brand?post=3689629"},{"taxonomy":"product_cat","embeddable":true,"href":"https:\/\/stoic-curie.212-227-153-4.plesk.page\/hr\/wp-json\/wp\/v2\/product_cat?post=3689629"},{"taxonomy":"product_tag","embeddable":true,"href":"https:\/\/stoic-curie.212-227-153-4.plesk.page\/hr\/wp-json\/wp\/v2\/product_tag?post=3689629"}],"curies":[{"name":"wp","href":"https:\/\/api.w.org\/{rel}","templated":true}]}}