{"id":3689630,"date":"2025-10-13T13:39:11","date_gmt":"2025-10-13T17:39:11","guid":{"rendered":"https:\/\/stoic-curie.212-227-153-4.plesk.page\/product\/ecms-senzor-temperature-vode-12-24v-bijela-40-120sin-52mm\/"},"modified":"2026-02-25T00:00:55","modified_gmt":"2026-02-25T00:00:55","slug":"ecms-senzor-temperature-vode-12-24v-bijela-40-120sin-52mm","status":"publish","type":"product","link":"https:\/\/stoic-curie.212-227-153-4.plesk.page\/hr\/product\/ecms-senzor-temperature-vode-12-24v-bijela-40-120sin-52mm\/","title":{"rendered":"ECMS Senzor temperature vode 12 \/ 24V bijela 40-120sin 52mm"},"content":{"rendered":"<p>ECMS Senzor temperature vode 12 \/ 24V bijela 40-120sin 52mm &#8211; <\/p>\n<p>Ecms White Chrome 12\/24V mjera\u010di s priklju\u010denim Molex konektorom. Polirani okvir od nehr\u0111aju\u0107eg \u010delika i bijeli broj\u010danik. Vodootporna IP67 za\u0161ti\u0107ena zakrivljena le\u0107a otporna na maglu. Prilagodljivi vi\u0161ebojni LED pozadinsko osvjetljenje broj\u010danika. Mjera\u010di razine mogu se postaviti na bilo koju impedancijsku vrijednost pomo\u0107u stra\u017enjeg gumba za konfiguraciju. Fabr\u010dki su postavljeni na standardnu vrijednost 0-190 Ohm. 5 i 10 bara mjera\u010di uljnog pritiska kompatibilni su s standardnim senzorima (10-180 Ohm), dok je mjera\u010d od 30 bara kompatibilan samo sa elektroni\u010dkim senzorima (0,5-4,5V). Ampermetri dolaze s senzorom (shunt) za mjerenje struje.<\/p>\n","protected":false},"excerpt":{"rendered":"<p>ECMS Senzor temperature vode 12 \/ 24V bijela 40-120sin 52mm &#8211; Ecms White Chrome 12\/24V mjera\u010di s priklju\u010denim Molex konektorom.<\/p>\n","protected":false},"featured_media":5942294,"comment_status":"closed","ping_status":"closed","template":"","meta":[],"product_brand":[2911],"product_cat":[1811],"product_tag":[],"class_list":{"0":"post-3689630","1":"product","2":"type-product","3":"status-publish","4":"has-post-thumbnail","6":"product_brand-ecms-marine-hr","7":"product_cat-brodski-mjerni-instrumenti-ecms-a","9":"first","10":"instock","11":"shipping-taxable","12":"purchasable","13":"product-type-simple"},"_links":{"self":[{"href":"https:\/\/stoic-curie.212-227-153-4.plesk.page\/hr\/wp-json\/wp\/v2\/product\/3689630","targetHints":{"allow":["GET"]}}],"collection":[{"href":"https:\/\/stoic-curie.212-227-153-4.plesk.page\/hr\/wp-json\/wp\/v2\/product"}],"about":[{"href":"https:\/\/stoic-curie.212-227-153-4.plesk.page\/hr\/wp-json\/wp\/v2\/types\/product"}],"replies":[{"embeddable":true,"href":"https:\/\/stoic-curie.212-227-153-4.plesk.page\/hr\/wp-json\/wp\/v2\/comments?post=3689630"}],"version-history":[{"count":0,"href":"https:\/\/stoic-curie.212-227-153-4.plesk.page\/hr\/wp-json\/wp\/v2\/product\/3689630\/revisions"}],"wp:featuredmedia":[{"embeddable":true,"href":"https:\/\/stoic-curie.212-227-153-4.plesk.page\/hr\/wp-json\/wp\/v2\/media\/5942294"}],"wp:attachment":[{"href":"https:\/\/stoic-curie.212-227-153-4.plesk.page\/hr\/wp-json\/wp\/v2\/media?parent=3689630"}],"wp:term":[{"taxonomy":"product_brand","embeddable":true,"href":"https:\/\/stoic-curie.212-227-153-4.plesk.page\/hr\/wp-json\/wp\/v2\/product_brand?post=3689630"},{"taxonomy":"product_cat","embeddable":true,"href":"https:\/\/stoic-curie.212-227-153-4.plesk.page\/hr\/wp-json\/wp\/v2\/product_cat?post=3689630"},{"taxonomy":"product_tag","embeddable":true,"href":"https:\/\/stoic-curie.212-227-153-4.plesk.page\/hr\/wp-json\/wp\/v2\/product_tag?post=3689630"}],"curies":[{"name":"wp","href":"https:\/\/api.w.org\/{rel}","templated":true}]}}