{"id":3689632,"date":"2025-10-13T13:39:11","date_gmt":"2025-10-13T17:39:11","guid":{"rendered":"https:\/\/stoic-curie.212-227-153-4.plesk.page\/product\/manometar-tlaka-ulja-ecms-bijeli-kromirani-0-5-bara-52-mm\/"},"modified":"2026-02-25T00:00:55","modified_gmt":"2026-02-25T00:00:55","slug":"manometar-tlaka-ulja-ecms-bijeli-kromirani-0-5-bara-52-mm","status":"publish","type":"product","link":"https:\/\/stoic-curie.212-227-153-4.plesk.page\/hr\/product\/manometar-tlaka-ulja-ecms-bijeli-kromirani-0-5-bara-52-mm\/","title":{"rendered":"Manometar tlaka ulja ecms bijeli kromirani 0-5 bara 52 mm"},"content":{"rendered":"<p>Manometar tlaka ulja ecms bijeli kromirani 0-5 bara 52 mm &#8211; <\/p>\n<p>Ecms White Chrome 12\/24V mjera\u010di, kompletni s povezanim Molex priklju\u010dkom. Polirani nehr\u0111aju\u0107i \u010delik i bijela plo\u010da. Vodootporna IP67 za\u0161tita s kupljenim, otporna na maglu. Prilagodljiva vi\u0161ebojna LED pozadina. Razine mjera\u010da mogu se postaviti na bilo koju impedancijsku vrijednost pomo\u0107u stra\u017enjeg gumba za konfiguraciju. Fabricki su postavljeni na standardnu vrijednost 0-190 Ohm. Mjera\u010di uljnog tlaka od 5 i 10 bara su kompatibilni s standardnim senzorima (10-180 Ohm), dok je onaj od 30 bara kompatibilan samo s elektroni\u010dkim senzorima (0,5-4,5V). Ampermetri dolaze s senzorom (shunt) za mjerenje struje.<\/p>\n","protected":false},"excerpt":{"rendered":"<p>Manometar tlaka ulja ecms bijeli kromirani 0-5 bara 52 mm &#8211; Ecms White Chrome 12\/24V mjera\u010di, kompletni s povezanim Molex<\/p>\n","protected":false},"featured_media":5942294,"comment_status":"closed","ping_status":"closed","template":"","meta":[],"product_brand":[2911],"product_cat":[1811],"product_tag":[],"class_list":{"0":"post-3689632","1":"product","2":"type-product","3":"status-publish","4":"has-post-thumbnail","6":"product_brand-ecms-marine-hr","7":"product_cat-brodski-mjerni-instrumenti-ecms-a","9":"first","10":"instock","11":"shipping-taxable","12":"purchasable","13":"product-type-simple"},"_links":{"self":[{"href":"https:\/\/stoic-curie.212-227-153-4.plesk.page\/hr\/wp-json\/wp\/v2\/product\/3689632","targetHints":{"allow":["GET"]}}],"collection":[{"href":"https:\/\/stoic-curie.212-227-153-4.plesk.page\/hr\/wp-json\/wp\/v2\/product"}],"about":[{"href":"https:\/\/stoic-curie.212-227-153-4.plesk.page\/hr\/wp-json\/wp\/v2\/types\/product"}],"replies":[{"embeddable":true,"href":"https:\/\/stoic-curie.212-227-153-4.plesk.page\/hr\/wp-json\/wp\/v2\/comments?post=3689632"}],"version-history":[{"count":0,"href":"https:\/\/stoic-curie.212-227-153-4.plesk.page\/hr\/wp-json\/wp\/v2\/product\/3689632\/revisions"}],"wp:featuredmedia":[{"embeddable":true,"href":"https:\/\/stoic-curie.212-227-153-4.plesk.page\/hr\/wp-json\/wp\/v2\/media\/5942294"}],"wp:attachment":[{"href":"https:\/\/stoic-curie.212-227-153-4.plesk.page\/hr\/wp-json\/wp\/v2\/media?parent=3689632"}],"wp:term":[{"taxonomy":"product_brand","embeddable":true,"href":"https:\/\/stoic-curie.212-227-153-4.plesk.page\/hr\/wp-json\/wp\/v2\/product_brand?post=3689632"},{"taxonomy":"product_cat","embeddable":true,"href":"https:\/\/stoic-curie.212-227-153-4.plesk.page\/hr\/wp-json\/wp\/v2\/product_cat?post=3689632"},{"taxonomy":"product_tag","embeddable":true,"href":"https:\/\/stoic-curie.212-227-153-4.plesk.page\/hr\/wp-json\/wp\/v2\/product_tag?post=3689632"}],"curies":[{"name":"wp","href":"https:\/\/api.w.org\/{rel}","templated":true}]}}