{"id":3689633,"date":"2025-10-13T13:39:12","date_gmt":"2025-10-13T17:39:12","guid":{"rendered":"https:\/\/stoic-curie.212-227-153-4.plesk.page\/product\/manoetar-tlaka-ulja-0-5bar-ecms-52-mm-crni-i-krom-12-24v\/"},"modified":"2026-02-25T00:00:55","modified_gmt":"2026-02-25T00:00:55","slug":"manoetar-tlaka-ulja-0-5bar-ecms-52-mm-crni-i-krom-12-24v","status":"publish","type":"product","link":"https:\/\/stoic-curie.212-227-153-4.plesk.page\/hr\/product\/manoetar-tlaka-ulja-0-5bar-ecms-52-mm-crni-i-krom-12-24v\/","title":{"rendered":"Manoetar tlaka ulja 0-5bar ECMS 52 mm crni i krom 12 \/ 24V"},"content":{"rendered":"<p>Manoetar tlaka ulja 0-5bar ECMS 52 mm crni i krom 12 \/ 24V &#8211; <\/p>\n<p>Ecms Black Chrome 12\/24V mjera\u010di s kabelskim Molex priklju\u010dkom. Polirani okvir od nehr\u0111aju\u0107eg \u010delika i crna plo\u010da. Vodootporna, IP67 za\u0161ti\u0107ena, kupolasta le\u0107a otporna na maglu. Prilagodljiva vi\u0161ebojna LED pozadinsko osvjetljenje plo\u010de. Mjera\u010di razine mogu se postaviti na bilo koju vrijednost impedancije pomo\u0107u stra\u017enjeg konfiguraacijskog gumba. Postavljeni su na standardnu vrijednost 0-190 Ohm. Mjera\u010di tlaka ulja od 5 i 10 bara kompatibilni su sa standardnim senzorima (10-180 Ohm), dok je 30 bara samo kompatibilan s elektroni\u010dkim senzorima (0,5-4,5V). Ampermetri dolaze s senzorom (shunt) za mjerenje struje.<\/p>\n","protected":false},"excerpt":{"rendered":"<p>Manoetar tlaka ulja 0-5bar ECMS 52 mm crni i krom 12 \/ 24V &#8211; Ecms Black Chrome 12\/24V mjera\u010di s<\/p>\n","protected":false},"featured_media":5942305,"comment_status":"closed","ping_status":"closed","template":"","meta":[],"product_brand":[2911],"product_cat":[1811],"product_tag":[],"class_list":{"0":"post-3689633","1":"product","2":"type-product","3":"status-publish","4":"has-post-thumbnail","6":"product_brand-ecms-marine-hr","7":"product_cat-brodski-mjerni-instrumenti-ecms-a","9":"first","10":"instock","11":"shipping-taxable","12":"purchasable","13":"product-type-simple"},"_links":{"self":[{"href":"https:\/\/stoic-curie.212-227-153-4.plesk.page\/hr\/wp-json\/wp\/v2\/product\/3689633","targetHints":{"allow":["GET"]}}],"collection":[{"href":"https:\/\/stoic-curie.212-227-153-4.plesk.page\/hr\/wp-json\/wp\/v2\/product"}],"about":[{"href":"https:\/\/stoic-curie.212-227-153-4.plesk.page\/hr\/wp-json\/wp\/v2\/types\/product"}],"replies":[{"embeddable":true,"href":"https:\/\/stoic-curie.212-227-153-4.plesk.page\/hr\/wp-json\/wp\/v2\/comments?post=3689633"}],"version-history":[{"count":0,"href":"https:\/\/stoic-curie.212-227-153-4.plesk.page\/hr\/wp-json\/wp\/v2\/product\/3689633\/revisions"}],"wp:featuredmedia":[{"embeddable":true,"href":"https:\/\/stoic-curie.212-227-153-4.plesk.page\/hr\/wp-json\/wp\/v2\/media\/5942305"}],"wp:attachment":[{"href":"https:\/\/stoic-curie.212-227-153-4.plesk.page\/hr\/wp-json\/wp\/v2\/media?parent=3689633"}],"wp:term":[{"taxonomy":"product_brand","embeddable":true,"href":"https:\/\/stoic-curie.212-227-153-4.plesk.page\/hr\/wp-json\/wp\/v2\/product_brand?post=3689633"},{"taxonomy":"product_cat","embeddable":true,"href":"https:\/\/stoic-curie.212-227-153-4.plesk.page\/hr\/wp-json\/wp\/v2\/product_cat?post=3689633"},{"taxonomy":"product_tag","embeddable":true,"href":"https:\/\/stoic-curie.212-227-153-4.plesk.page\/hr\/wp-json\/wp\/v2\/product_tag?post=3689633"}],"curies":[{"name":"wp","href":"https:\/\/api.w.org\/{rel}","templated":true}]}}