{"id":3689634,"date":"2025-10-13T13:39:12","date_gmt":"2025-10-13T17:39:12","guid":{"rendered":"https:\/\/stoic-curie.212-227-153-4.plesk.page\/product\/10bar-bijeli-manometar-za-ulje\/"},"modified":"2026-02-25T00:00:55","modified_gmt":"2026-02-25T00:00:55","slug":"10bar-bijeli-manometar-za-ulje","status":"publish","type":"product","link":"https:\/\/stoic-curie.212-227-153-4.plesk.page\/hr\/product\/10bar-bijeli-manometar-za-ulje\/","title":{"rendered":"10bar bijeli manometar za ulje"},"content":{"rendered":"<p>10bar bijeli manometar za ulje &#8211; <\/p>\n<p>Ecms White Chrome 12\/24V mjera\u010di dolaze s priklju\u010denim Molex konektorom. Polirani nehr\u0111aju\u0107i \u010delik i bijeli broj\u010danik. Vodonepropusna IP67 za\u0161ti\u0107ena kupolasta le\u0107a otporna na maglu. Prilagodljiv vi\u0161e boji LED pozadinsko osvijetljen broj\u010danik. Mjera\u010di razine mogu se postaviti na bilo koju vrijednost impedancije pomo\u0107u stra\u017enjeg konfiguracijskog gumba. Mjesta su unaprijed postavljena na standardnu vrijednost 0-190 Ohm. Uljarni manometri od 5 i 10 bara kompatibilni su sa standardnim senzorima (10-180 Ohm), dok je model od 30 bara kompatibilan samo s elektroni\u010dkim senzorima (0,5-4,5V). Ampermetri su opremljeni senzorom (shunt) za mjerenje struje.<\/p>\n","protected":false},"excerpt":{"rendered":"<p>10bar bijeli manometar za ulje &#8211; Ecms White Chrome 12\/24V mjera\u010di dolaze s priklju\u010denim Molex konektorom. Polirani nehr\u0111aju\u0107i \u010delik i<\/p>\n","protected":false},"featured_media":5942294,"comment_status":"closed","ping_status":"closed","template":"","meta":[],"product_brand":[2911],"product_cat":[1811],"product_tag":[],"class_list":{"0":"post-3689634","1":"product","2":"type-product","3":"status-publish","4":"has-post-thumbnail","6":"product_brand-ecms-marine-hr","7":"product_cat-brodski-mjerni-instrumenti-ecms-a","9":"first","10":"instock","11":"shipping-taxable","12":"purchasable","13":"product-type-simple"},"_links":{"self":[{"href":"https:\/\/stoic-curie.212-227-153-4.plesk.page\/hr\/wp-json\/wp\/v2\/product\/3689634","targetHints":{"allow":["GET"]}}],"collection":[{"href":"https:\/\/stoic-curie.212-227-153-4.plesk.page\/hr\/wp-json\/wp\/v2\/product"}],"about":[{"href":"https:\/\/stoic-curie.212-227-153-4.plesk.page\/hr\/wp-json\/wp\/v2\/types\/product"}],"replies":[{"embeddable":true,"href":"https:\/\/stoic-curie.212-227-153-4.plesk.page\/hr\/wp-json\/wp\/v2\/comments?post=3689634"}],"version-history":[{"count":0,"href":"https:\/\/stoic-curie.212-227-153-4.plesk.page\/hr\/wp-json\/wp\/v2\/product\/3689634\/revisions"}],"wp:featuredmedia":[{"embeddable":true,"href":"https:\/\/stoic-curie.212-227-153-4.plesk.page\/hr\/wp-json\/wp\/v2\/media\/5942294"}],"wp:attachment":[{"href":"https:\/\/stoic-curie.212-227-153-4.plesk.page\/hr\/wp-json\/wp\/v2\/media?parent=3689634"}],"wp:term":[{"taxonomy":"product_brand","embeddable":true,"href":"https:\/\/stoic-curie.212-227-153-4.plesk.page\/hr\/wp-json\/wp\/v2\/product_brand?post=3689634"},{"taxonomy":"product_cat","embeddable":true,"href":"https:\/\/stoic-curie.212-227-153-4.plesk.page\/hr\/wp-json\/wp\/v2\/product_cat?post=3689634"},{"taxonomy":"product_tag","embeddable":true,"href":"https:\/\/stoic-curie.212-227-153-4.plesk.page\/hr\/wp-json\/wp\/v2\/product_tag?post=3689634"}],"curies":[{"name":"wp","href":"https:\/\/api.w.org\/{rel}","templated":true}]}}