{"id":3689635,"date":"2025-10-13T13:39:12","date_gmt":"2025-10-13T17:39:12","guid":{"rendered":"https:\/\/stoic-curie.212-227-153-4.plesk.page\/product\/10bar-crni-manometar-za-ulje\/"},"modified":"2026-02-25T00:00:55","modified_gmt":"2026-02-25T00:00:55","slug":"10bar-crni-manometar-za-ulje","status":"publish","type":"product","link":"https:\/\/stoic-curie.212-227-153-4.plesk.page\/hr\/product\/10bar-crni-manometar-za-ulje\/","title":{"rendered":"10bar crni manometar za ulje"},"content":{"rendered":"<p>10bar crni manometar za ulje &#8211; <\/p>\n<p>Ecms Black Chrome 12\/24V mjera\u010di s priklju\u010denim Molex priklju\u010dkom. Polirani okvir od nehr\u0111aju\u0107eg \u010delika i crni sat. Vodootporna IP67 za\u0161ti\u0107ena kupolasta le\u0107a otporna na maglu. Prilagodljiva vi\u0161ebojna LED pozadinsko osvijetljena broj\u010danik. Mjeri se razina mogu se postaviti na bilo koju impedancijsku vrijednost koriste\u0107i tipku za konfiguraciju straga. Tvornicki su postavjeni na standardnu vrijednost 0-190 Ohm. Mjera\u010di pritiska ulja od 5 i 10 bara su kompatibilni sa standardnim senzorima (10-180 Ohm), dok je 30-bar samo kompatibilan s elektroni\u010dkim senzorima (0,5-4,5V). Ampermetri dolaze s senzorom (shunt) za mjerenje struje.<\/p>\n","protected":false},"excerpt":{"rendered":"<p>10bar crni manometar za ulje &#8211; Ecms Black Chrome 12\/24V mjera\u010di s priklju\u010denim Molex priklju\u010dkom. Polirani okvir od nehr\u0111aju\u0107eg \u010delika<\/p>\n","protected":false},"featured_media":5942305,"comment_status":"closed","ping_status":"closed","template":"","meta":[],"product_brand":[2911],"product_cat":[1811],"product_tag":[],"class_list":{"0":"post-3689635","1":"product","2":"type-product","3":"status-publish","4":"has-post-thumbnail","6":"product_brand-ecms-marine-hr","7":"product_cat-brodski-mjerni-instrumenti-ecms-a","9":"first","10":"instock","11":"shipping-taxable","12":"purchasable","13":"product-type-simple"},"_links":{"self":[{"href":"https:\/\/stoic-curie.212-227-153-4.plesk.page\/hr\/wp-json\/wp\/v2\/product\/3689635","targetHints":{"allow":["GET"]}}],"collection":[{"href":"https:\/\/stoic-curie.212-227-153-4.plesk.page\/hr\/wp-json\/wp\/v2\/product"}],"about":[{"href":"https:\/\/stoic-curie.212-227-153-4.plesk.page\/hr\/wp-json\/wp\/v2\/types\/product"}],"replies":[{"embeddable":true,"href":"https:\/\/stoic-curie.212-227-153-4.plesk.page\/hr\/wp-json\/wp\/v2\/comments?post=3689635"}],"version-history":[{"count":0,"href":"https:\/\/stoic-curie.212-227-153-4.plesk.page\/hr\/wp-json\/wp\/v2\/product\/3689635\/revisions"}],"wp:featuredmedia":[{"embeddable":true,"href":"https:\/\/stoic-curie.212-227-153-4.plesk.page\/hr\/wp-json\/wp\/v2\/media\/5942305"}],"wp:attachment":[{"href":"https:\/\/stoic-curie.212-227-153-4.plesk.page\/hr\/wp-json\/wp\/v2\/media?parent=3689635"}],"wp:term":[{"taxonomy":"product_brand","embeddable":true,"href":"https:\/\/stoic-curie.212-227-153-4.plesk.page\/hr\/wp-json\/wp\/v2\/product_brand?post=3689635"},{"taxonomy":"product_cat","embeddable":true,"href":"https:\/\/stoic-curie.212-227-153-4.plesk.page\/hr\/wp-json\/wp\/v2\/product_cat?post=3689635"},{"taxonomy":"product_tag","embeddable":true,"href":"https:\/\/stoic-curie.212-227-153-4.plesk.page\/hr\/wp-json\/wp\/v2\/product_tag?post=3689635"}],"curies":[{"name":"wp","href":"https:\/\/api.w.org\/{rel}","templated":true}]}}