{"id":3689639,"date":"2025-10-13T13:39:13","date_gmt":"2025-10-13T17:39:13","guid":{"rendered":"https:\/\/stoic-curie.212-227-153-4.plesk.page\/product\/indikator-kuta-kormila-ecms-bijelo-kromiran-port-starboard-52-mm\/"},"modified":"2026-02-25T00:00:55","modified_gmt":"2026-02-25T00:00:55","slug":"indikator-kuta-kormila-ecms-bijelo-kromiran-port-starboard-52-mm","status":"publish","type":"product","link":"https:\/\/stoic-curie.212-227-153-4.plesk.page\/hr\/product\/indikator-kuta-kormila-ecms-bijelo-kromiran-port-starboard-52-mm\/","title":{"rendered":"Indikator kuta kormila ECMS bijelo-kromiran (port-starboard) 52 mm"},"content":{"rendered":"<p>Indikator kuta kormila ECMS bijelo-kromiran (port-starboard) 52 mm &#8211; <\/p>\n<p>Ecms White Chrome 12\/24V instrumenata, koji dolaze s priklju\u010denim Molex konektorom. Polirani nehr\u0111aju\u0107i \u010delik i bijela broj\u010danik. Vodootporno IP67 za\u0161ti\u0107eno s kupastim, otpornih na maglu objektivom. Prilagodljivo vi\u0161ebojno LED pozadinsko osvjetljenje broj\u010danika. Instrumenti razine mogu se postaviti na bilo koju impedancijsku vrijednost pomo\u0107u gumba za konfiguraciju straga. Tvorn\u010dki su postavljeni na standardnu vrijednost 0-190 Ohm. Manometri za tlak ulja od 5 i 10 bara kompatibilni su s standardnim senzorima (10-180 Ohm), dok je manometar od 30 bara kompatibilan samo s elektroni\u010dkim senzorima (0,5-4,5V). Ampermetri dolaze s senzorom (shunt) za mjerenje struje.<\/p>\n","protected":false},"excerpt":{"rendered":"<p>Indikator kuta kormila ECMS bijelo-kromiran (port-starboard) 52 mm &#8211; Ecms White Chrome 12\/24V instrumenata, koji dolaze s priklju\u010denim Molex konektorom.<\/p>\n","protected":false},"featured_media":5942294,"comment_status":"closed","ping_status":"closed","template":"","meta":[],"product_brand":[2911],"product_cat":[1811],"product_tag":[],"class_list":{"0":"post-3689639","1":"product","2":"type-product","3":"status-publish","4":"has-post-thumbnail","6":"product_brand-ecms-marine-hr","7":"product_cat-brodski-mjerni-instrumenti-ecms-a","9":"first","10":"instock","11":"shipping-taxable","12":"purchasable","13":"product-type-simple"},"_links":{"self":[{"href":"https:\/\/stoic-curie.212-227-153-4.plesk.page\/hr\/wp-json\/wp\/v2\/product\/3689639","targetHints":{"allow":["GET"]}}],"collection":[{"href":"https:\/\/stoic-curie.212-227-153-4.plesk.page\/hr\/wp-json\/wp\/v2\/product"}],"about":[{"href":"https:\/\/stoic-curie.212-227-153-4.plesk.page\/hr\/wp-json\/wp\/v2\/types\/product"}],"replies":[{"embeddable":true,"href":"https:\/\/stoic-curie.212-227-153-4.plesk.page\/hr\/wp-json\/wp\/v2\/comments?post=3689639"}],"version-history":[{"count":0,"href":"https:\/\/stoic-curie.212-227-153-4.plesk.page\/hr\/wp-json\/wp\/v2\/product\/3689639\/revisions"}],"wp:featuredmedia":[{"embeddable":true,"href":"https:\/\/stoic-curie.212-227-153-4.plesk.page\/hr\/wp-json\/wp\/v2\/media\/5942294"}],"wp:attachment":[{"href":"https:\/\/stoic-curie.212-227-153-4.plesk.page\/hr\/wp-json\/wp\/v2\/media?parent=3689639"}],"wp:term":[{"taxonomy":"product_brand","embeddable":true,"href":"https:\/\/stoic-curie.212-227-153-4.plesk.page\/hr\/wp-json\/wp\/v2\/product_brand?post=3689639"},{"taxonomy":"product_cat","embeddable":true,"href":"https:\/\/stoic-curie.212-227-153-4.plesk.page\/hr\/wp-json\/wp\/v2\/product_cat?post=3689639"},{"taxonomy":"product_tag","embeddable":true,"href":"https:\/\/stoic-curie.212-227-153-4.plesk.page\/hr\/wp-json\/wp\/v2\/product_tag?post=3689639"}],"curies":[{"name":"wp","href":"https:\/\/api.w.org\/{rel}","templated":true}]}}