{"id":3689645,"date":"2025-10-13T13:39:15","date_gmt":"2025-10-13T17:39:15","guid":{"rendered":"https:\/\/stoic-curie.212-227-153-4.plesk.page\/product\/posiljatelji-razine-vode-od-nehrdajuceg-celika-i-vode-ecms-12-24v-0-190ohm-500mm\/"},"modified":"2026-02-25T00:00:55","modified_gmt":"2026-02-25T00:00:55","slug":"posiljatelji-razine-vode-od-nehrdajuceg-celika-i-vode-ecms-12-24v-0-190ohm-500mm","status":"publish","type":"product","link":"https:\/\/stoic-curie.212-227-153-4.plesk.page\/hr\/product\/posiljatelji-razine-vode-od-nehrdajuceg-celika-i-vode-ecms-12-24v-0-190ohm-500mm\/","title":{"rendered":"Po\u0161iljatelji razine vode od nehr\u0111aju\u0107eg \u010delika i vode ECMS 12-24v \/ 0-190ohm &#8211; 500mm"},"content":{"rendered":"<p>Po\u0161iljatelji razine vode od nehr\u0111aju\u0107eg \u010delika i vode ECMS 12-24v \/ 0-190ohm &#8211; 500mm &#8211; <\/p>\n<p>Senderi razine vode i goriva od nehr\u0111aju\u0107eg \u010delika 316. VDO tip s 5 rupa promjera 54 mm. Napajanje 12\/24V. Prosje\u010dna impedancija 0 &#8211; 190 Ohm.<\/p>\n","protected":false},"excerpt":{"rendered":"<p>Po\u0161iljatelji razine vode od nehr\u0111aju\u0107eg \u010delika i vode ECMS 12-24v \/ 0-190ohm &#8211; 500mm &#8211; Senderi razine vode i goriva<\/p>\n","protected":false},"featured_media":5942459,"comment_status":"closed","ping_status":"closed","template":"","meta":[],"product_brand":[2911],"product_cat":[1782,1658],"product_tag":[],"class_list":{"0":"post-3689645","1":"product","2":"type-product","3":"status-publish","4":"has-post-thumbnail","6":"product_brand-ecms-marine-hr","7":"product_cat-mjeraci-razine-goriva-i-davaci","8":"product_cat-mjeraci-razine-vode-i-davaci-razine","10":"first","11":"instock","12":"shipping-taxable","13":"purchasable","14":"product-type-simple"},"_links":{"self":[{"href":"https:\/\/stoic-curie.212-227-153-4.plesk.page\/hr\/wp-json\/wp\/v2\/product\/3689645","targetHints":{"allow":["GET"]}}],"collection":[{"href":"https:\/\/stoic-curie.212-227-153-4.plesk.page\/hr\/wp-json\/wp\/v2\/product"}],"about":[{"href":"https:\/\/stoic-curie.212-227-153-4.plesk.page\/hr\/wp-json\/wp\/v2\/types\/product"}],"replies":[{"embeddable":true,"href":"https:\/\/stoic-curie.212-227-153-4.plesk.page\/hr\/wp-json\/wp\/v2\/comments?post=3689645"}],"version-history":[{"count":0,"href":"https:\/\/stoic-curie.212-227-153-4.plesk.page\/hr\/wp-json\/wp\/v2\/product\/3689645\/revisions"}],"wp:featuredmedia":[{"embeddable":true,"href":"https:\/\/stoic-curie.212-227-153-4.plesk.page\/hr\/wp-json\/wp\/v2\/media\/5942459"}],"wp:attachment":[{"href":"https:\/\/stoic-curie.212-227-153-4.plesk.page\/hr\/wp-json\/wp\/v2\/media?parent=3689645"}],"wp:term":[{"taxonomy":"product_brand","embeddable":true,"href":"https:\/\/stoic-curie.212-227-153-4.plesk.page\/hr\/wp-json\/wp\/v2\/product_brand?post=3689645"},{"taxonomy":"product_cat","embeddable":true,"href":"https:\/\/stoic-curie.212-227-153-4.plesk.page\/hr\/wp-json\/wp\/v2\/product_cat?post=3689645"},{"taxonomy":"product_tag","embeddable":true,"href":"https:\/\/stoic-curie.212-227-153-4.plesk.page\/hr\/wp-json\/wp\/v2\/product_tag?post=3689645"}],"curies":[{"name":"wp","href":"https:\/\/api.w.org\/{rel}","templated":true}]}}