{"id":3689647,"date":"2025-10-13T13:39:15","date_gmt":"2025-10-13T17:39:15","guid":{"rendered":"https:\/\/stoic-curie.212-227-153-4.plesk.page\/product\/led-stropne-svjetiljke-foresti-sextant-c-93mm-toplo-3200-k\/"},"modified":"2026-02-25T00:00:55","modified_gmt":"2026-02-25T00:00:55","slug":"led-stropne-svjetiljke-foresti-sextant-c-93mm-toplo-3200-k","status":"publish","type":"product","link":"https:\/\/stoic-curie.212-227-153-4.plesk.page\/hr\/product\/led-stropne-svjetiljke-foresti-sextant-c-93mm-toplo-3200-k\/","title":{"rendered":"LED stropne svjetiljke Foresti Sextant-C 93mm toplo 3200 K\u00b0"},"content":{"rendered":"<p>LED stropne svjetiljke Foresti Sextant-C 93mm toplo 3200 K\u00b0 &#8211; <\/p>\n<p>LED ugradna svjetiljka za unutarnje prostore s kromiranim mjedenim okvirom i vijcima od nehr\u0111aju\u0107eg \u010delika. Univerzalni napajanje 12\/24V &#8211; 2,5W. Za\u0161tita IP43.<\/p>\n","protected":false},"excerpt":{"rendered":"<p>LED stropne svjetiljke Foresti Sextant-C 93mm toplo 3200 K\u00b0 &#8211; LED ugradna svjetiljka za unutarnje prostore s kromiranim mjedenim okvirom<\/p>\n","protected":false},"featured_media":5942468,"comment_status":"closed","ping_status":"closed","template":"","meta":[],"product_brand":[2946],"product_cat":[1739],"product_tag":[],"class_list":{"0":"post-3689647","1":"product","2":"type-product","3":"status-publish","4":"has-post-thumbnail","6":"product_brand-foresti-suardi-hr","7":"product_cat-rasvjeta","9":"first","10":"instock","11":"shipping-taxable","12":"purchasable","13":"product-type-simple"},"_links":{"self":[{"href":"https:\/\/stoic-curie.212-227-153-4.plesk.page\/hr\/wp-json\/wp\/v2\/product\/3689647","targetHints":{"allow":["GET"]}}],"collection":[{"href":"https:\/\/stoic-curie.212-227-153-4.plesk.page\/hr\/wp-json\/wp\/v2\/product"}],"about":[{"href":"https:\/\/stoic-curie.212-227-153-4.plesk.page\/hr\/wp-json\/wp\/v2\/types\/product"}],"replies":[{"embeddable":true,"href":"https:\/\/stoic-curie.212-227-153-4.plesk.page\/hr\/wp-json\/wp\/v2\/comments?post=3689647"}],"version-history":[{"count":0,"href":"https:\/\/stoic-curie.212-227-153-4.plesk.page\/hr\/wp-json\/wp\/v2\/product\/3689647\/revisions"}],"wp:featuredmedia":[{"embeddable":true,"href":"https:\/\/stoic-curie.212-227-153-4.plesk.page\/hr\/wp-json\/wp\/v2\/media\/5942468"}],"wp:attachment":[{"href":"https:\/\/stoic-curie.212-227-153-4.plesk.page\/hr\/wp-json\/wp\/v2\/media?parent=3689647"}],"wp:term":[{"taxonomy":"product_brand","embeddable":true,"href":"https:\/\/stoic-curie.212-227-153-4.plesk.page\/hr\/wp-json\/wp\/v2\/product_brand?post=3689647"},{"taxonomy":"product_cat","embeddable":true,"href":"https:\/\/stoic-curie.212-227-153-4.plesk.page\/hr\/wp-json\/wp\/v2\/product_cat?post=3689647"},{"taxonomy":"product_tag","embeddable":true,"href":"https:\/\/stoic-curie.212-227-153-4.plesk.page\/hr\/wp-json\/wp\/v2\/product_tag?post=3689647"}],"curies":[{"name":"wp","href":"https:\/\/api.w.org\/{rel}","templated":true}]}}