{"id":3689649,"date":"2025-10-13T13:39:16","date_gmt":"2025-10-13T17:39:16","guid":{"rendered":"https:\/\/stoic-curie.212-227-153-4.plesk.page\/product\/rucni-alat-od-nehrdajuceg-celika-blackfox\/"},"modified":"2026-02-25T00:00:55","modified_gmt":"2026-02-25T00:00:55","slug":"rucni-alat-od-nehrdajuceg-celika-blackfox","status":"publish","type":"product","link":"https:\/\/stoic-curie.212-227-153-4.plesk.page\/hr\/product\/rucni-alat-od-nehrdajuceg-celika-blackfox\/","title":{"rendered":"Ru\u010dni alat od nehr\u0111aju\u0107eg \u010delika Blackfox"},"content":{"rendered":"<p>Ru\u010dni alat od nehr\u0111aju\u0107eg \u010delika Blackfox &#8211; <\/p>\n<p>Alat za d\u017eep od nehr\u0111aju\u0107eg \u010delika s ku\u010di\u0161tem. Uklju\u010duje klije\u0161ta, o\u0161tri no\u017e, odvija\u010d, \u0161kare, puha\u010d, nazubljeni no\u017e itd.<\/p>\n","protected":false},"excerpt":{"rendered":"<p>Ru\u010dni alat od nehr\u0111aju\u0107eg \u010delika Blackfox &#8211; Alat za d\u017eep od nehr\u0111aju\u0107eg \u010delika s ku\u010di\u0161tem. Uklju\u010duje klije\u0161ta, o\u0161tri no\u017e, odvija\u010d,<\/p>\n","protected":false},"featured_media":5942470,"comment_status":"closed","ping_status":"closed","template":"","meta":[],"product_brand":[3081],"product_cat":[1856],"product_tag":[],"class_list":{"0":"post-3689649","1":"product","2":"type-product","3":"status-publish","4":"has-post-thumbnail","6":"product_brand-macs-hr","7":"product_cat-jedrilicarski-nozevi-i-alati","9":"first","10":"instock","11":"shipping-taxable","12":"purchasable","13":"product-type-simple"},"_links":{"self":[{"href":"https:\/\/stoic-curie.212-227-153-4.plesk.page\/hr\/wp-json\/wp\/v2\/product\/3689649","targetHints":{"allow":["GET"]}}],"collection":[{"href":"https:\/\/stoic-curie.212-227-153-4.plesk.page\/hr\/wp-json\/wp\/v2\/product"}],"about":[{"href":"https:\/\/stoic-curie.212-227-153-4.plesk.page\/hr\/wp-json\/wp\/v2\/types\/product"}],"replies":[{"embeddable":true,"href":"https:\/\/stoic-curie.212-227-153-4.plesk.page\/hr\/wp-json\/wp\/v2\/comments?post=3689649"}],"version-history":[{"count":0,"href":"https:\/\/stoic-curie.212-227-153-4.plesk.page\/hr\/wp-json\/wp\/v2\/product\/3689649\/revisions"}],"wp:featuredmedia":[{"embeddable":true,"href":"https:\/\/stoic-curie.212-227-153-4.plesk.page\/hr\/wp-json\/wp\/v2\/media\/5942470"}],"wp:attachment":[{"href":"https:\/\/stoic-curie.212-227-153-4.plesk.page\/hr\/wp-json\/wp\/v2\/media?parent=3689649"}],"wp:term":[{"taxonomy":"product_brand","embeddable":true,"href":"https:\/\/stoic-curie.212-227-153-4.plesk.page\/hr\/wp-json\/wp\/v2\/product_brand?post=3689649"},{"taxonomy":"product_cat","embeddable":true,"href":"https:\/\/stoic-curie.212-227-153-4.plesk.page\/hr\/wp-json\/wp\/v2\/product_cat?post=3689649"},{"taxonomy":"product_tag","embeddable":true,"href":"https:\/\/stoic-curie.212-227-153-4.plesk.page\/hr\/wp-json\/wp\/v2\/product_tag?post=3689649"}],"curies":[{"name":"wp","href":"https:\/\/api.w.org\/{rel}","templated":true}]}}