{"id":3689664,"date":"2025-10-13T13:39:20","date_gmt":"2025-10-13T17:39:20","guid":{"rendered":"https:\/\/stoic-curie.212-227-153-4.plesk.page\/product\/taca-za-posluzivanje-od-melamina-mb-regatta-2kom\/"},"modified":"2026-02-25T00:00:55","modified_gmt":"2026-02-25T00:00:55","slug":"taca-za-posluzivanje-od-melamina-mb-regatta-2kom","status":"publish","type":"product","link":"https:\/\/stoic-curie.212-227-153-4.plesk.page\/hr\/product\/taca-za-posluzivanje-od-melamina-mb-regatta-2kom\/","title":{"rendered":"Taca za poslu\u017eivanje od melamina MB Regatta 2kom"},"content":{"rendered":"<p>Taca za poslu\u017eivanje od melamina MB Regatta 2kom &#8211; <\/p>\n<p>Poslu\u017eavnici ukra\u0161eni Regatom. Izra\u0111eni od 100 % certificiranog melamina sigurnog za hranu. Mogu se prati u perilici posu\u0111a, neuni\u0161tivi su i otporni na mrlje. 2 komada u pakiranju.<\/p>\n","protected":false},"excerpt":{"rendered":"<p>Taca za poslu\u017eivanje od melamina MB Regatta 2kom &#8211; Poslu\u017eavnici ukra\u0161eni Regatom. Izra\u0111eni od 100 % certificiranog melamina sigurnog za<\/p>\n","protected":false},"featured_media":5942513,"comment_status":"closed","ping_status":"closed","template":"","meta":[],"product_brand":[3111],"product_cat":[1645],"product_tag":[],"class_list":{"0":"post-3689664","1":"product","2":"type-product","3":"status-publish","4":"has-post-thumbnail","6":"product_brand-marine-business-mb-hr","7":"product_cat-brodsko-posude","9":"first","10":"instock","11":"shipping-taxable","12":"purchasable","13":"product-type-simple"},"_links":{"self":[{"href":"https:\/\/stoic-curie.212-227-153-4.plesk.page\/hr\/wp-json\/wp\/v2\/product\/3689664","targetHints":{"allow":["GET"]}}],"collection":[{"href":"https:\/\/stoic-curie.212-227-153-4.plesk.page\/hr\/wp-json\/wp\/v2\/product"}],"about":[{"href":"https:\/\/stoic-curie.212-227-153-4.plesk.page\/hr\/wp-json\/wp\/v2\/types\/product"}],"replies":[{"embeddable":true,"href":"https:\/\/stoic-curie.212-227-153-4.plesk.page\/hr\/wp-json\/wp\/v2\/comments?post=3689664"}],"version-history":[{"count":0,"href":"https:\/\/stoic-curie.212-227-153-4.plesk.page\/hr\/wp-json\/wp\/v2\/product\/3689664\/revisions"}],"wp:featuredmedia":[{"embeddable":true,"href":"https:\/\/stoic-curie.212-227-153-4.plesk.page\/hr\/wp-json\/wp\/v2\/media\/5942513"}],"wp:attachment":[{"href":"https:\/\/stoic-curie.212-227-153-4.plesk.page\/hr\/wp-json\/wp\/v2\/media?parent=3689664"}],"wp:term":[{"taxonomy":"product_brand","embeddable":true,"href":"https:\/\/stoic-curie.212-227-153-4.plesk.page\/hr\/wp-json\/wp\/v2\/product_brand?post=3689664"},{"taxonomy":"product_cat","embeddable":true,"href":"https:\/\/stoic-curie.212-227-153-4.plesk.page\/hr\/wp-json\/wp\/v2\/product_cat?post=3689664"},{"taxonomy":"product_tag","embeddable":true,"href":"https:\/\/stoic-curie.212-227-153-4.plesk.page\/hr\/wp-json\/wp\/v2\/product_tag?post=3689664"}],"curies":[{"name":"wp","href":"https:\/\/api.w.org\/{rel}","templated":true}]}}