{"id":3689668,"date":"2025-10-13T13:39:21","date_gmt":"2025-10-13T17:39:21","guid":{"rendered":"https:\/\/stoic-curie.212-227-153-4.plesk.page\/product\/kutija-s-elektricnim-osiguracima-sa-12-plosnatih-osiguraca-led-indikator\/"},"modified":"2026-02-25T00:00:55","modified_gmt":"2026-02-25T00:00:55","slug":"kutija-s-elektricnim-osiguracima-sa-12-plosnatih-osiguraca-led-indikator","status":"publish","type":"product","link":"https:\/\/stoic-curie.212-227-153-4.plesk.page\/hr\/product\/kutija-s-elektricnim-osiguracima-sa-12-plosnatih-osiguraca-led-indikator\/","title":{"rendered":"Kutija s elektricnim osigura\u010dima sa 12 plosnatih osigura\u010da (LED indikator)"},"content":{"rendered":"<p>Kutija s elektricnim osigura\u010dima sa 12 plosnatih osigura\u010da (LED indikator) &#8211; <\/p>\n<p>Standardni midi-blade osigurava\u010di s LED indikatorom, koji se aktivira kada osiguranje pregori. Opremljen skladi\u0161tem za 2 dodatna osigura\u010da, za\u0161titnim poklopcem i 60 etiketa. Modul s kop\u010danjem omogu\u0107ava povezivanje 6 krugova na modularne dr\u017ea\u010de koji se mogu kombinirati. Dva 2101683 dr\u017ea\u010da osigura\u010da dostupna u setu.<\/p>\n","protected":false},"excerpt":{"rendered":"<p>Kutija s elektricnim osigura\u010dima sa 12 plosnatih osigura\u010da (LED indikator) &#8211; Standardni midi-blade osigurava\u010di s LED indikatorom, koji se aktivira<\/p>\n","protected":false},"featured_media":5942491,"comment_status":"closed","ping_status":"closed","template":"","meta":[],"product_brand":[2831],"product_cat":[1740],"product_tag":[],"class_list":{"0":"post-3689668","1":"product","2":"type-product","3":"status-publish","4":"has-post-thumbnail","6":"product_brand-blue-sea-systems-hr","7":"product_cat-elektricni-pribor","9":"first","10":"instock","11":"shipping-taxable","12":"purchasable","13":"product-type-simple"},"_links":{"self":[{"href":"https:\/\/stoic-curie.212-227-153-4.plesk.page\/hr\/wp-json\/wp\/v2\/product\/3689668","targetHints":{"allow":["GET"]}}],"collection":[{"href":"https:\/\/stoic-curie.212-227-153-4.plesk.page\/hr\/wp-json\/wp\/v2\/product"}],"about":[{"href":"https:\/\/stoic-curie.212-227-153-4.plesk.page\/hr\/wp-json\/wp\/v2\/types\/product"}],"replies":[{"embeddable":true,"href":"https:\/\/stoic-curie.212-227-153-4.plesk.page\/hr\/wp-json\/wp\/v2\/comments?post=3689668"}],"version-history":[{"count":0,"href":"https:\/\/stoic-curie.212-227-153-4.plesk.page\/hr\/wp-json\/wp\/v2\/product\/3689668\/revisions"}],"wp:featuredmedia":[{"embeddable":true,"href":"https:\/\/stoic-curie.212-227-153-4.plesk.page\/hr\/wp-json\/wp\/v2\/media\/5942491"}],"wp:attachment":[{"href":"https:\/\/stoic-curie.212-227-153-4.plesk.page\/hr\/wp-json\/wp\/v2\/media?parent=3689668"}],"wp:term":[{"taxonomy":"product_brand","embeddable":true,"href":"https:\/\/stoic-curie.212-227-153-4.plesk.page\/hr\/wp-json\/wp\/v2\/product_brand?post=3689668"},{"taxonomy":"product_cat","embeddable":true,"href":"https:\/\/stoic-curie.212-227-153-4.plesk.page\/hr\/wp-json\/wp\/v2\/product_cat?post=3689668"},{"taxonomy":"product_tag","embeddable":true,"href":"https:\/\/stoic-curie.212-227-153-4.plesk.page\/hr\/wp-json\/wp\/v2\/product_tag?post=3689668"}],"curies":[{"name":"wp","href":"https:\/\/api.w.org\/{rel}","templated":true}]}}