{"id":3689669,"date":"2025-10-13T13:39:22","date_gmt":"2025-10-13T17:39:22","guid":{"rendered":"https:\/\/stoic-curie.212-227-153-4.plesk.page\/product\/ulje-i-gorivo-cjevasti-apsorbenti-8x240cm\/"},"modified":"2026-02-25T00:00:55","modified_gmt":"2026-02-25T00:00:55","slug":"ulje-i-gorivo-cjevasti-apsorbenti-8x240cm","status":"publish","type":"product","link":"https:\/\/stoic-curie.212-227-153-4.plesk.page\/hr\/product\/ulje-i-gorivo-cjevasti-apsorbenti-8x240cm\/","title":{"rendered":"Ulje i gorivo cjevasti apsorbenti 8x240cm"},"content":{"rendered":"<p>Ulje i gorivo cjevasti apsorbenti 8x240cm &#8211; <\/p>\n<p>Posebni upijaju\u0107i cijevi koji upijaju ulje i gorivo, ali odbacuju vodu. Mogu upiti 20 puta svoju te\u017einu u ulju ili gorivu. Koriste se prilikom dopunjavanja goriva ili mijenjanja ulja, itd., kako bi se sprije\u010dilo curenje goriva\/ulja u okolnu vodu.<\/p>\n","protected":false},"excerpt":{"rendered":"<p>Ulje i gorivo cjevasti apsorbenti 8x240cm &#8211; Posebni upijaju\u0107i cijevi koji upijaju ulje i gorivo, ali odbacuju vodu. Mogu upiti<\/p>\n","protected":false},"featured_media":5942527,"comment_status":"closed","ping_status":"closed","template":"","meta":[],"product_brand":[2871],"product_cat":[1630,1631],"product_tag":[],"class_list":{"0":"post-3689669","1":"product","2":"type-product","3":"status-publish","4":"has-post-thumbnail","6":"product_brand-crc-marine-hr","7":"product_cat-absorbenti-za-ulje-i-gorivo","8":"product_cat-alati-za-ciscenje","10":"first","11":"instock","12":"shipping-taxable","13":"purchasable","14":"product-type-simple"},"_links":{"self":[{"href":"https:\/\/stoic-curie.212-227-153-4.plesk.page\/hr\/wp-json\/wp\/v2\/product\/3689669","targetHints":{"allow":["GET"]}}],"collection":[{"href":"https:\/\/stoic-curie.212-227-153-4.plesk.page\/hr\/wp-json\/wp\/v2\/product"}],"about":[{"href":"https:\/\/stoic-curie.212-227-153-4.plesk.page\/hr\/wp-json\/wp\/v2\/types\/product"}],"replies":[{"embeddable":true,"href":"https:\/\/stoic-curie.212-227-153-4.plesk.page\/hr\/wp-json\/wp\/v2\/comments?post=3689669"}],"version-history":[{"count":0,"href":"https:\/\/stoic-curie.212-227-153-4.plesk.page\/hr\/wp-json\/wp\/v2\/product\/3689669\/revisions"}],"wp:featuredmedia":[{"embeddable":true,"href":"https:\/\/stoic-curie.212-227-153-4.plesk.page\/hr\/wp-json\/wp\/v2\/media\/5942527"}],"wp:attachment":[{"href":"https:\/\/stoic-curie.212-227-153-4.plesk.page\/hr\/wp-json\/wp\/v2\/media?parent=3689669"}],"wp:term":[{"taxonomy":"product_brand","embeddable":true,"href":"https:\/\/stoic-curie.212-227-153-4.plesk.page\/hr\/wp-json\/wp\/v2\/product_brand?post=3689669"},{"taxonomy":"product_cat","embeddable":true,"href":"https:\/\/stoic-curie.212-227-153-4.plesk.page\/hr\/wp-json\/wp\/v2\/product_cat?post=3689669"},{"taxonomy":"product_tag","embeddable":true,"href":"https:\/\/stoic-curie.212-227-153-4.plesk.page\/hr\/wp-json\/wp\/v2\/product_tag?post=3689669"}],"curies":[{"name":"wp","href":"https:\/\/api.w.org\/{rel}","templated":true}]}}