{"id":3689677,"date":"2025-10-13T13:39:24","date_gmt":"2025-10-13T17:39:24","guid":{"rendered":"https:\/\/stoic-curie.212-227-153-4.plesk.page\/product\/zastava-s-bijelim-signalom-30-x-45-cm\/"},"modified":"2026-02-25T00:00:55","modified_gmt":"2026-02-25T00:00:55","slug":"zastava-s-bijelim-signalom-30-x-45-cm","status":"publish","type":"product","link":"https:\/\/stoic-curie.212-227-153-4.plesk.page\/hr\/product\/zastava-s-bijelim-signalom-30-x-45-cm\/","title":{"rendered":"Zastava s bijelim signalom 30 x 45 cm"},"content":{"rendered":"<p>Zastava s bijelim signalom 30 x 45 cm &#8211; <\/p>\n<p>Bijela upozoravaju\u0107a zastava za pla\u017ene odmarali\u0161ta.<\/p>\n","protected":false},"excerpt":{"rendered":"<p>Zastava s bijelim signalom 30 x 45 cm &#8211; Bijela upozoravaju\u0107a zastava za pla\u017ene odmarali\u0161ta.<\/p>\n","protected":false},"featured_media":5942543,"comment_status":"closed","ping_status":"closed","template":"","meta":[],"product_brand":[3116],"product_cat":[1781],"product_tag":[],"class_list":{"0":"post-3689677","1":"product","2":"type-product","3":"status-publish","4":"has-post-thumbnail","6":"product_brand-marine-flags-hr","7":"product_cat-signalne-zastave-za-brodove","9":"first","10":"instock","11":"shipping-taxable","12":"purchasable","13":"product-type-simple"},"_links":{"self":[{"href":"https:\/\/stoic-curie.212-227-153-4.plesk.page\/hr\/wp-json\/wp\/v2\/product\/3689677","targetHints":{"allow":["GET"]}}],"collection":[{"href":"https:\/\/stoic-curie.212-227-153-4.plesk.page\/hr\/wp-json\/wp\/v2\/product"}],"about":[{"href":"https:\/\/stoic-curie.212-227-153-4.plesk.page\/hr\/wp-json\/wp\/v2\/types\/product"}],"replies":[{"embeddable":true,"href":"https:\/\/stoic-curie.212-227-153-4.plesk.page\/hr\/wp-json\/wp\/v2\/comments?post=3689677"}],"version-history":[{"count":0,"href":"https:\/\/stoic-curie.212-227-153-4.plesk.page\/hr\/wp-json\/wp\/v2\/product\/3689677\/revisions"}],"wp:featuredmedia":[{"embeddable":true,"href":"https:\/\/stoic-curie.212-227-153-4.plesk.page\/hr\/wp-json\/wp\/v2\/media\/5942543"}],"wp:attachment":[{"href":"https:\/\/stoic-curie.212-227-153-4.plesk.page\/hr\/wp-json\/wp\/v2\/media?parent=3689677"}],"wp:term":[{"taxonomy":"product_brand","embeddable":true,"href":"https:\/\/stoic-curie.212-227-153-4.plesk.page\/hr\/wp-json\/wp\/v2\/product_brand?post=3689677"},{"taxonomy":"product_cat","embeddable":true,"href":"https:\/\/stoic-curie.212-227-153-4.plesk.page\/hr\/wp-json\/wp\/v2\/product_cat?post=3689677"},{"taxonomy":"product_tag","embeddable":true,"href":"https:\/\/stoic-curie.212-227-153-4.plesk.page\/hr\/wp-json\/wp\/v2\/product_tag?post=3689677"}],"curies":[{"name":"wp","href":"https:\/\/api.w.org\/{rel}","templated":true}]}}