{"id":3689680,"date":"2025-10-13T13:39:25","date_gmt":"2025-10-13T17:39:25","guid":{"rendered":"https:\/\/stoic-curie.212-227-153-4.plesk.page\/product\/zamjenska-ostrica-za-rezac-konopa-remena-fusion-pro\/"},"modified":"2026-02-25T00:00:55","modified_gmt":"2026-02-25T00:00:55","slug":"zamjenska-ostrica-za-rezac-konopa-remena-fusion-pro","status":"publish","type":"product","link":"https:\/\/stoic-curie.212-227-153-4.plesk.page\/hr\/product\/zamjenska-ostrica-za-rezac-konopa-remena-fusion-pro\/","title":{"rendered":"Zamjenska o\u0161trica za reza\u010d konopa remena Fusion Pro"},"content":{"rendered":"<p>Zamjenska o\u0161trica za reza\u010d konopa remena Fusion Pro &#8211; <\/p>\n<p>Prijenosni be\u017ei\u010dni punjivi elektri\u010dni reza\u010d u\u017eeta. Dose\u017ee 400\u00b0C za nekoliko sekundi i brzo re\u017ee \u010dak i debele u\u017ead, pletenice i kabele. Tako\u0111er je prikladan za rezanje jedara, nadstre\u0161nica, remena, traka i bilo koje sinteti\u010dke platne. Dolazi s o\u0161tricom, \u010detkom za \u010di\u0161\u0107enje, punjivom baterijom i punja\u010dem. Dolazi s prenosivom kutijom alata.<\/p>\n","protected":false},"excerpt":{"rendered":"<p>Zamjenska o\u0161trica za reza\u010d konopa remena Fusion Pro &#8211; Prijenosni be\u017ei\u010dni punjivi elektri\u010dni reza\u010d u\u017eeta. Dose\u017ee 400\u00b0C za nekoliko sekundi<\/p>\n","protected":false},"featured_media":5939683,"comment_status":"closed","ping_status":"closed","template":"","meta":[],"product_brand":[3066],"product_cat":[1613],"product_tag":[],"class_list":{"0":"post-3689680","1":"product","2":"type-product","3":"status-publish","4":"has-post-thumbnail","6":"product_brand-liros-hr","7":"product_cat-alati-za-rezanje","9":"first","10":"instock","11":"shipping-taxable","12":"purchasable","13":"product-type-simple"},"_links":{"self":[{"href":"https:\/\/stoic-curie.212-227-153-4.plesk.page\/hr\/wp-json\/wp\/v2\/product\/3689680","targetHints":{"allow":["GET"]}}],"collection":[{"href":"https:\/\/stoic-curie.212-227-153-4.plesk.page\/hr\/wp-json\/wp\/v2\/product"}],"about":[{"href":"https:\/\/stoic-curie.212-227-153-4.plesk.page\/hr\/wp-json\/wp\/v2\/types\/product"}],"replies":[{"embeddable":true,"href":"https:\/\/stoic-curie.212-227-153-4.plesk.page\/hr\/wp-json\/wp\/v2\/comments?post=3689680"}],"version-history":[{"count":0,"href":"https:\/\/stoic-curie.212-227-153-4.plesk.page\/hr\/wp-json\/wp\/v2\/product\/3689680\/revisions"}],"wp:featuredmedia":[{"embeddable":true,"href":"https:\/\/stoic-curie.212-227-153-4.plesk.page\/hr\/wp-json\/wp\/v2\/media\/5939683"}],"wp:attachment":[{"href":"https:\/\/stoic-curie.212-227-153-4.plesk.page\/hr\/wp-json\/wp\/v2\/media?parent=3689680"}],"wp:term":[{"taxonomy":"product_brand","embeddable":true,"href":"https:\/\/stoic-curie.212-227-153-4.plesk.page\/hr\/wp-json\/wp\/v2\/product_brand?post=3689680"},{"taxonomy":"product_cat","embeddable":true,"href":"https:\/\/stoic-curie.212-227-153-4.plesk.page\/hr\/wp-json\/wp\/v2\/product_cat?post=3689680"},{"taxonomy":"product_tag","embeddable":true,"href":"https:\/\/stoic-curie.212-227-153-4.plesk.page\/hr\/wp-json\/wp\/v2\/product_tag?post=3689680"}],"curies":[{"name":"wp","href":"https:\/\/api.w.org\/{rel}","templated":true}]}}