{"id":3689684,"date":"2025-10-13T13:39:26","date_gmt":"2025-10-13T17:39:26","guid":{"rendered":"https:\/\/stoic-curie.212-227-153-4.plesk.page\/product\/par-led-navigacijskih-svjetala-od-nehrdajuceg-celika-100-x-60-x-h36-mm\/"},"modified":"2026-02-25T00:00:55","modified_gmt":"2026-02-25T00:00:55","slug":"par-led-navigacijskih-svjetala-od-nehrdajuceg-celika-100-x-60-x-h36-mm","status":"publish","type":"product","link":"https:\/\/stoic-curie.212-227-153-4.plesk.page\/hr\/product\/par-led-navigacijskih-svjetala-od-nehrdajuceg-celika-100-x-60-x-h36-mm\/","title":{"rendered":"Par LED navigacijskih svjetala od nehr\u0111aju\u0107eg \u010delika 100 x 60 x H36 mm"},"content":{"rendered":"<p>Par LED navigacijskih svjetala od nehr\u0111aju\u0107eg \u010delika 100 x 60 x H36 mm &#8211; <\/p>\n<p>Par navigacijskih LED svjetala od nehr\u0111aju\u0107eg \u010delika. Ispunjava CE\/IMO\/COLREG 72\/ABYC\/NMMA zahtjeve. Dimenzije: 100 x 60 x H36 mm.<\/p>\n","protected":false},"excerpt":{"rendered":"<p>Par LED navigacijskih svjetala od nehr\u0111aju\u0107eg \u010delika 100 x 60 x H36 mm &#8211; Par navigacijskih LED svjetala od nehr\u0111aju\u0107eg<\/p>\n","protected":false},"featured_media":5942552,"comment_status":"closed","ping_status":"closed","template":"","meta":[],"product_brand":[3236],"product_cat":[1736],"product_tag":[],"class_list":{"0":"post-3689684","1":"product","2":"type-product","3":"status-publish","4":"has-post-thumbnail","6":"product_brand-osculati-hr","7":"product_cat-led-navigacijska-svjetla","9":"first","10":"instock","11":"shipping-taxable","12":"purchasable","13":"product-type-simple"},"_links":{"self":[{"href":"https:\/\/stoic-curie.212-227-153-4.plesk.page\/hr\/wp-json\/wp\/v2\/product\/3689684","targetHints":{"allow":["GET"]}}],"collection":[{"href":"https:\/\/stoic-curie.212-227-153-4.plesk.page\/hr\/wp-json\/wp\/v2\/product"}],"about":[{"href":"https:\/\/stoic-curie.212-227-153-4.plesk.page\/hr\/wp-json\/wp\/v2\/types\/product"}],"replies":[{"embeddable":true,"href":"https:\/\/stoic-curie.212-227-153-4.plesk.page\/hr\/wp-json\/wp\/v2\/comments?post=3689684"}],"version-history":[{"count":0,"href":"https:\/\/stoic-curie.212-227-153-4.plesk.page\/hr\/wp-json\/wp\/v2\/product\/3689684\/revisions"}],"wp:featuredmedia":[{"embeddable":true,"href":"https:\/\/stoic-curie.212-227-153-4.plesk.page\/hr\/wp-json\/wp\/v2\/media\/5942552"}],"wp:attachment":[{"href":"https:\/\/stoic-curie.212-227-153-4.plesk.page\/hr\/wp-json\/wp\/v2\/media?parent=3689684"}],"wp:term":[{"taxonomy":"product_brand","embeddable":true,"href":"https:\/\/stoic-curie.212-227-153-4.plesk.page\/hr\/wp-json\/wp\/v2\/product_brand?post=3689684"},{"taxonomy":"product_cat","embeddable":true,"href":"https:\/\/stoic-curie.212-227-153-4.plesk.page\/hr\/wp-json\/wp\/v2\/product_cat?post=3689684"},{"taxonomy":"product_tag","embeddable":true,"href":"https:\/\/stoic-curie.212-227-153-4.plesk.page\/hr\/wp-json\/wp\/v2\/product_tag?post=3689684"}],"curies":[{"name":"wp","href":"https:\/\/api.w.org\/{rel}","templated":true}]}}