{"id":3689692,"date":"2025-10-13T13:39:28","date_gmt":"2025-10-13T17:39:28","guid":{"rendered":"https:\/\/stoic-curie.212-227-153-4.plesk.page\/product\/led-ambijentalno-svjetlo-od-nehrdajuceg-celika-s-pozadinskim-osvjetljenjem-quick-tina-plavo\/"},"modified":"2026-02-25T00:00:55","modified_gmt":"2026-02-25T00:00:55","slug":"led-ambijentalno-svjetlo-od-nehrdajuceg-celika-s-pozadinskim-osvjetljenjem-quick-tina-plavo","status":"publish","type":"product","link":"https:\/\/stoic-curie.212-227-153-4.plesk.page\/hr\/product\/led-ambijentalno-svjetlo-od-nehrdajuceg-celika-s-pozadinskim-osvjetljenjem-quick-tina-plavo\/","title":{"rendered":"LED ambijentalno svjetlo od nehr\u0111aju\u0107eg \u010delika s pozadinskim osvjetljenjem Quick Tina plavo"},"content":{"rendered":"<p>LED ambijentalno svjetlo od nehr\u0111aju\u0107eg \u010delika s pozadinskim osvjetljenjem Quick Tina plavo &#8211; <\/p>\n<p>316 nehr\u0111aju\u0107i \u010delik 0,24W IP65 \u010deli\u010dna LED svjetlost za unutarnju i vanjsku upotrebu. Ugradnja na tla\u010d. Univerzalni napon od 9-32V s prilagodljivim LED-om koji je za\u0161ti\u0107en od prenapona i obrnute polariteta.<\/p>\n","protected":false},"excerpt":{"rendered":"<p>LED ambijentalno svjetlo od nehr\u0111aju\u0107eg \u010delika s pozadinskim osvjetljenjem Quick Tina plavo &#8211; 316 nehr\u0111aju\u0107i \u010delik 0,24W IP65 \u010deli\u010dna LED<\/p>\n","protected":false},"featured_media":5940836,"comment_status":"closed","ping_status":"closed","template":"","meta":[],"product_brand":[3281],"product_cat":[1730,1739],"product_tag":[],"class_list":{"0":"post-3689692","1":"product","2":"type-product","3":"status-publish","4":"has-post-thumbnail","6":"product_brand-quick-hr","7":"product_cat-dekorativna-rasvjeta","8":"product_cat-rasvjeta","10":"first","11":"instock","12":"shipping-taxable","13":"purchasable","14":"product-type-simple"},"_links":{"self":[{"href":"https:\/\/stoic-curie.212-227-153-4.plesk.page\/hr\/wp-json\/wp\/v2\/product\/3689692","targetHints":{"allow":["GET"]}}],"collection":[{"href":"https:\/\/stoic-curie.212-227-153-4.plesk.page\/hr\/wp-json\/wp\/v2\/product"}],"about":[{"href":"https:\/\/stoic-curie.212-227-153-4.plesk.page\/hr\/wp-json\/wp\/v2\/types\/product"}],"replies":[{"embeddable":true,"href":"https:\/\/stoic-curie.212-227-153-4.plesk.page\/hr\/wp-json\/wp\/v2\/comments?post=3689692"}],"version-history":[{"count":0,"href":"https:\/\/stoic-curie.212-227-153-4.plesk.page\/hr\/wp-json\/wp\/v2\/product\/3689692\/revisions"}],"wp:featuredmedia":[{"embeddable":true,"href":"https:\/\/stoic-curie.212-227-153-4.plesk.page\/hr\/wp-json\/wp\/v2\/media\/5940836"}],"wp:attachment":[{"href":"https:\/\/stoic-curie.212-227-153-4.plesk.page\/hr\/wp-json\/wp\/v2\/media?parent=3689692"}],"wp:term":[{"taxonomy":"product_brand","embeddable":true,"href":"https:\/\/stoic-curie.212-227-153-4.plesk.page\/hr\/wp-json\/wp\/v2\/product_brand?post=3689692"},{"taxonomy":"product_cat","embeddable":true,"href":"https:\/\/stoic-curie.212-227-153-4.plesk.page\/hr\/wp-json\/wp\/v2\/product_cat?post=3689692"},{"taxonomy":"product_tag","embeddable":true,"href":"https:\/\/stoic-curie.212-227-153-4.plesk.page\/hr\/wp-json\/wp\/v2\/product_tag?post=3689692"}],"curies":[{"name":"wp","href":"https:\/\/api.w.org\/{rel}","templated":true}]}}