{"id":3689693,"date":"2025-10-13T13:39:28","date_gmt":"2025-10-13T17:39:28","guid":{"rendered":"https:\/\/stoic-curie.212-227-153-4.plesk.page\/product\/led-ambijentalno-svjetlo-quick-patricia-plavo-19-x-21-mm\/"},"modified":"2026-02-25T00:00:55","modified_gmt":"2026-02-25T00:00:55","slug":"led-ambijentalno-svjetlo-quick-patricia-plavo-19-x-21-mm","status":"publish","type":"product","link":"https:\/\/stoic-curie.212-227-153-4.plesk.page\/hr\/product\/led-ambijentalno-svjetlo-quick-patricia-plavo-19-x-21-mm\/","title":{"rendered":"LED ambijentalno svjetlo Quick Patricia plavo 19 x 21 mm"},"content":{"rendered":"<p>LED ambijentalno svjetlo Quick Patricia plavo 19 x 21 mm &#8211; <\/p>\n<p>UV stabilizirano ku\u0107i\u0161te od tehnopolimera otporno na udarce, LED lampa za gostoprimstvo 0,24 W IP65 za unutarnje i vanjske prostore. Ugradnja s vijcima. Univerzalni napon od 9-32 V s LED diodom koja se mo\u017ee prigu\u0161iti, za\u0161ti\u0107enom od prenapona i obrnute polariteta.<\/p>\n","protected":false},"excerpt":{"rendered":"<p>LED ambijentalno svjetlo Quick Patricia plavo 19 x 21 mm &#8211; UV stabilizirano ku\u0107i\u0161te od tehnopolimera otporno na udarce, LED<\/p>\n","protected":false},"featured_media":5940840,"comment_status":"closed","ping_status":"closed","template":"","meta":[],"product_brand":[3281],"product_cat":[1730,1739],"product_tag":[],"class_list":{"0":"post-3689693","1":"product","2":"type-product","3":"status-publish","4":"has-post-thumbnail","6":"product_brand-quick-hr","7":"product_cat-dekorativna-rasvjeta","8":"product_cat-rasvjeta","10":"first","11":"instock","12":"shipping-taxable","13":"purchasable","14":"product-type-simple"},"_links":{"self":[{"href":"https:\/\/stoic-curie.212-227-153-4.plesk.page\/hr\/wp-json\/wp\/v2\/product\/3689693","targetHints":{"allow":["GET"]}}],"collection":[{"href":"https:\/\/stoic-curie.212-227-153-4.plesk.page\/hr\/wp-json\/wp\/v2\/product"}],"about":[{"href":"https:\/\/stoic-curie.212-227-153-4.plesk.page\/hr\/wp-json\/wp\/v2\/types\/product"}],"replies":[{"embeddable":true,"href":"https:\/\/stoic-curie.212-227-153-4.plesk.page\/hr\/wp-json\/wp\/v2\/comments?post=3689693"}],"version-history":[{"count":0,"href":"https:\/\/stoic-curie.212-227-153-4.plesk.page\/hr\/wp-json\/wp\/v2\/product\/3689693\/revisions"}],"wp:featuredmedia":[{"embeddable":true,"href":"https:\/\/stoic-curie.212-227-153-4.plesk.page\/hr\/wp-json\/wp\/v2\/media\/5940840"}],"wp:attachment":[{"href":"https:\/\/stoic-curie.212-227-153-4.plesk.page\/hr\/wp-json\/wp\/v2\/media?parent=3689693"}],"wp:term":[{"taxonomy":"product_brand","embeddable":true,"href":"https:\/\/stoic-curie.212-227-153-4.plesk.page\/hr\/wp-json\/wp\/v2\/product_brand?post=3689693"},{"taxonomy":"product_cat","embeddable":true,"href":"https:\/\/stoic-curie.212-227-153-4.plesk.page\/hr\/wp-json\/wp\/v2\/product_cat?post=3689693"},{"taxonomy":"product_tag","embeddable":true,"href":"https:\/\/stoic-curie.212-227-153-4.plesk.page\/hr\/wp-json\/wp\/v2\/product_tag?post=3689693"}],"curies":[{"name":"wp","href":"https:\/\/api.w.org\/{rel}","templated":true}]}}