{"id":3689697,"date":"2025-10-13T13:39:30","date_gmt":"2025-10-13T17:39:30","guid":{"rendered":"https:\/\/stoic-curie.212-227-153-4.plesk.page\/product\/brodski-elektricni-kabel-plosnati-2-x-25-smeda\/"},"modified":"2026-02-25T00:00:56","modified_gmt":"2026-02-25T00:00:56","slug":"brodski-elektricni-kabel-plosnati-2-x-25-smeda","status":"publish","type":"product","link":"https:\/\/stoic-curie.212-227-153-4.plesk.page\/hr\/product\/brodski-elektricni-kabel-plosnati-2-x-25-smeda\/","title":{"rendered":"Brodski elektri\u010dni kabel, plosnati, 2 x 2,5 smeda"},"content":{"rendered":"<p>Brodski elektri\u010dni kabel, plosnati, 2 x 2,5 smeda &#8211; <\/p>\n<p>CE certificirani morski ravni elektri\u010dni kabel za instalacije na \u010damcima. Savr\u0161eno za sklopke za odvodnu pumpu, pumpe i za upravljanje bilo kojim elektri\u010dnim ure\u0111ajem. Klasa 5 IEC60228 pocin\u010dani bakreni vod za maksimalnu za\u0161titu od korozije i elektrolize. Superiorna fleksibilnost sa za\u0161titnim izolacijskim pla\u0161tem napravljenim od posebnog PVC-a otpornih na plamen i ulje.<\/p>\n","protected":false},"excerpt":{"rendered":"<p>Brodski elektri\u010dni kabel, plosnati, 2 x 2,5 smeda &#8211; CE certificirani morski ravni elektri\u010dni kabel za instalacije na \u010damcima. Savr\u0161eno<\/p>\n","protected":false},"featured_media":5942130,"comment_status":"closed","ping_status":"closed","template":"","meta":[],"product_brand":[2831],"product_cat":[1755],"product_tag":[],"class_list":{"0":"post-3689697","1":"product","2":"type-product","3":"status-publish","4":"has-post-thumbnail","6":"product_brand-blue-sea-systems-hr","7":"product_cat-elektricni-kabel","9":"first","10":"instock","11":"shipping-taxable","12":"purchasable","13":"product-type-simple"},"_links":{"self":[{"href":"https:\/\/stoic-curie.212-227-153-4.plesk.page\/hr\/wp-json\/wp\/v2\/product\/3689697","targetHints":{"allow":["GET"]}}],"collection":[{"href":"https:\/\/stoic-curie.212-227-153-4.plesk.page\/hr\/wp-json\/wp\/v2\/product"}],"about":[{"href":"https:\/\/stoic-curie.212-227-153-4.plesk.page\/hr\/wp-json\/wp\/v2\/types\/product"}],"replies":[{"embeddable":true,"href":"https:\/\/stoic-curie.212-227-153-4.plesk.page\/hr\/wp-json\/wp\/v2\/comments?post=3689697"}],"version-history":[{"count":0,"href":"https:\/\/stoic-curie.212-227-153-4.plesk.page\/hr\/wp-json\/wp\/v2\/product\/3689697\/revisions"}],"wp:featuredmedia":[{"embeddable":true,"href":"https:\/\/stoic-curie.212-227-153-4.plesk.page\/hr\/wp-json\/wp\/v2\/media\/5942130"}],"wp:attachment":[{"href":"https:\/\/stoic-curie.212-227-153-4.plesk.page\/hr\/wp-json\/wp\/v2\/media?parent=3689697"}],"wp:term":[{"taxonomy":"product_brand","embeddable":true,"href":"https:\/\/stoic-curie.212-227-153-4.plesk.page\/hr\/wp-json\/wp\/v2\/product_brand?post=3689697"},{"taxonomy":"product_cat","embeddable":true,"href":"https:\/\/stoic-curie.212-227-153-4.plesk.page\/hr\/wp-json\/wp\/v2\/product_cat?post=3689697"},{"taxonomy":"product_tag","embeddable":true,"href":"https:\/\/stoic-curie.212-227-153-4.plesk.page\/hr\/wp-json\/wp\/v2\/product_tag?post=3689697"}],"curies":[{"name":"wp","href":"https:\/\/api.w.org\/{rel}","templated":true}]}}