{"id":3689698,"date":"2025-10-13T13:39:30","date_gmt":"2025-10-13T17:39:30","guid":{"rendered":"https:\/\/stoic-curie.212-227-153-4.plesk.page\/product\/elektricni-kabel-brodske-klase-2-x-4-13-4mm\/"},"modified":"2026-02-25T00:00:56","modified_gmt":"2026-02-25T00:00:56","slug":"elektricni-kabel-brodske-klase-2-x-4-13-4mm","status":"publish","type":"product","link":"https:\/\/stoic-curie.212-227-153-4.plesk.page\/hr\/product\/elektricni-kabel-brodske-klase-2-x-4-13-4mm\/","title":{"rendered":"Elektri\u010dni kabel brodske klase 2 x 4 -13.4mm"},"content":{"rendered":"<p>Elektri\u010dni kabel brodske klase 2 x 4 -13.4mm &#8211; <\/p>\n<p>CE certificirani morski elektri\u010dni kabel za instalacije na \u010damcima. Klasa 5 IEC60228 pocin\u010dani bakreni kabel za maksimalnu za\u0161titu od korozije i elektrolize. Izvrsna fleksibilnost sa posebnom PVC izolacijskom ovojnicom koja je otporna na plamen i ulje.<\/p>\n","protected":false},"excerpt":{"rendered":"<p>Elektri\u010dni kabel brodske klase 2 x 4 -13.4mm &#8211; CE certificirani morski elektri\u010dni kabel za instalacije na \u010damcima. Klasa 5<\/p>\n","protected":false},"featured_media":5942135,"comment_status":"closed","ping_status":"closed","template":"","meta":[],"product_brand":[2831],"product_cat":[1755,1750],"product_tag":[],"class_list":{"0":"post-3689698","1":"product","2":"type-product","3":"status-publish","4":"has-post-thumbnail","6":"product_brand-blue-sea-systems-hr","7":"product_cat-elektricni-kabel","8":"product_cat-marinco-utikaci","10":"first","11":"outofstock","12":"shipping-taxable","13":"purchasable","14":"product-type-simple"},"_links":{"self":[{"href":"https:\/\/stoic-curie.212-227-153-4.plesk.page\/hr\/wp-json\/wp\/v2\/product\/3689698","targetHints":{"allow":["GET"]}}],"collection":[{"href":"https:\/\/stoic-curie.212-227-153-4.plesk.page\/hr\/wp-json\/wp\/v2\/product"}],"about":[{"href":"https:\/\/stoic-curie.212-227-153-4.plesk.page\/hr\/wp-json\/wp\/v2\/types\/product"}],"replies":[{"embeddable":true,"href":"https:\/\/stoic-curie.212-227-153-4.plesk.page\/hr\/wp-json\/wp\/v2\/comments?post=3689698"}],"version-history":[{"count":0,"href":"https:\/\/stoic-curie.212-227-153-4.plesk.page\/hr\/wp-json\/wp\/v2\/product\/3689698\/revisions"}],"wp:featuredmedia":[{"embeddable":true,"href":"https:\/\/stoic-curie.212-227-153-4.plesk.page\/hr\/wp-json\/wp\/v2\/media\/5942135"}],"wp:attachment":[{"href":"https:\/\/stoic-curie.212-227-153-4.plesk.page\/hr\/wp-json\/wp\/v2\/media?parent=3689698"}],"wp:term":[{"taxonomy":"product_brand","embeddable":true,"href":"https:\/\/stoic-curie.212-227-153-4.plesk.page\/hr\/wp-json\/wp\/v2\/product_brand?post=3689698"},{"taxonomy":"product_cat","embeddable":true,"href":"https:\/\/stoic-curie.212-227-153-4.plesk.page\/hr\/wp-json\/wp\/v2\/product_cat?post=3689698"},{"taxonomy":"product_tag","embeddable":true,"href":"https:\/\/stoic-curie.212-227-153-4.plesk.page\/hr\/wp-json\/wp\/v2\/product_tag?post=3689698"}],"curies":[{"name":"wp","href":"https:\/\/api.w.org\/{rel}","templated":true}]}}