{"id":3689699,"date":"2025-10-13T13:39:30","date_gmt":"2025-10-13T17:39:30","guid":{"rendered":"https:\/\/stoic-curie.212-227-153-4.plesk.page\/product\/baza-za-glomex-ra135fme-antene\/"},"modified":"2026-02-25T00:00:56","modified_gmt":"2026-02-25T00:00:56","slug":"baza-za-glomex-ra135fme-antene","status":"publish","type":"product","link":"https:\/\/stoic-curie.212-227-153-4.plesk.page\/hr\/product\/baza-za-glomex-ra135fme-antene\/","title":{"rendered":"Baza za Glomex Ra135FME antene"},"content":{"rendered":"<p>Baza za Glomex Ra135FME antene &#8211; <\/p>\n<p>Ekstremno kompaktna omnidirekcijska digitalna zemaljska TV i FM\/DAB radio antena Glomex Alya RA304TV. S unutarnjim poja\u010dalom koje omogu\u0107ava prijem TV i FM\/DAB frekvencija s jednom antenom. FME 5\/8&#8243; x 14 priklju\u010dak omogu\u0107ava brzu i jednostavnu instalaciju kori\u0161tenjem gotovih konektora i kabel\u00e2 na jedrilicama i motornih \u010damaca. Opremljena konektorima, 5 m koaksijalnim kablom, 2 napajanja i 1,5 m TV kabelom.<\/p>\n","protected":false},"excerpt":{"rendered":"<p>Baza za Glomex Ra135FME antene &#8211; Ekstremno kompaktna omnidirekcijska digitalna zemaljska TV i FM\/DAB radio antena Glomex Alya RA304TV. S<\/p>\n","protected":false},"featured_media":5942629,"comment_status":"closed","ping_status":"closed","template":"","meta":[],"product_brand":[2981],"product_cat":[1753],"product_tag":[],"class_list":{"0":"post-3689699","1":"product","2":"type-product","3":"status-publish","4":"has-post-thumbnail","6":"product_brand-glomex-hr","7":"product_cat-vhf-antene","9":"first","10":"instock","11":"shipping-taxable","12":"purchasable","13":"product-type-simple"},"_links":{"self":[{"href":"https:\/\/stoic-curie.212-227-153-4.plesk.page\/hr\/wp-json\/wp\/v2\/product\/3689699","targetHints":{"allow":["GET"]}}],"collection":[{"href":"https:\/\/stoic-curie.212-227-153-4.plesk.page\/hr\/wp-json\/wp\/v2\/product"}],"about":[{"href":"https:\/\/stoic-curie.212-227-153-4.plesk.page\/hr\/wp-json\/wp\/v2\/types\/product"}],"replies":[{"embeddable":true,"href":"https:\/\/stoic-curie.212-227-153-4.plesk.page\/hr\/wp-json\/wp\/v2\/comments?post=3689699"}],"version-history":[{"count":0,"href":"https:\/\/stoic-curie.212-227-153-4.plesk.page\/hr\/wp-json\/wp\/v2\/product\/3689699\/revisions"}],"wp:featuredmedia":[{"embeddable":true,"href":"https:\/\/stoic-curie.212-227-153-4.plesk.page\/hr\/wp-json\/wp\/v2\/media\/5942629"}],"wp:attachment":[{"href":"https:\/\/stoic-curie.212-227-153-4.plesk.page\/hr\/wp-json\/wp\/v2\/media?parent=3689699"}],"wp:term":[{"taxonomy":"product_brand","embeddable":true,"href":"https:\/\/stoic-curie.212-227-153-4.plesk.page\/hr\/wp-json\/wp\/v2\/product_brand?post=3689699"},{"taxonomy":"product_cat","embeddable":true,"href":"https:\/\/stoic-curie.212-227-153-4.plesk.page\/hr\/wp-json\/wp\/v2\/product_cat?post=3689699"},{"taxonomy":"product_tag","embeddable":true,"href":"https:\/\/stoic-curie.212-227-153-4.plesk.page\/hr\/wp-json\/wp\/v2\/product_tag?post=3689699"}],"curies":[{"name":"wp","href":"https:\/\/api.w.org\/{rel}","templated":true}]}}