{"id":3689700,"date":"2025-10-13T13:39:30","date_gmt":"2025-10-13T17:39:30","guid":{"rendered":"https:\/\/stoic-curie.212-227-153-4.plesk.page\/product\/brana-za-miseve-za-privezni-konop\/"},"modified":"2026-02-25T00:00:56","modified_gmt":"2026-02-25T00:00:56","slug":"brana-za-miseve-za-privezni-konop","status":"publish","type":"product","link":"https:\/\/stoic-curie.212-227-153-4.plesk.page\/hr\/product\/brana-za-miseve-za-privezni-konop\/","title":{"rendered":"Brana za mi\u0161eve za privezni konop"},"content":{"rendered":"<p>Brana za mi\u0161eve za privezni konop &#8211; <\/p>\n<p>Prakti\u010dna i pouzdana oja\u010dana plasti\u010dna plo\u010da za sidrenje otporna na mi\u0161eve za konope promjera od 10 do 30 mm. Jednostavna i brza monta\u017ea zahvaljuju\u0107i posebnom adapteru za vi\u0161e veli\u010dina i magnetskoj bravi. Plo\u010da se lako fiksira na \u017eeljenu poziciju.<\/p>\n","protected":false},"excerpt":{"rendered":"<p>Brana za mi\u0161eve za privezni konop &#8211; Prakti\u010dna i pouzdana oja\u010dana plasti\u010dna plo\u010da za sidrenje otporna na mi\u0161eve za konope<\/p>\n","protected":false},"featured_media":5942633,"comment_status":"closed","ping_status":"closed","template":"","meta":[],"product_brand":[2861],"product_cat":[1613],"product_tag":[],"class_list":{"0":"post-3689700","1":"product","2":"type-product","3":"status-publish","4":"has-post-thumbnail","6":"product_brand-ceredi-hr","7":"product_cat-alati-za-rezanje","9":"first","10":"instock","11":"shipping-taxable","12":"purchasable","13":"product-type-simple"},"_links":{"self":[{"href":"https:\/\/stoic-curie.212-227-153-4.plesk.page\/hr\/wp-json\/wp\/v2\/product\/3689700","targetHints":{"allow":["GET"]}}],"collection":[{"href":"https:\/\/stoic-curie.212-227-153-4.plesk.page\/hr\/wp-json\/wp\/v2\/product"}],"about":[{"href":"https:\/\/stoic-curie.212-227-153-4.plesk.page\/hr\/wp-json\/wp\/v2\/types\/product"}],"replies":[{"embeddable":true,"href":"https:\/\/stoic-curie.212-227-153-4.plesk.page\/hr\/wp-json\/wp\/v2\/comments?post=3689700"}],"version-history":[{"count":0,"href":"https:\/\/stoic-curie.212-227-153-4.plesk.page\/hr\/wp-json\/wp\/v2\/product\/3689700\/revisions"}],"wp:featuredmedia":[{"embeddable":true,"href":"https:\/\/stoic-curie.212-227-153-4.plesk.page\/hr\/wp-json\/wp\/v2\/media\/5942633"}],"wp:attachment":[{"href":"https:\/\/stoic-curie.212-227-153-4.plesk.page\/hr\/wp-json\/wp\/v2\/media?parent=3689700"}],"wp:term":[{"taxonomy":"product_brand","embeddable":true,"href":"https:\/\/stoic-curie.212-227-153-4.plesk.page\/hr\/wp-json\/wp\/v2\/product_brand?post=3689700"},{"taxonomy":"product_cat","embeddable":true,"href":"https:\/\/stoic-curie.212-227-153-4.plesk.page\/hr\/wp-json\/wp\/v2\/product_cat?post=3689700"},{"taxonomy":"product_tag","embeddable":true,"href":"https:\/\/stoic-curie.212-227-153-4.plesk.page\/hr\/wp-json\/wp\/v2\/product_tag?post=3689700"}],"curies":[{"name":"wp","href":"https:\/\/api.w.org\/{rel}","templated":true}]}}