{"id":3689719,"date":"2025-10-13T13:39:36","date_gmt":"2025-10-13T17:39:36","guid":{"rendered":"https:\/\/stoic-curie.212-227-153-4.plesk.page\/product\/par-zjevaca-od-nehrdajuceg-celika-150x35-mm\/"},"modified":"2026-02-25T00:00:56","modified_gmt":"2026-02-25T00:00:56","slug":"par-zjevaca-od-nehrdajuceg-celika-150x35-mm","status":"publish","type":"product","link":"https:\/\/stoic-curie.212-227-153-4.plesk.page\/hr\/product\/par-zjevaca-od-nehrdajuceg-celika-150x35-mm\/","title":{"rendered":"Par zjeva\u010da od nehr\u0111aju\u0107eg \u010delika 150&#215;35 mm"},"content":{"rendered":"<p>Par zjeva\u010da od nehr\u0111aju\u0107eg \u010delika 150&#215;35 mm &#8211; <\/p>\n<p>Par (desna i lijeva) skene \u010dokova od nehr\u0111aju\u0107eg \u010delika. Osnova s 2 monta\u017ena otvora.<\/p>\n","protected":false},"excerpt":{"rendered":"<p>Par zjeva\u010da od nehr\u0111aju\u0107eg \u010delika 150&#215;35 mm &#8211; Par (desna i lijeva) skene \u010dokova od nehr\u0111aju\u0107eg \u010delika. Osnova s 2<\/p>\n","protected":false},"featured_media":5938411,"comment_status":"closed","ping_status":"closed","template":"","meta":[],"product_brand":[3121],"product_cat":[1677],"product_tag":[],"class_list":{"0":"post-3689719","1":"product","2":"type-product","3":"status-publish","4":"has-post-thumbnail","6":"product_brand-marinetech-hr","7":"product_cat-palubne-zjevace","9":"first","10":"instock","11":"shipping-taxable","12":"purchasable","13":"product-type-simple"},"_links":{"self":[{"href":"https:\/\/stoic-curie.212-227-153-4.plesk.page\/hr\/wp-json\/wp\/v2\/product\/3689719","targetHints":{"allow":["GET"]}}],"collection":[{"href":"https:\/\/stoic-curie.212-227-153-4.plesk.page\/hr\/wp-json\/wp\/v2\/product"}],"about":[{"href":"https:\/\/stoic-curie.212-227-153-4.plesk.page\/hr\/wp-json\/wp\/v2\/types\/product"}],"replies":[{"embeddable":true,"href":"https:\/\/stoic-curie.212-227-153-4.plesk.page\/hr\/wp-json\/wp\/v2\/comments?post=3689719"}],"version-history":[{"count":0,"href":"https:\/\/stoic-curie.212-227-153-4.plesk.page\/hr\/wp-json\/wp\/v2\/product\/3689719\/revisions"}],"wp:featuredmedia":[{"embeddable":true,"href":"https:\/\/stoic-curie.212-227-153-4.plesk.page\/hr\/wp-json\/wp\/v2\/media\/5938411"}],"wp:attachment":[{"href":"https:\/\/stoic-curie.212-227-153-4.plesk.page\/hr\/wp-json\/wp\/v2\/media?parent=3689719"}],"wp:term":[{"taxonomy":"product_brand","embeddable":true,"href":"https:\/\/stoic-curie.212-227-153-4.plesk.page\/hr\/wp-json\/wp\/v2\/product_brand?post=3689719"},{"taxonomy":"product_cat","embeddable":true,"href":"https:\/\/stoic-curie.212-227-153-4.plesk.page\/hr\/wp-json\/wp\/v2\/product_cat?post=3689719"},{"taxonomy":"product_tag","embeddable":true,"href":"https:\/\/stoic-curie.212-227-153-4.plesk.page\/hr\/wp-json\/wp\/v2\/product_tag?post=3689719"}],"curies":[{"name":"wp","href":"https:\/\/api.w.org\/{rel}","templated":true}]}}