{"id":3689725,"date":"2025-10-13T13:39:38","date_gmt":"2025-10-13T17:39:38","guid":{"rendered":"https:\/\/stoic-curie.212-227-153-4.plesk.page\/product\/jedrilicarske-rukavice-helly-hansen-full-velicina-xl\/"},"modified":"2026-02-25T00:00:56","modified_gmt":"2026-02-25T00:00:56","slug":"jedrilicarske-rukavice-helly-hansen-full-velicina-xl","status":"publish","type":"product","link":"https:\/\/stoic-curie.212-227-153-4.plesk.page\/hr\/product\/jedrilicarske-rukavice-helly-hansen-full-velicina-xl\/","title":{"rendered":"Jedrilicarske rukavice Helly Hansen Full &#8211; Velicina XL"},"content":{"rendered":"<p>Jedrilicarske rukavice Helly Hansen Full &#8211; Velicina XL &#8211; <\/p>\n<p>Izdr\u017eljive jedrili\u010darske rukavice Helly Hansen od platna s ergonomskom strukturom i podesivim zape\u0161\u0107em. Dostupne s 3\/4 kratkim prstima ili punim dugim prstima.<\/p>\n","protected":false},"excerpt":{"rendered":"<p>Jedrilicarske rukavice Helly Hansen Full &#8211; Velicina XL &#8211; Izdr\u017eljive jedrili\u010darske rukavice Helly Hansen od platna s ergonomskom strukturom i<\/p>\n","protected":false},"featured_media":5942768,"comment_status":"closed","ping_status":"closed","template":"","meta":[],"product_brand":[3001],"product_cat":[1857,1858],"product_tag":[],"class_list":{"0":"post-3689725","1":"product","2":"type-product","3":"status-publish","4":"has-post-thumbnail","6":"product_brand-helly-hansen-hr","7":"product_cat-jedrilicarska-odjeca-helly-hansen","8":"product_cat-rukavice-za-jedrenje","10":"first","11":"instock","12":"shipping-taxable","13":"purchasable","14":"product-type-simple"},"_links":{"self":[{"href":"https:\/\/stoic-curie.212-227-153-4.plesk.page\/hr\/wp-json\/wp\/v2\/product\/3689725","targetHints":{"allow":["GET"]}}],"collection":[{"href":"https:\/\/stoic-curie.212-227-153-4.plesk.page\/hr\/wp-json\/wp\/v2\/product"}],"about":[{"href":"https:\/\/stoic-curie.212-227-153-4.plesk.page\/hr\/wp-json\/wp\/v2\/types\/product"}],"replies":[{"embeddable":true,"href":"https:\/\/stoic-curie.212-227-153-4.plesk.page\/hr\/wp-json\/wp\/v2\/comments?post=3689725"}],"version-history":[{"count":0,"href":"https:\/\/stoic-curie.212-227-153-4.plesk.page\/hr\/wp-json\/wp\/v2\/product\/3689725\/revisions"}],"wp:featuredmedia":[{"embeddable":true,"href":"https:\/\/stoic-curie.212-227-153-4.plesk.page\/hr\/wp-json\/wp\/v2\/media\/5942768"}],"wp:attachment":[{"href":"https:\/\/stoic-curie.212-227-153-4.plesk.page\/hr\/wp-json\/wp\/v2\/media?parent=3689725"}],"wp:term":[{"taxonomy":"product_brand","embeddable":true,"href":"https:\/\/stoic-curie.212-227-153-4.plesk.page\/hr\/wp-json\/wp\/v2\/product_brand?post=3689725"},{"taxonomy":"product_cat","embeddable":true,"href":"https:\/\/stoic-curie.212-227-153-4.plesk.page\/hr\/wp-json\/wp\/v2\/product_cat?post=3689725"},{"taxonomy":"product_tag","embeddable":true,"href":"https:\/\/stoic-curie.212-227-153-4.plesk.page\/hr\/wp-json\/wp\/v2\/product_tag?post=3689725"}],"curies":[{"name":"wp","href":"https:\/\/api.w.org\/{rel}","templated":true}]}}