{"id":3689732,"date":"2025-10-13T13:39:40","date_gmt":"2025-10-13T17:39:40","guid":{"rendered":"https:\/\/stoic-curie.212-227-153-4.plesk.page\/product\/stabilizator-ljuljanja-davis\/"},"modified":"2026-02-25T00:00:56","modified_gmt":"2026-02-25T00:00:56","slug":"stabilizator-ljuljanja-davis","status":"publish","type":"product","link":"https:\/\/stoic-curie.212-227-153-4.plesk.page\/hr\/product\/stabilizator-ljuljanja-davis\/","title":{"rendered":"Stabilizator ljuljanja Davis"},"content":{"rendered":"<p>Stabilizator ljuljanja Davis &#8211; <\/p>\n<p>Prakti\u010dni, lagani i jednostavni za kori\u0161tenje hidrodinami\u010dki stabilizator. Sprje\u010dava valjanje i stabilizira \u010damac, mo\u017ee se koristiti i za smanjenje drifta. Idealno za usidrene ili prive\u017eene \u010damce i za plovke.<\/p>\n","protected":false},"excerpt":{"rendered":"<p>Stabilizator ljuljanja Davis &#8211; Prakti\u010dni, lagani i jednostavni za kori\u0161tenje hidrodinami\u010dki stabilizator. Sprje\u010dava valjanje i stabilizira \u010damac, mo\u017ee se koristiti<\/p>\n","protected":false},"featured_media":5942796,"comment_status":"closed","ping_status":"closed","template":"","meta":[],"product_brand":[2876],"product_cat":[1869],"product_tag":[],"class_list":{"0":"post-3689732","1":"product","2":"type-product","3":"status-publish","4":"has-post-thumbnail","6":"product_brand-davis-hr","7":"product_cat-plutajuca-sidra","9":"first","10":"outofstock","11":"shipping-taxable","12":"purchasable","13":"product-type-simple"},"_links":{"self":[{"href":"https:\/\/stoic-curie.212-227-153-4.plesk.page\/hr\/wp-json\/wp\/v2\/product\/3689732","targetHints":{"allow":["GET"]}}],"collection":[{"href":"https:\/\/stoic-curie.212-227-153-4.plesk.page\/hr\/wp-json\/wp\/v2\/product"}],"about":[{"href":"https:\/\/stoic-curie.212-227-153-4.plesk.page\/hr\/wp-json\/wp\/v2\/types\/product"}],"replies":[{"embeddable":true,"href":"https:\/\/stoic-curie.212-227-153-4.plesk.page\/hr\/wp-json\/wp\/v2\/comments?post=3689732"}],"version-history":[{"count":0,"href":"https:\/\/stoic-curie.212-227-153-4.plesk.page\/hr\/wp-json\/wp\/v2\/product\/3689732\/revisions"}],"wp:featuredmedia":[{"embeddable":true,"href":"https:\/\/stoic-curie.212-227-153-4.plesk.page\/hr\/wp-json\/wp\/v2\/media\/5942796"}],"wp:attachment":[{"href":"https:\/\/stoic-curie.212-227-153-4.plesk.page\/hr\/wp-json\/wp\/v2\/media?parent=3689732"}],"wp:term":[{"taxonomy":"product_brand","embeddable":true,"href":"https:\/\/stoic-curie.212-227-153-4.plesk.page\/hr\/wp-json\/wp\/v2\/product_brand?post=3689732"},{"taxonomy":"product_cat","embeddable":true,"href":"https:\/\/stoic-curie.212-227-153-4.plesk.page\/hr\/wp-json\/wp\/v2\/product_cat?post=3689732"},{"taxonomy":"product_tag","embeddable":true,"href":"https:\/\/stoic-curie.212-227-153-4.plesk.page\/hr\/wp-json\/wp\/v2\/product_tag?post=3689732"}],"curies":[{"name":"wp","href":"https:\/\/api.w.org\/{rel}","templated":true}]}}