{"id":3689736,"date":"2025-10-13T13:39:41","date_gmt":"2025-10-13T17:39:41","guid":{"rendered":"https:\/\/stoic-curie.212-227-153-4.plesk.page\/product\/sivi-plasticni-poklopci-can-marine-606-x-243mm\/"},"modified":"2026-02-25T00:00:56","modified_gmt":"2026-02-25T00:00:56","slug":"sivi-plasticni-poklopci-can-marine-606-x-243mm","status":"publish","type":"product","link":"https:\/\/stoic-curie.212-227-153-4.plesk.page\/hr\/product\/sivi-plasticni-poklopci-can-marine-606-x-243mm\/","title":{"rendered":"Sivi plasti\u010dni poklopci Can Marine 606 x 243mm"},"content":{"rendered":"<p>Sivi plasti\u010dni poklopci Can Marine 606 x 243mm &#8211; <\/p>\n<p>UV-otporna ABS ASA pristupna rupa s 180\u00b0 otvorenjem, hodljiva i vodonepropusna. <br \/> Rupa ima sustav dvostrukog otvaranja: klasi\u010dan i izvla\u010div. <br \/> Sustav izvla\u010denja omogu\u0107ava otvaranje rupe u uskim prostorima. Monta\u017ea na palubu ili pregradi.<\/p>\n","protected":false},"excerpt":{"rendered":"<p>Sivi plasti\u010dni poklopci Can Marine 606 x 243mm &#8211; UV-otporna ABS ASA pristupna rupa s 180\u00b0 otvorenjem, hodljiva i vodonepropusna.<\/p>\n","protected":false},"featured_media":5942803,"comment_status":"closed","ping_status":"closed","template":"","meta":[],"product_brand":[2856],"product_cat":[1695],"product_tag":[],"class_list":{"0":"post-3689736","1":"product","2":"type-product","3":"status-publish","4":"has-post-thumbnail","6":"product_brand-can-marine-hr","7":"product_cat-brodski-plasticni-otvori","9":"first","10":"instock","11":"shipping-taxable","12":"purchasable","13":"product-type-simple"},"_links":{"self":[{"href":"https:\/\/stoic-curie.212-227-153-4.plesk.page\/hr\/wp-json\/wp\/v2\/product\/3689736","targetHints":{"allow":["GET"]}}],"collection":[{"href":"https:\/\/stoic-curie.212-227-153-4.plesk.page\/hr\/wp-json\/wp\/v2\/product"}],"about":[{"href":"https:\/\/stoic-curie.212-227-153-4.plesk.page\/hr\/wp-json\/wp\/v2\/types\/product"}],"replies":[{"embeddable":true,"href":"https:\/\/stoic-curie.212-227-153-4.plesk.page\/hr\/wp-json\/wp\/v2\/comments?post=3689736"}],"version-history":[{"count":0,"href":"https:\/\/stoic-curie.212-227-153-4.plesk.page\/hr\/wp-json\/wp\/v2\/product\/3689736\/revisions"}],"wp:featuredmedia":[{"embeddable":true,"href":"https:\/\/stoic-curie.212-227-153-4.plesk.page\/hr\/wp-json\/wp\/v2\/media\/5942803"}],"wp:attachment":[{"href":"https:\/\/stoic-curie.212-227-153-4.plesk.page\/hr\/wp-json\/wp\/v2\/media?parent=3689736"}],"wp:term":[{"taxonomy":"product_brand","embeddable":true,"href":"https:\/\/stoic-curie.212-227-153-4.plesk.page\/hr\/wp-json\/wp\/v2\/product_brand?post=3689736"},{"taxonomy":"product_cat","embeddable":true,"href":"https:\/\/stoic-curie.212-227-153-4.plesk.page\/hr\/wp-json\/wp\/v2\/product_cat?post=3689736"},{"taxonomy":"product_tag","embeddable":true,"href":"https:\/\/stoic-curie.212-227-153-4.plesk.page\/hr\/wp-json\/wp\/v2\/product_tag?post=3689736"}],"curies":[{"name":"wp","href":"https:\/\/api.w.org\/{rel}","templated":true}]}}