{"id":3689737,"date":"2025-10-13T13:39:42","date_gmt":"2025-10-13T17:39:42","guid":{"rendered":"https:\/\/stoic-curie.212-227-153-4.plesk.page\/product\/sivi-plasticni-poklopci-can-marine-315-x-444-mm\/"},"modified":"2026-02-25T00:00:56","modified_gmt":"2026-02-25T00:00:56","slug":"sivi-plasticni-poklopci-can-marine-315-x-444-mm","status":"publish","type":"product","link":"https:\/\/stoic-curie.212-227-153-4.plesk.page\/hr\/product\/sivi-plasticni-poklopci-can-marine-315-x-444-mm\/","title":{"rendered":"Sivi plasti\u010dni poklopci Can Marine 315 x 444 mm"},"content":{"rendered":"<p>Sivi plasti\u010dni poklopci Can Marine 315 x 444 mm &#8211; <\/p>\n<p>UV-otpornija ABS ASA vrata za pristup s otvorom od 180\u00b0, pogodna za hodanje i vodootporna. Vrata sa dvostrukim sustavom otvaranja: klasi\u010dno i izvla\u010divo. Izvla\u010divi sustav omogu\u0107uje otvaranje vrata u uskim prostorima. Monta\u017ea na palubi ili pregradi.<\/p>\n","protected":false},"excerpt":{"rendered":"<p>Sivi plasti\u010dni poklopci Can Marine 315 x 444 mm &#8211; UV-otpornija ABS ASA vrata za pristup s otvorom od 180\u00b0,<\/p>\n","protected":false},"featured_media":5942803,"comment_status":"closed","ping_status":"closed","template":"","meta":[],"product_brand":[2856],"product_cat":[1695],"product_tag":[],"class_list":{"0":"post-3689737","1":"product","2":"type-product","3":"status-publish","4":"has-post-thumbnail","6":"product_brand-can-marine-hr","7":"product_cat-brodski-plasticni-otvori","9":"first","10":"instock","11":"shipping-taxable","12":"purchasable","13":"product-type-simple"},"_links":{"self":[{"href":"https:\/\/stoic-curie.212-227-153-4.plesk.page\/hr\/wp-json\/wp\/v2\/product\/3689737","targetHints":{"allow":["GET"]}}],"collection":[{"href":"https:\/\/stoic-curie.212-227-153-4.plesk.page\/hr\/wp-json\/wp\/v2\/product"}],"about":[{"href":"https:\/\/stoic-curie.212-227-153-4.plesk.page\/hr\/wp-json\/wp\/v2\/types\/product"}],"replies":[{"embeddable":true,"href":"https:\/\/stoic-curie.212-227-153-4.plesk.page\/hr\/wp-json\/wp\/v2\/comments?post=3689737"}],"version-history":[{"count":0,"href":"https:\/\/stoic-curie.212-227-153-4.plesk.page\/hr\/wp-json\/wp\/v2\/product\/3689737\/revisions"}],"wp:featuredmedia":[{"embeddable":true,"href":"https:\/\/stoic-curie.212-227-153-4.plesk.page\/hr\/wp-json\/wp\/v2\/media\/5942803"}],"wp:attachment":[{"href":"https:\/\/stoic-curie.212-227-153-4.plesk.page\/hr\/wp-json\/wp\/v2\/media?parent=3689737"}],"wp:term":[{"taxonomy":"product_brand","embeddable":true,"href":"https:\/\/stoic-curie.212-227-153-4.plesk.page\/hr\/wp-json\/wp\/v2\/product_brand?post=3689737"},{"taxonomy":"product_cat","embeddable":true,"href":"https:\/\/stoic-curie.212-227-153-4.plesk.page\/hr\/wp-json\/wp\/v2\/product_cat?post=3689737"},{"taxonomy":"product_tag","embeddable":true,"href":"https:\/\/stoic-curie.212-227-153-4.plesk.page\/hr\/wp-json\/wp\/v2\/product_tag?post=3689737"}],"curies":[{"name":"wp","href":"https:\/\/api.w.org\/{rel}","templated":true}]}}