{"id":3689738,"date":"2025-10-13T13:39:42","date_gmt":"2025-10-13T17:39:42","guid":{"rendered":"https:\/\/stoic-curie.212-227-153-4.plesk.page\/product\/kolotura-dvostruka-master-windrider-29-mm-za-konope-do-8-mm\/"},"modified":"2026-02-25T00:00:56","modified_gmt":"2026-02-25T00:00:56","slug":"kolotura-dvostruka-master-windrider-29-mm-za-konope-do-8-mm","status":"publish","type":"product","link":"https:\/\/stoic-curie.212-227-153-4.plesk.page\/hr\/product\/kolotura-dvostruka-master-windrider-29-mm-za-konope-do-8-mm\/","title":{"rendered":"Kolotura dvostruka Master windrider 29 mm za konope do 8 mm"},"content":{"rendered":"<p>Kolotura dvostruka Master windrider 29 mm za konope do 8 mm &#8211; <\/p>\n<p>Master kompozitni kugli\u010dni le\u017eajevi s niskim trenjem dizajnirani su za natjecateljsko jedrenje. Visoko jakosne kompozitne bo\u010dne plo\u010de pru\u017eaju vrhunske performanse pri radnim optere\u0107enjima. Prekrasan dizajn i jednostavna uporaba.<br \/>Kugli\u010dni le\u017eajevi: samolubrikantni acetalski kompozit<br \/>Promjer remenice 29 mm: samolubrikantni acetalski kompozit<br \/>\u010celjusti: oja\u010dani kompozit od staklenih vlakana i najlona UV stabiliziran<br \/>Rotiraju\u0107a kop\u010da: kovana od nehr\u0111aju\u0107eg \u010delika razreda 316<br \/>WL: Radno optere\u0107enje<br \/>BL: Raskidno optere\u0107enje<\/p>\n","protected":false},"excerpt":{"rendered":"<p>Kolotura dvostruka Master windrider 29 mm za konope do 8 mm &#8211; Master kompozitni kugli\u010dni le\u017eajevi s niskim trenjem dizajnirani<\/p>\n","protected":false},"featured_media":5942813,"comment_status":"closed","ping_status":"closed","template":"","meta":[],"product_brand":[3131],"product_cat":[1770],"product_tag":[],"class_list":{"0":"post-3689738","1":"product","2":"type-product","3":"status-publish","4":"has-post-thumbnail","6":"product_brand-master-hr","7":"product_cat-master-koloture-za-jedrilice","9":"first","10":"instock","11":"shipping-taxable","12":"purchasable","13":"product-type-simple"},"_links":{"self":[{"href":"https:\/\/stoic-curie.212-227-153-4.plesk.page\/hr\/wp-json\/wp\/v2\/product\/3689738","targetHints":{"allow":["GET"]}}],"collection":[{"href":"https:\/\/stoic-curie.212-227-153-4.plesk.page\/hr\/wp-json\/wp\/v2\/product"}],"about":[{"href":"https:\/\/stoic-curie.212-227-153-4.plesk.page\/hr\/wp-json\/wp\/v2\/types\/product"}],"replies":[{"embeddable":true,"href":"https:\/\/stoic-curie.212-227-153-4.plesk.page\/hr\/wp-json\/wp\/v2\/comments?post=3689738"}],"version-history":[{"count":0,"href":"https:\/\/stoic-curie.212-227-153-4.plesk.page\/hr\/wp-json\/wp\/v2\/product\/3689738\/revisions"}],"wp:featuredmedia":[{"embeddable":true,"href":"https:\/\/stoic-curie.212-227-153-4.plesk.page\/hr\/wp-json\/wp\/v2\/media\/5942813"}],"wp:attachment":[{"href":"https:\/\/stoic-curie.212-227-153-4.plesk.page\/hr\/wp-json\/wp\/v2\/media?parent=3689738"}],"wp:term":[{"taxonomy":"product_brand","embeddable":true,"href":"https:\/\/stoic-curie.212-227-153-4.plesk.page\/hr\/wp-json\/wp\/v2\/product_brand?post=3689738"},{"taxonomy":"product_cat","embeddable":true,"href":"https:\/\/stoic-curie.212-227-153-4.plesk.page\/hr\/wp-json\/wp\/v2\/product_cat?post=3689738"},{"taxonomy":"product_tag","embeddable":true,"href":"https:\/\/stoic-curie.212-227-153-4.plesk.page\/hr\/wp-json\/wp\/v2\/product_tag?post=3689738"}],"curies":[{"name":"wp","href":"https:\/\/api.w.org\/{rel}","templated":true}]}}