{"id":3689751,"date":"2025-10-13T13:39:45","date_gmt":"2025-10-13T17:39:45","guid":{"rendered":"https:\/\/stoic-curie.212-227-153-4.plesk.page\/product\/evo-push-to-close-zasun-za-zakljucavanje-kvadratni-45x45mm-nehrdajuci-celik\/"},"modified":"2026-02-25T00:00:56","modified_gmt":"2026-02-25T00:00:56","slug":"evo-push-to-close-zasun-za-zakljucavanje-kvadratni-45x45mm-nehrdajuci-celik","status":"publish","type":"product","link":"https:\/\/stoic-curie.212-227-153-4.plesk.page\/hr\/product\/evo-push-to-close-zasun-za-zakljucavanje-kvadratni-45x45mm-nehrdajuci-celik\/","title":{"rendered":"Evo Push-to-Close zasun za zakljucavanje kvadratni 45x45mm nehr\u0111aju\u0107i \u010delik"},"content":{"rendered":"<p>Evo Push-to-Close zasun za zakljucavanje kvadratni 45x45mm nehr\u0111aju\u0107i \u010delik &#8211; <\/p>\n<p>Polirani inoxni \u010delik, ugradnja ravno s vodonepropusnom brtvom.<\/p>\n","protected":false},"excerpt":{"rendered":"<p>Evo Push-to-Close zasun za zakljucavanje kvadratni 45x45mm nehr\u0111aju\u0107i \u010delik &#8211; Polirani inoxni \u010delik, ugradnja ravno s vodonepropusnom brtvom.<\/p>\n","protected":false},"featured_media":5942851,"comment_status":"closed","ping_status":"closed","template":"","meta":[],"product_brand":[3136],"product_cat":[1708,1687],"product_tag":[],"class_list":{"0":"post-3689751","1":"product","2":"type-product","3":"status-publish","4":"has-post-thumbnail","6":"product_brand-masterlock-hr","7":"product_cat-brave-za-vrata","8":"product_cat-brodski-zasuni","10":"first","11":"instock","12":"shipping-taxable","13":"purchasable","14":"product-type-simple"},"_links":{"self":[{"href":"https:\/\/stoic-curie.212-227-153-4.plesk.page\/hr\/wp-json\/wp\/v2\/product\/3689751","targetHints":{"allow":["GET"]}}],"collection":[{"href":"https:\/\/stoic-curie.212-227-153-4.plesk.page\/hr\/wp-json\/wp\/v2\/product"}],"about":[{"href":"https:\/\/stoic-curie.212-227-153-4.plesk.page\/hr\/wp-json\/wp\/v2\/types\/product"}],"replies":[{"embeddable":true,"href":"https:\/\/stoic-curie.212-227-153-4.plesk.page\/hr\/wp-json\/wp\/v2\/comments?post=3689751"}],"version-history":[{"count":0,"href":"https:\/\/stoic-curie.212-227-153-4.plesk.page\/hr\/wp-json\/wp\/v2\/product\/3689751\/revisions"}],"wp:featuredmedia":[{"embeddable":true,"href":"https:\/\/stoic-curie.212-227-153-4.plesk.page\/hr\/wp-json\/wp\/v2\/media\/5942851"}],"wp:attachment":[{"href":"https:\/\/stoic-curie.212-227-153-4.plesk.page\/hr\/wp-json\/wp\/v2\/media?parent=3689751"}],"wp:term":[{"taxonomy":"product_brand","embeddable":true,"href":"https:\/\/stoic-curie.212-227-153-4.plesk.page\/hr\/wp-json\/wp\/v2\/product_brand?post=3689751"},{"taxonomy":"product_cat","embeddable":true,"href":"https:\/\/stoic-curie.212-227-153-4.plesk.page\/hr\/wp-json\/wp\/v2\/product_cat?post=3689751"},{"taxonomy":"product_tag","embeddable":true,"href":"https:\/\/stoic-curie.212-227-153-4.plesk.page\/hr\/wp-json\/wp\/v2\/product_tag?post=3689751"}],"curies":[{"name":"wp","href":"https:\/\/api.w.org\/{rel}","templated":true}]}}