{"id":3689757,"date":"2025-10-13T13:39:47","date_gmt":"2025-10-13T17:39:47","guid":{"rendered":"https:\/\/stoic-curie.212-227-153-4.plesk.page\/product\/davis-kuka-za-bokobrane-tendera-22-25mm\/"},"modified":"2026-02-25T00:00:56","modified_gmt":"2026-02-25T00:00:56","slug":"davis-kuka-za-bokobrane-tendera-22-25mm","status":"publish","type":"product","link":"https:\/\/stoic-curie.212-227-153-4.plesk.page\/hr\/product\/davis-kuka-za-bokobrane-tendera-22-25mm\/","title":{"rendered":"Davis kuka za bokobrane tendera 22\/25mm"},"content":{"rendered":"<p>Davis kuka za bokobrane tendera 22\/25mm &#8211; <\/p>\n<p>Nylonovski UV-otpornici univerzalni nosa\u010di fendera. Lako se pri\u010dvr\u0161\u0107uju za bilo koju ivicu, poput bo\u010dnih prozora, ru\u010dki, klampe, ograde (22\/25 mm) i sigurnosnih u\u017eadi (6\/9 mm).<\/p>\n","protected":false},"excerpt":{"rendered":"<p>Davis kuka za bokobrane tendera 22\/25mm &#8211; Nylonovski UV-otpornici univerzalni nosa\u010di fendera. Lako se pri\u010dvr\u0161\u0107uju za bilo koju ivicu, poput<\/p>\n","protected":false},"featured_media":5942858,"comment_status":"closed","ping_status":"closed","template":"","meta":[],"product_brand":[2876],"product_cat":[1847],"product_tag":[],"class_list":{"0":"post-3689757","1":"product","2":"type-product","3":"status-publish","4":"has-post-thumbnail","6":"product_brand-davis-hr","7":"product_cat-pribor-za-bokobrane","9":"first","10":"instock","11":"shipping-taxable","12":"purchasable","13":"product-type-simple"},"_links":{"self":[{"href":"https:\/\/stoic-curie.212-227-153-4.plesk.page\/hr\/wp-json\/wp\/v2\/product\/3689757","targetHints":{"allow":["GET"]}}],"collection":[{"href":"https:\/\/stoic-curie.212-227-153-4.plesk.page\/hr\/wp-json\/wp\/v2\/product"}],"about":[{"href":"https:\/\/stoic-curie.212-227-153-4.plesk.page\/hr\/wp-json\/wp\/v2\/types\/product"}],"replies":[{"embeddable":true,"href":"https:\/\/stoic-curie.212-227-153-4.plesk.page\/hr\/wp-json\/wp\/v2\/comments?post=3689757"}],"version-history":[{"count":0,"href":"https:\/\/stoic-curie.212-227-153-4.plesk.page\/hr\/wp-json\/wp\/v2\/product\/3689757\/revisions"}],"wp:featuredmedia":[{"embeddable":true,"href":"https:\/\/stoic-curie.212-227-153-4.plesk.page\/hr\/wp-json\/wp\/v2\/media\/5942858"}],"wp:attachment":[{"href":"https:\/\/stoic-curie.212-227-153-4.plesk.page\/hr\/wp-json\/wp\/v2\/media?parent=3689757"}],"wp:term":[{"taxonomy":"product_brand","embeddable":true,"href":"https:\/\/stoic-curie.212-227-153-4.plesk.page\/hr\/wp-json\/wp\/v2\/product_brand?post=3689757"},{"taxonomy":"product_cat","embeddable":true,"href":"https:\/\/stoic-curie.212-227-153-4.plesk.page\/hr\/wp-json\/wp\/v2\/product_cat?post=3689757"},{"taxonomy":"product_tag","embeddable":true,"href":"https:\/\/stoic-curie.212-227-153-4.plesk.page\/hr\/wp-json\/wp\/v2\/product_tag?post=3689757"}],"curies":[{"name":"wp","href":"https:\/\/api.w.org\/{rel}","templated":true}]}}