{"id":3689760,"date":"2025-10-13T13:39:48","date_gmt":"2025-10-13T17:39:48","guid":{"rendered":"https:\/\/stoic-curie.212-227-153-4.plesk.page\/product\/tlacni-prekidac-za-pumpe-za-pritisak-vode-serije-colflo-midi\/"},"modified":"2026-02-25T00:00:56","modified_gmt":"2026-02-25T00:00:56","slug":"tlacni-prekidac-za-pumpe-za-pritisak-vode-serije-colflo-midi","status":"publish","type":"product","link":"https:\/\/stoic-curie.212-227-153-4.plesk.page\/hr\/product\/tlacni-prekidac-za-pumpe-za-pritisak-vode-serije-colflo-midi\/","title":{"rendered":"Tla\u010dni prekida\u010d za pumpe za pritisak vode serije Colflo Midi"},"content":{"rendered":"<p>Tla\u010dni prekida\u010d za pumpe za pritisak vode serije Colflo Midi &#8211; <\/p>\n<p>Membranske pumpe ColFlo s automatskim usisavanjem do 2,7 metara, za sudopere i tu\u0161eve, prikladne za 1 do 3 ure\u0111aja. Dolaze s filtrima, 3\/4&#8243; navojnim spojnicama i 14 mm spojevima za cijev do crijeva.<\/p>\n","protected":false},"excerpt":{"rendered":"<p>Tla\u010dni prekida\u010d za pumpe za pritisak vode serije Colflo Midi &#8211; Membranske pumpe ColFlo s automatskim usisavanjem do 2,7 metara,<\/p>\n","protected":false},"featured_media":5942866,"comment_status":"closed","ping_status":"closed","template":"","meta":[],"product_brand":[3326],"product_cat":[1660],"product_tag":[],"class_list":{"0":"post-3689760","1":"product","2":"type-product","3":"status-publish","4":"has-post-thumbnail","6":"product_brand-rule-hr","7":"product_cat-pumpe-za-tlak-vode","9":"first","10":"instock","11":"shipping-taxable","12":"purchasable","13":"product-type-simple"},"_links":{"self":[{"href":"https:\/\/stoic-curie.212-227-153-4.plesk.page\/hr\/wp-json\/wp\/v2\/product\/3689760","targetHints":{"allow":["GET"]}}],"collection":[{"href":"https:\/\/stoic-curie.212-227-153-4.plesk.page\/hr\/wp-json\/wp\/v2\/product"}],"about":[{"href":"https:\/\/stoic-curie.212-227-153-4.plesk.page\/hr\/wp-json\/wp\/v2\/types\/product"}],"replies":[{"embeddable":true,"href":"https:\/\/stoic-curie.212-227-153-4.plesk.page\/hr\/wp-json\/wp\/v2\/comments?post=3689760"}],"version-history":[{"count":0,"href":"https:\/\/stoic-curie.212-227-153-4.plesk.page\/hr\/wp-json\/wp\/v2\/product\/3689760\/revisions"}],"wp:featuredmedia":[{"embeddable":true,"href":"https:\/\/stoic-curie.212-227-153-4.plesk.page\/hr\/wp-json\/wp\/v2\/media\/5942866"}],"wp:attachment":[{"href":"https:\/\/stoic-curie.212-227-153-4.plesk.page\/hr\/wp-json\/wp\/v2\/media?parent=3689760"}],"wp:term":[{"taxonomy":"product_brand","embeddable":true,"href":"https:\/\/stoic-curie.212-227-153-4.plesk.page\/hr\/wp-json\/wp\/v2\/product_brand?post=3689760"},{"taxonomy":"product_cat","embeddable":true,"href":"https:\/\/stoic-curie.212-227-153-4.plesk.page\/hr\/wp-json\/wp\/v2\/product_cat?post=3689760"},{"taxonomy":"product_tag","embeddable":true,"href":"https:\/\/stoic-curie.212-227-153-4.plesk.page\/hr\/wp-json\/wp\/v2\/product_tag?post=3689760"}],"curies":[{"name":"wp","href":"https:\/\/api.w.org\/{rel}","templated":true}]}}