{"id":3689763,"date":"2025-10-13T13:39:49","date_gmt":"2025-10-13T17:39:49","guid":{"rendered":"https:\/\/stoic-curie.212-227-153-4.plesk.page\/product\/odvod-od-nehrdajuceg-celika-d38\/"},"modified":"2026-02-25T00:00:56","modified_gmt":"2026-02-25T00:00:56","slug":"odvod-od-nehrdajuceg-celika-d38","status":"publish","type":"product","link":"https:\/\/stoic-curie.212-227-153-4.plesk.page\/hr\/product\/odvod-od-nehrdajuceg-celika-d38\/","title":{"rendered":"Odvod od nehr\u0111aju\u0107eg \u010delika D38"},"content":{"rendered":"<p>Odvod od nehr\u0111aju\u0107eg \u010delika D38 &#8211; <\/p>\n<p>Odvodnja od nehr\u0111aju\u0107eg \u010delika za palubu i kokpit s izvla\u010dnom re\u0161etkom. Spoj za crijeva promjera 50 mm.<\/p>\n","protected":false},"excerpt":{"rendered":"<p>Odvod od nehr\u0111aju\u0107eg \u010delika D38 &#8211; Odvodnja od nehr\u0111aju\u0107eg \u010delika za palubu i kokpit s izvla\u010dnom re\u0161etkom. Spoj za crijeva<\/p>\n","protected":false},"featured_media":5942871,"comment_status":"closed","ping_status":"closed","template":"","meta":[],"product_brand":[3356],"product_cat":[1652,1667],"product_tag":[],"class_list":{"0":"post-3689763","1":"product","2":"type-product","3":"status-publish","4":"has-post-thumbnail","6":"product_brand-seaflow-hr","7":"product_cat-brodski-tusevi","8":"product_cat-odvodni-cepovi","10":"first","11":"instock","12":"shipping-taxable","13":"purchasable","14":"product-type-simple"},"_links":{"self":[{"href":"https:\/\/stoic-curie.212-227-153-4.plesk.page\/hr\/wp-json\/wp\/v2\/product\/3689763","targetHints":{"allow":["GET"]}}],"collection":[{"href":"https:\/\/stoic-curie.212-227-153-4.plesk.page\/hr\/wp-json\/wp\/v2\/product"}],"about":[{"href":"https:\/\/stoic-curie.212-227-153-4.plesk.page\/hr\/wp-json\/wp\/v2\/types\/product"}],"replies":[{"embeddable":true,"href":"https:\/\/stoic-curie.212-227-153-4.plesk.page\/hr\/wp-json\/wp\/v2\/comments?post=3689763"}],"version-history":[{"count":0,"href":"https:\/\/stoic-curie.212-227-153-4.plesk.page\/hr\/wp-json\/wp\/v2\/product\/3689763\/revisions"}],"wp:featuredmedia":[{"embeddable":true,"href":"https:\/\/stoic-curie.212-227-153-4.plesk.page\/hr\/wp-json\/wp\/v2\/media\/5942871"}],"wp:attachment":[{"href":"https:\/\/stoic-curie.212-227-153-4.plesk.page\/hr\/wp-json\/wp\/v2\/media?parent=3689763"}],"wp:term":[{"taxonomy":"product_brand","embeddable":true,"href":"https:\/\/stoic-curie.212-227-153-4.plesk.page\/hr\/wp-json\/wp\/v2\/product_brand?post=3689763"},{"taxonomy":"product_cat","embeddable":true,"href":"https:\/\/stoic-curie.212-227-153-4.plesk.page\/hr\/wp-json\/wp\/v2\/product_cat?post=3689763"},{"taxonomy":"product_tag","embeddable":true,"href":"https:\/\/stoic-curie.212-227-153-4.plesk.page\/hr\/wp-json\/wp\/v2\/product_tag?post=3689763"}],"curies":[{"name":"wp","href":"https:\/\/api.w.org\/{rel}","templated":true}]}}