{"id":3689766,"date":"2025-10-13T13:39:50","date_gmt":"2025-10-13T17:39:50","guid":{"rendered":"https:\/\/stoic-curie.212-227-153-4.plesk.page\/product\/indikator-razine-goriva-crni-ecms-52mm\/"},"modified":"2026-02-25T00:00:56","modified_gmt":"2026-02-25T00:00:56","slug":"indikator-razine-goriva-crni-ecms-52mm","status":"publish","type":"product","link":"https:\/\/stoic-curie.212-227-153-4.plesk.page\/hr\/product\/indikator-razine-goriva-crni-ecms-52mm\/","title":{"rendered":"Indikator razine goriva Crni ECMS 52mm"},"content":{"rendered":"<p>Indikator razine goriva Crni ECMS 52mm &#8211; <\/p>\n<p>Ecms 12\/24V potpuno crni mjera\u010di, uklju\u010deni s povezanim Molex konektorom. Crni nehr\u0111aju\u0107i \u010delik i crna plo\u010da. Vodootporna IP67 za\u0161ti\u0107ena, zaobljena, otporna na maglu le\u0107a. Prilagodljiv vi\u0161ebojni LED osvijetljen broj\u010danik. Razini mjera\u010di mogu se postaviti na bilo koju vrijednost impedancije koriste\u0107i gumb za konfiguraciju na stra\u017enjoj strani. Fabr\u010dki su postavljeni na standardnu vrijednost 0-190 Ohm. Vodootporni uljni manometri od 5 i 10 bara kompatibilni su sa standardnim senzorima (10-180 Ohm), dok je onaj od 30 bara kompatibilan samo s elektroni\u010dkim senzorima (0,5-4,5V). Amperi su potpuno opremljeni senzorom (shunt) za mjerenje struje.<\/p>\n","protected":false},"excerpt":{"rendered":"<p>Indikator razine goriva Crni ECMS 52mm &#8211; Ecms 12\/24V potpuno crni mjera\u010di, uklju\u010deni s povezanim Molex konektorom. Crni nehr\u0111aju\u0107i \u010delik<\/p>\n","protected":false},"featured_media":5942910,"comment_status":"closed","ping_status":"closed","template":"","meta":[],"product_brand":[2911],"product_cat":[1811,1782],"product_tag":[],"class_list":{"0":"post-3689766","1":"product","2":"type-product","3":"status-publish","4":"has-post-thumbnail","6":"product_brand-ecms-marine-hr","7":"product_cat-brodski-mjerni-instrumenti-ecms-a","8":"product_cat-mjeraci-razine-goriva-i-davaci","10":"first","11":"instock","12":"shipping-taxable","13":"purchasable","14":"product-type-simple"},"_links":{"self":[{"href":"https:\/\/stoic-curie.212-227-153-4.plesk.page\/hr\/wp-json\/wp\/v2\/product\/3689766","targetHints":{"allow":["GET"]}}],"collection":[{"href":"https:\/\/stoic-curie.212-227-153-4.plesk.page\/hr\/wp-json\/wp\/v2\/product"}],"about":[{"href":"https:\/\/stoic-curie.212-227-153-4.plesk.page\/hr\/wp-json\/wp\/v2\/types\/product"}],"replies":[{"embeddable":true,"href":"https:\/\/stoic-curie.212-227-153-4.plesk.page\/hr\/wp-json\/wp\/v2\/comments?post=3689766"}],"version-history":[{"count":0,"href":"https:\/\/stoic-curie.212-227-153-4.plesk.page\/hr\/wp-json\/wp\/v2\/product\/3689766\/revisions"}],"wp:featuredmedia":[{"embeddable":true,"href":"https:\/\/stoic-curie.212-227-153-4.plesk.page\/hr\/wp-json\/wp\/v2\/media\/5942910"}],"wp:attachment":[{"href":"https:\/\/stoic-curie.212-227-153-4.plesk.page\/hr\/wp-json\/wp\/v2\/media?parent=3689766"}],"wp:term":[{"taxonomy":"product_brand","embeddable":true,"href":"https:\/\/stoic-curie.212-227-153-4.plesk.page\/hr\/wp-json\/wp\/v2\/product_brand?post=3689766"},{"taxonomy":"product_cat","embeddable":true,"href":"https:\/\/stoic-curie.212-227-153-4.plesk.page\/hr\/wp-json\/wp\/v2\/product_cat?post=3689766"},{"taxonomy":"product_tag","embeddable":true,"href":"https:\/\/stoic-curie.212-227-153-4.plesk.page\/hr\/wp-json\/wp\/v2\/product_tag?post=3689766"}],"curies":[{"name":"wp","href":"https:\/\/api.w.org\/{rel}","templated":true}]}}